{"id":20540,"date":"2020-07-31T15:20:43","date_gmt":"2020-07-31T15:20:43","guid":{"rendered":"https:\/\/kdc1000.wpengine.com\/?page_id=20540"},"modified":"2020-12-29T22:41:38","modified_gmt":"2020-12-29T22:41:38","slug":"jobs-and-hiring-portal","status":"publish","type":"page","link":"https:\/\/www.kansascommerce.gov\/es\/covid19response\/jobs-and-hiring-portal\/","title":{"rendered":"Portal de empleo y contrataci\u00f3n"},"content":{"rendered":"<div class=\"hero-block hero-block--simple\" >\n\n        <div class=\"breadcrumb_wrapper\">\n                                                <a href=\"https:\/\/www.kansascommerce.gov\/es\/\">Inicio<\/a> \/\n                                                                <a href=\"https:\/\/www.kansascommerce.gov\/es\/covid19response\/\">COVID-19 Respuesta<\/a> \/\n                                                                <span>Portal de empleo y contrataci\u00f3n<\/span>\n                                    <\/div>\n\n        <div class=\"container h-100\">\n            <div class=\"row align-items-center h-100\">\n                <div class=\"col-12 content\">\n                    <div>\n\n<h1 class=\"wp-block-heading\" id=\"h-covid-19-jobs-hiring-portal\">COVID-19 Portal de empleo y contrataci\u00f3n<\/h1>\n\n\n\n<p><\/p>\n\n<\/div>\n                <\/div>\n            <\/div>\n        <\/div>\n    <\/div>\n    \n\n    <div class=\"container\">            <div class=\"wrapper-block\" style=\"                                                                                                                                    \">\n        \n\n<p>COVID-19 ha creado desaf\u00edos para los trabajadores y las empresas en todo Kansas. Pero, donde hay desaf\u00edos, tambi\u00e9n hay oportunidades. Las empresas de todo Kansas necesitan miles de trabajadores para su contrataci\u00f3n inmediata en respuesta a COVID-19. Este sitio web est\u00e1 dise\u00f1ado para conectar a los trabajadores de Kansas con las empresas de Kansas que tienen necesidades urgentes de contrataci\u00f3n debido al brote de coronavirus en nuestro estado.<\/p>\n\n\n\n<p><strong>BUSCADORES DE EMPLEO<\/strong>: Despl\u00e1cese por las ofertas de empleo de las empresas m\u00e1s importantes del Estado. Los anuncios incluyen informaci\u00f3n detallada sobre c\u00f3mo solicitar cada puesto. Cada d\u00eda se a\u00f1aden nuevos puestos de trabajo, as\u00ed que compruebe con frecuencia si hay oportunidades que coincidan con sus intereses. Para obtener una lista completa de puestos de trabajo en Kansas, o para hablar con un especialista en mano de obra sobre las oportunidades de empleo en el estado, visite&nbsp;<a href=\"https:\/\/www.kansasworks.com\/ada\/r\/\" target=\"_blank\" rel=\"noreferrer noopener\">kansasworks.com<\/a>.<\/p>\n\n\n\n<p><strong>NEGOCIOS:<\/strong>&nbsp;Si usted es una empresa esencial con necesidades de contrataci\u00f3n relacionadas con COVID-19, puede&nbsp;<a href=\"https:\/\/www.kansascommerce.gov\/es\/covid-19-response\/jobs-and-hiring-portal\/hiring-intake-form\/\">publique aqu\u00ed sus ofertas de empleo<\/a>. El sitio web se actualiza a diario con nuevos puestos, y publicar no tiene coste alguno.<\/p>\n\n\n        <div class=\"clearfix\"><\/div>\n    <\/div>\n    <\/div>\n\n            \n\n<div class=\"job-portal\">\n\n    <div class=\"hero-block hero-block--simple\">\n        <div class=\"container h-100\">\n            <div class=\"row justify-content-center align-items-center h-100\">\n                <div class=\"col-12 content light_form\">\n\n                    <form id=\"job-listing\" class=\"row align-items-center justify-content-between\" action=\"https:\/\/www.kansascommerce.gov\/es\/covid19response\/jobs-and-hiring-portal\/#job-listing\" method=\"get\" data-trp-original-action=\"https:\/\/www.kansascommerce.gov\/es\/covid19response\/jobs-and-hiring-portal\/#job-listing\">\n\n                        <div class=\"col-8 col-sm-9 col-md-10 col-lg-11\">\n                            <label for=\"industry\" class=\"styled-select\"><span class=\"label\">Filtrar por sector<\/span>\n                                <select name=\"ind\" id=\"industry\" class=\"medium gfield_select\" >\n                                    <option value=\"\">Seleccionar sector<\/option>\n                                    <option value=\"Grocery stores and food delivery\" >Tiendas de comestibles y reparto de comida<\/option>\n                                    <option value=\"Essential retail\" >Venta al por menor esencial<\/option>\n                                    <option value=\"Health care and human services\" >Sanidad y servicios humanos<\/option>\n                                    <option value=\"Shipping, logistics and transportation\" >Env\u00edo, log\u00edstica y transporte\n                                    <\/option>\n                                    <option value=\"Janitorial\" >Conserjer\u00eda<\/option>\n                                    <option value=\"Other essential businesses\" >Otras empresas esenciales<\/option>\n                                <\/select>\n                            <\/label>\n                        <\/div>\n                        <div class=\"col-4 col-sm-3 col-md-2 col-lg-1\">\n                            <button class=\"btn w-100 remove-margin\" type=\"submit\">Filtro<\/button>\n                        <\/div>\n                    <input type=\"hidden\" name=\"trp-form-language\" value=\"es\"\/><\/form>\n\n                <\/div>\n            <\/div>\n        <\/div>\n    <\/div>\n\n\n\n    <div class=\"container post-body\">\n\n        <div class=\"row align-items-stretch justify-content-start\">\n\n                    <\/div>\n    <\/div>\n\n<\/div>","protected":false},"excerpt":{"rendered":"","protected":false},"author":20,"featured_media":0,"parent":24560,"menu_order":227,"comment_status":"closed","ping_status":"closed","template":"","meta":{"_acf_changed":false,"_eb_attr":"","_monsterinsights_skip_tracking":false,"_monsterinsights_sitenote_active":false,"_monsterinsights_sitenote_note":"","_monsterinsights_sitenote_category":0,"footnotes":""},"class_list":["post-20540","page","type-page","status-publish","hentry"],"acf":[],"yoast_head":"<!-- This site is optimized with the Yoast SEO Premium plugin v19.5 (Yoast SEO v27.1.1) - https:\/\/yoast.com\/product\/yoast-seo-premium-wordpress\/ -->\n<title>COVID-19 Response - Jobs and Hiring Portal<\/title>\n<meta name=\"description\" content=\"The Kansas Department of Commerce is connecting Kansas workers with Kansas companies who have urgent hiring needs due to the coronavirus outbreak in our state.\" \/>\n<meta name=\"robots\" content=\"index, follow, max-snippet:-1, max-image-preview:large, max-video-preview:-1\" \/>\n<link rel=\"canonical\" href=\"https:\/\/www.kansascommerce.gov\/es\/covid19response\/jobs-and-hiring-portal\/\" \/>\n<meta property=\"og:locale\" content=\"es_ES\" \/>\n<meta property=\"og:type\" content=\"article\" \/>\n<meta property=\"og:title\" content=\"Jobs and Hiring Portal\" \/>\n<meta property=\"og:description\" content=\"The Kansas Department of Commerce is connecting Kansas workers with Kansas companies who have urgent hiring needs due to the coronavirus outbreak in our state.\" \/>\n<meta property=\"og:url\" content=\"https:\/\/www.kansascommerce.gov\/es\/covid19response\/jobs-and-hiring-portal\/\" \/>\n<meta property=\"og:site_name\" content=\"Kansas Department of Commerce\" \/>\n<meta property=\"article:publisher\" content=\"https:\/\/www.facebook.com\/KansasCommerce\/\" \/>\n<meta property=\"article:modified_time\" content=\"2020-12-29T22:41:38+00:00\" \/>\n<meta property=\"og:image\" content=\"https:\/\/www.kansascommerce.gov\/wp-content\/uploads\/2020\/09\/KDC_OG-MEta.jpg\" \/>\n\t<meta property=\"og:image:width\" content=\"1200\" \/>\n\t<meta property=\"og:image:height\" content=\"630\" \/>\n\t<meta property=\"og:image:type\" content=\"image\/jpeg\" \/>\n<meta name=\"twitter:card\" content=\"summary_large_image\" \/>\n<meta name=\"twitter:site\" content=\"@KansasCommerce\" \/>\n<meta name=\"twitter:label1\" content=\"Tiempo de lectura\" \/>\n\t<meta name=\"twitter:data1\" content=\"1 minuto\" \/>\n<script type=\"application\/ld+json\" class=\"yoast-schema-graph\">{\"@context\":\"https:\/\/schema.org\",\"@graph\":[{\"@type\":\"WebPage\",\"@id\":\"https:\/\/www.kansascommerce.gov\/covid19response\/jobs-and-hiring-portal\/\",\"url\":\"https:\/\/www.kansascommerce.gov\/covid19response\/jobs-and-hiring-portal\/\",\"name\":\"COVID-19 Response - Jobs and Hiring Portal\",\"isPartOf\":{\"@id\":\"https:\/\/www.kansascommerce.gov\/#website\"},\"datePublished\":\"2020-07-31T15:20:43+00:00\",\"dateModified\":\"2020-12-29T22:41:38+00:00\",\"description\":\"The Kansas Department of Commerce is connecting Kansas workers with Kansas companies who have urgent hiring needs due to the coronavirus outbreak in our state.\",\"breadcrumb\":{\"@id\":\"https:\/\/www.kansascommerce.gov\/covid19response\/jobs-and-hiring-portal\/#breadcrumb\"},\"inLanguage\":\"es\",\"potentialAction\":[{\"@type\":\"ReadAction\",\"target\":[\"https:\/\/www.kansascommerce.gov\/covid19response\/jobs-and-hiring-portal\/\"]}]},{\"@type\":\"BreadcrumbList\",\"@id\":\"https:\/\/www.kansascommerce.gov\/covid19response\/jobs-and-hiring-portal\/#breadcrumb\",\"itemListElement\":[{\"@type\":\"ListItem\",\"position\":1,\"name\":\"Home\",\"item\":\"https:\/\/www.kansascommerce.gov\/\"},{\"@type\":\"ListItem\",\"position\":2,\"name\":\"COVID-19 Response\",\"item\":\"https:\/\/www.kansascommerce.gov\/covid19response\/\"},{\"@type\":\"ListItem\",\"position\":3,\"name\":\"Jobs and Hiring Portal\"}]},{\"@type\":\"WebSite\",\"@id\":\"https:\/\/www.kansascommerce.gov\/#website\",\"url\":\"https:\/\/www.kansascommerce.gov\/\",\"name\":\"Kansas Department of Commerce\",\"description\":\"Empowering Prosperity\",\"publisher\":{\"@id\":\"https:\/\/www.kansascommerce.gov\/#organization\"},\"potentialAction\":[{\"@type\":\"SearchAction\",\"target\":{\"@type\":\"EntryPoint\",\"urlTemplate\":\"https:\/\/www.kansascommerce.gov\/?s={search_term_string}\"},\"query-input\":{\"@type\":\"PropertyValueSpecification\",\"valueRequired\":true,\"valueName\":\"search_term_string\"}}],\"inLanguage\":\"es\"},{\"@type\":\"Organization\",\"@id\":\"https:\/\/www.kansascommerce.gov\/#organization\",\"name\":\"Kansas Department of Commerce\",\"url\":\"https:\/\/www.kansascommerce.gov\/\",\"logo\":{\"@type\":\"ImageObject\",\"inLanguage\":\"es\",\"@id\":\"https:\/\/www.kansascommerce.gov\/#\/schema\/logo\/image\/\",\"url\":\"https:\/\/www.kansascommerce.gov\/wp-content\/uploads\/2020\/07\/kdc_logo.png\",\"contentUrl\":\"https:\/\/www.kansascommerce.gov\/wp-content\/uploads\/2020\/07\/kdc_logo.png\",\"width\":600,\"height\":347,\"caption\":\"Kansas Department of Commerce\"},\"image\":{\"@id\":\"https:\/\/www.kansascommerce.gov\/#\/schema\/logo\/image\/\"},\"sameAs\":[\"https:\/\/www.facebook.com\/KansasCommerce\/\",\"https:\/\/x.com\/KansasCommerce\",\"https:\/\/www.linkedin.com\/company\/kansas-department-of-commerce\/\"]}]}<\/script>\n<!-- \/ Yoast SEO Premium plugin. -->","yoast_head_json":{"title":"COVID-19 Response - Jobs and Hiring Portal","description":"The Kansas Department of Commerce is connecting Kansas workers with Kansas companies who have urgent hiring needs due to the coronavirus outbreak in our state.","robots":{"index":"index","follow":"follow","max-snippet":"max-snippet:-1","max-image-preview":"max-image-preview:large","max-video-preview":"max-video-preview:-1"},"canonical":"https:\/\/www.kansascommerce.gov\/es\/covid19response\/jobs-and-hiring-portal\/","og_locale":"es_ES","og_type":"article","og_title":"Jobs and Hiring Portal","og_description":"The Kansas Department of Commerce is connecting Kansas workers with Kansas companies who have urgent hiring needs due to the coronavirus outbreak in our state.","og_url":"https:\/\/www.kansascommerce.gov\/es\/covid19response\/jobs-and-hiring-portal\/","og_site_name":"Kansas Department of Commerce","article_publisher":"https:\/\/www.facebook.com\/KansasCommerce\/","article_modified_time":"2020-12-29T22:41:38+00:00","og_image":[{"width":1200,"height":630,"url":"https:\/\/www.kansascommerce.gov\/wp-content\/uploads\/2020\/09\/KDC_OG-MEta.jpg","type":"image\/jpeg"}],"twitter_card":"summary_large_image","twitter_site":"@KansasCommerce","twitter_misc":{"Tiempo de lectura":"1 minuto"},"schema":{"@context":"https:\/\/schema.org","@graph":[{"@type":"WebPage","@id":"https:\/\/www.kansascommerce.gov\/covid19response\/jobs-and-hiring-portal\/","url":"https:\/\/www.kansascommerce.gov\/covid19response\/jobs-and-hiring-portal\/","name":"COVID-19 Response - Jobs and Hiring Portal","isPartOf":{"@id":"https:\/\/www.kansascommerce.gov\/#website"},"datePublished":"2020-07-31T15:20:43+00:00","dateModified":"2020-12-29T22:41:38+00:00","description":"The Kansas Department of Commerce is connecting Kansas workers with Kansas companies who have urgent hiring needs due to the coronavirus outbreak in our state.","breadcrumb":{"@id":"https:\/\/www.kansascommerce.gov\/covid19response\/jobs-and-hiring-portal\/#breadcrumb"},"inLanguage":"es","potentialAction":[{"@type":"ReadAction","target":["https:\/\/www.kansascommerce.gov\/covid19response\/jobs-and-hiring-portal\/"]}]},{"@type":"BreadcrumbList","@id":"https:\/\/www.kansascommerce.gov\/covid19response\/jobs-and-hiring-portal\/#breadcrumb","itemListElement":[{"@type":"ListItem","position":1,"name":"Home","item":"https:\/\/www.kansascommerce.gov\/"},{"@type":"ListItem","position":2,"name":"COVID-19 Response","item":"https:\/\/www.kansascommerce.gov\/covid19response\/"},{"@type":"ListItem","position":3,"name":"Jobs and Hiring Portal"}]},{"@type":"WebSite","@id":"https:\/\/www.kansascommerce.gov\/#website","url":"https:\/\/www.kansascommerce.gov\/","name":"Departamento de Comercio de Kansas","description":"Fomentar la prosperidad","publisher":{"@id":"https:\/\/www.kansascommerce.gov\/#organization"},"potentialAction":[{"@type":"SearchAction","target":{"@type":"EntryPoint","urlTemplate":"https:\/\/www.kansascommerce.gov\/?s={search_term_string}"},"query-input":{"@type":"PropertyValueSpecification","valueRequired":true,"valueName":"search_term_string"}}],"inLanguage":"es"},{"@type":"Organization","@id":"https:\/\/www.kansascommerce.gov\/#organization","name":"Departamento de Comercio de Kansas","url":"https:\/\/www.kansascommerce.gov\/","logo":{"@type":"ImageObject","inLanguage":"es","@id":"https:\/\/www.kansascommerce.gov\/#\/schema\/logo\/image\/","url":"https:\/\/www.kansascommerce.gov\/wp-content\/uploads\/2020\/07\/kdc_logo.png","contentUrl":"https:\/\/www.kansascommerce.gov\/wp-content\/uploads\/2020\/07\/kdc_logo.png","width":600,"height":347,"caption":"Kansas Department of Commerce"},"image":{"@id":"https:\/\/www.kansascommerce.gov\/#\/schema\/logo\/image\/"},"sameAs":["https:\/\/www.facebook.com\/KansasCommerce\/","https:\/\/x.com\/KansasCommerce","https:\/\/www.linkedin.com\/company\/kansas-department-of-commerce\/"]}]}},"publishpress_future_action":{"enabled":false,"date":"2026-05-05 04:21:20","action":"change-status","newStatus":"draft","terms":[],"taxonomy":"","extraData":[]},"publishpress_future_workflow_manual_trigger":{"enabledWorkflows":[]},"_links":{"self":[{"href":"https:\/\/www.kansascommerce.gov\/es\/wp-json\/wp\/v2\/pages\/20540","targetHints":{"allow":["GET"]}}],"collection":[{"href":"https:\/\/www.kansascommerce.gov\/es\/wp-json\/wp\/v2\/pages"}],"about":[{"href":"https:\/\/www.kansascommerce.gov\/es\/wp-json\/wp\/v2\/types\/page"}],"author":[{"embeddable":true,"href":"https:\/\/www.kansascommerce.gov\/es\/wp-json\/wp\/v2\/users\/20"}],"replies":[{"embeddable":true,"href":"https:\/\/www.kansascommerce.gov\/es\/wp-json\/wp\/v2\/comments?post=20540"}],"version-history":[{"count":0,"href":"https:\/\/www.kansascommerce.gov\/es\/wp-json\/wp\/v2\/pages\/20540\/revisions"}],"up":[{"embeddable":true,"href":"https:\/\/www.kansascommerce.gov\/es\/wp-json\/wp\/v2\/pages\/24560"}],"wp:attachment":[{"href":"https:\/\/www.kansascommerce.gov\/es\/wp-json\/wp\/v2\/media?parent=20540"}],"curies":[{"name":"wp","href":"https:\/\/api.w.org\/{rel}","templated":true}]}}