{"id":20702,"date":"2020-08-04T04:42:49","date_gmt":"2020-08-04T04:42:49","guid":{"rendered":"https:\/\/kdc1000.wpengine.com\/?page_id=20702"},"modified":"2024-12-06T10:40:45","modified_gmt":"2024-12-06T15:40:45","slug":"recruitment","status":"publish","type":"page","link":"https:\/\/www.kansascommerce.gov\/es\/meet-the-team\/recruitment\/","title":{"rendered":"Contrataci\u00f3n de empresas"},"content":{"rendered":"<div class=\"hero-block hero-block--simple\" >\n\n        <div class=\"breadcrumb_wrapper\">\n                                                <a href=\"https:\/\/www.kansascommerce.gov\/es\/\">Inicio<\/a> \/\n                                                                <a href=\"https:\/\/www.kansascommerce.gov\/es\/meet-the-team\/\">Conozca al equipo<\/a> \/\n                                                                <span>Contrataci\u00f3n de empresas<\/span>\n                                    <\/div>\n\n        <div class=\"container h-100\">\n            <div class=\"row align-items-center h-100\">\n                <div class=\"col-12 content\">\n                    <div>\n\n<h1 class=\"wp-block-heading\" id=\"h-business-recruitment\">Contrataci\u00f3n de empresas<\/h1>\n\n\n\n<p>Sabemos que Kansas es un gran lugar para los negocios, y creemos que usted estar\u00e1 de acuerdo. Kansas ha sido, y sigue siendo, agresivo en sus esfuerzos por hacer crecer nuestra econom\u00eda. Grandes empresas como Geico, Hostess Brands, CarMax, PBI Gordon, Empirical Foods, Walmart, Amazon, Kiewit, Mars, Triumph, Dairy Farmers of America, Kubota y General Motors eligieron Kansas como su lugar de negocios preferido. Estas empresas eligieron Kansas debido a las ventajas empresariales que nuestro estado puede ofrecer, ventajas que se traducen en un mayor rendimiento y beneficios.<\/p>\n\n\n\n<p>Como principal agencia de desarrollo econ\u00f3mico del estado, el Departamento de Comercio de Kansas se esfuerza por capacitar a individuos, empresas y comunidades para lograr la prosperidad en Kansas. Kansas Commerce cumple su misi\u00f3n desarrollando relaciones con corporaciones, consultores de localizaci\u00f3n de emplazamientos y partes interesadas ubicadas no s\u00f3lo en Kansas sino en todo el pa\u00eds. Nuestras s\u00f3lidas asociaciones nos permiten ayudar a crear un entorno para que las empresas existentes de Kansas crezcan y fomentar un panorama innovador y competitivo para las nuevas empresas. El equipo de Contrataci\u00f3n de Empresas del Departamento de Comercio de Kansas cuenta con conocimientos especializados y valiosas relaciones para garantizar el \u00e9xito de su empresa.<\/p>\n\n\n\n<p>When you contact the Kansas Department of Commerce, we will assign a Business Recruitment project manager to work with you every step of the way, whether you are in the preliminary stages of a site location project or ready to conduct a full-scale site location search.<\/p>\n\n\n\n<p><\/p>\n\n<\/div>\n                <\/div>\n            <\/div>\n        <\/div>\n    <\/div>\n    \n\n    <div class=\"container\">            <div class=\"wrapper-block wide\" style=\"                                                                                                                                    \">\n        \n<div class=\"map_wrapper\" id=\"map_wrapper_24255\">\n<div class=\"map_box\" style=\"max-width:2200px\">\n<div class=\"map_aspect_ratio\" style=\"padding-top:56%\" data-padding-top=\"56%\" data-padding-top-mobile=\"0%\">\n<div class=\"map_container\">\n<div class=\"map_render map_loading\" id=\"map_24255\"><\/div>\n<\/div>\n<\/div>\n<\/div>\n<\/div>\n\n\n        <div class=\"clearfix\"><\/div>\n    <\/div>\n    <\/div>\n\n    <div class=\"container\">                <div class=\"staff_listing card-wrapper-block\" id=\"staff_1406743542\">\n                    <div class=\"staff row-block detailed row align-items-center\">\n                <div class=\"col-12 col-md-3 col-lg-2\">\n                    <div class=\"bg-block\" style=\"background-image: url('https:\/\/www.kansascommerce.gov\/wp-content\/uploads\/2024\/09\/CAC-Headshot.jpg');\"><\/div>\n                                    <\/div>\n                <div class=\"col-12 col-md-9 col-lg-10\">\n                    <h5>Corrie Ann Campbell <\/h5>\n                    <p>Director of Strategic Initiatives<\/p>                    <p>\n                    <a href=\"tel:(785) 2137312\">(785) 213-7312<\/a>                    <a href=\"mailto:Corrie.Ann.Campbell@ks.gov\">Corrie.Ann.Campbell@ks.gov<\/a>                    <\/p>\n                                    <\/div>\n            <\/div>\n                    <div class=\"staff row-block detailed row align-items-center\">\n                <div class=\"col-12 col-md-3 col-lg-2\">\n                    <div class=\"bg-block\" style=\"background-image: url('https:\/\/www.kansascommerce.gov\/wp-content\/uploads\/2024\/07\/Jeff-Freeman_web-e1751395913569.jpg');\"><\/div>\n                                    <\/div>\n                <div class=\"col-12 col-md-9 col-lg-10\">\n                    <h5>Jeff Freeman <\/h5>\n                    <p>Director Regional Senior de Contrataci\u00f3n, Grandes Lagos<\/p>                    <p>\n                    <a href=\"tel:(202) 5495999\">(202) 549-5999<\/a>                    <a href=\"mailto:Jeff.Freeman@ks.gov\">Jeff.Freeman@ks.gov<\/a>                    <\/p>\n                                    <\/div>\n            <\/div>\n                    <div class=\"staff row-block detailed row align-items-center\">\n                <div class=\"col-12 col-md-3 col-lg-2\">\n                    <div class=\"bg-block\" style=\"background-image: url('https:\/\/www.kansascommerce.gov\/wp-content\/uploads\/2024\/07\/Peter-Ruiz-Favorite-Image-1024x683.jpg');\"><\/div>\n                                    <\/div>\n                <div class=\"col-12 col-md-9 col-lg-10\">\n                    <h5>Pedro Ruiz <\/h5>\n                    <p>Director Regional de Contrataci\u00f3n de Empresas, Costa Oeste<\/p>                    <p>\n                    <a href=\"tel:(213) 7066654\">(213) 706-6654<\/a>                    <a href=\"mailto:Peter.Ruiz@ks.gov\">Peter.Ruiz@ks.gov<\/a>                    <\/p>\n                                    <\/div>\n            <\/div>\n                    <div class=\"staff row-block detailed row align-items-center\">\n                <div class=\"col-12 col-md-3 col-lg-2\">\n                    <div class=\"bg-block\" style=\"background-image: url('https:\/\/www.kansascommerce.gov\/wp-content\/uploads\/2020\/08\/Barbara-Hake_web-1-e1750087688281.jpg');\"><\/div>\n                                    <\/div>\n                <div class=\"col-12 col-md-9 col-lg-10\">\n                    <h5>Barbara Hake <\/h5>\n                    <p>Business Recruitment Regional Director, Missouri &amp; Kansas City Metro<\/p>                    <p>\n                    <a href=\"tel:(913) 9090999\">(913) 909-0999<\/a>                    <a href=\"mailto:Barbara.Hake@ks.gov\">Barbara.Hake@ks.gov<\/a>                    <\/p>\n                                    <\/div>\n            <\/div>\n                    <div class=\"staff row-block detailed row align-items-center\">\n                <div class=\"col-12 col-md-3 col-lg-2\">\n                    <div class=\"bg-block\" style=\"background-image: url('https:\/\/www.kansascommerce.gov\/wp-content\/uploads\/2024\/10\/IMG_4038c-2-scaled-e1750091122721-1024x1024.jpg');\"><\/div>\n                                    <\/div>\n                <div class=\"col-12 col-md-9 col-lg-10\">\n                    <h5>Beth Johnson <\/h5>\n                    <p>Director Regional de Contrataci\u00f3n de Empresas, Costa Este<\/p>                    <p>\n                    <a href=\"tel:(913) 9679332\">(913) 967-9332<\/a>                    <a href=\"mailto:Beth.Johnson@ks.gov\">Beth.Johnson@ks.gov<\/a>                    <\/p>\n                                    <\/div>\n            <\/div>\n                    <div class=\"staff row-block detailed row align-items-center\">\n                <div class=\"col-12 col-md-3 col-lg-2\">\n                    <div class=\"bg-block\" style=\"background-image: url('https:\/\/www.kansascommerce.gov\/wp-content\/uploads\/2025\/11\/Barry-Albrecht-square.jpg');\"><\/div>\n                                    <\/div>\n                <div class=\"col-12 col-md-9 col-lg-10\">\n                    <h5>Barry Albrecht <\/h5>\n                    <p>Director of Aviation and Aerospace Industry Development<\/p>                    <p>\n                                        <a href=\"mailto:Barry.Albrecht@ks.gov\">Barry.Albrecht@ks.gov<\/a>                    <\/p>\n                                    <\/div>\n            <\/div>\n                    <div class=\"staff row-block detailed row align-items-center\">\n                <div class=\"col-12 col-md-3 col-lg-2\">\n                    <div class=\"bg-block\" style=\"background-image: url('https:\/\/www.kansascommerce.gov\/wp-content\/uploads\/2026\/03\/Sam-Talman005SQ-1024x1024.jpg');\"><\/div>\n                                    <\/div>\n                <div class=\"col-12 col-md-9 col-lg-10\">\n                    <h5>Sam Talman <\/h5>\n                    <p>Regional Director, U.S. Central Region<\/p>                    <p>\n                    <a href=\"tel:(865) 9649957)\">(865) 964-9957)<\/a>                    <a href=\"mailto:Sam.Talman@ks.gov\">Sam.Talman@ks.gov<\/a>                    <\/p>\n                                    <\/div>\n            <\/div>\n                    <div class=\"staff row-block detailed row align-items-center\">\n                <div class=\"col-12 col-md-3 col-lg-2\">\n                    <div class=\"bg-block\" style=\"background-image: url('https:\/\/www.kansascommerce.gov\/wp-content\/uploads\/2024\/09\/Joshua-Favorite-copy-1-e1707173391406-1024x792.jpg');\"><\/div>\n                                    <\/div>\n                <div class=\"col-12 col-md-9 col-lg-10\">\n                    <h5>Joshua Jefferson <\/h5>\n                    <p>Deputy Secretary<\/p>                    <p>\n                    <a href=\"tel:(785) 2219016\">(785) 221-9016<\/a>                    <a href=\"mailto:Joshua.Jefferson@ks.gov\">Joshua.Jefferson@ks.gov<\/a>                    <\/p>\n                                    <\/div>\n            <\/div>\n                    <div class=\"staff row-block detailed row align-items-center\">\n                <div class=\"col-12 col-md-3 col-lg-2\">\n                    <div class=\"bg-block\" style=\"background-image: url('https:\/\/www.kansascommerce.gov\/wp-content\/uploads\/2024\/09\/Heather-Pierson-e1719244438592-scaled-1-e1750103673381-1024x1024.jpg');\"><\/div>\n                                    <\/div>\n                <div class=\"col-12 col-md-9 col-lg-10\">\n                    <h5>Heather Pierson <\/h5>\n                    <p>Especialista administrativo<\/p>                    <p>\n                    <a href=\"tel:(785) 2965298\">(785) 296-5298<\/a>                    <a href=\"mailto:Heather.Pierson@ks.gov\">Heather.Pierson@ks.gov<\/a>                    <\/p>\n                                    <\/div>\n            <\/div>\n                    <div class=\"staff row-block detailed row align-items-center\">\n                <div class=\"col-12 col-md-3 col-lg-2\">\n                    <div class=\"bg-block\" style=\"background-image: url('https:\/\/www.kansascommerce.gov\/wp-content\/uploads\/2025\/07\/DSC03563-1-e1752520641151-1024x988.jpg');\"><\/div>\n                                    <\/div>\n                <div class=\"col-12 col-md-9 col-lg-10\">\n                    <h5>Sheylon Ryce <\/h5>\n                    <p>Oficial administrativo<\/p>                    <p>\n                    <a href=\"tel:(785) 2969536\">(785) 296-9536<\/a>                    <a href=\"mailto:Sheylon.Ryce@ks.gov\">Sheylon.Ryce@ks.gov<\/a>                    <\/p>\n                                    <\/div>\n            <\/div>\n            <\/div>\n    <\/div>","protected":false},"excerpt":{"rendered":"","protected":false},"author":20,"featured_media":0,"parent":78,"menu_order":444,"comment_status":"closed","ping_status":"closed","template":"","meta":{"_acf_changed":false,"_eb_attr":"","_monsterinsights_skip_tracking":false,"_monsterinsights_sitenote_active":false,"_monsterinsights_sitenote_note":"","_monsterinsights_sitenote_category":0,"footnotes":""},"class_list":["post-20702","page","type-page","status-publish","hentry"],"acf":[],"yoast_head":"<!-- This site is optimized with the Yoast SEO Premium plugin v19.5 (Yoast SEO v27.1.1) - https:\/\/yoast.com\/product\/yoast-seo-premium-wordpress\/ -->\n<title>Business Recruitment - Kansas Department of Commerce<\/title>\n<meta name=\"description\" content=\"Just as we believe it&#039;s important for us to know who you are and how youapproach your business, we also believe it&#039;s important for you to know who weare and how we approach ours. Meet the team at the Kansas Department of Commerce.\" \/>\n<meta name=\"robots\" content=\"index, follow, max-snippet:-1, max-image-preview:large, max-video-preview:-1\" \/>\n<link rel=\"canonical\" href=\"https:\/\/www.kansascommerce.gov\/es\/about__trashed\/meet-the-team\/recruitment\/\" \/>\n<meta property=\"og:locale\" content=\"es_ES\" \/>\n<meta property=\"og:type\" content=\"article\" \/>\n<meta property=\"og:title\" content=\"Business Recruitment\" \/>\n<meta property=\"og:description\" content=\"Just as we believe it&#039;s important for us to know who you are and how youapproach your business, we also believe it&#039;s important for you to know who weare and how we approach ours. Meet the team at the Kansas Department of Commerce.\" \/>\n<meta property=\"og:url\" content=\"https:\/\/www.kansascommerce.gov\/es\/about__trashed\/meet-the-team\/recruitment\/\" \/>\n<meta property=\"og:site_name\" content=\"Kansas Department of Commerce\" \/>\n<meta property=\"article:publisher\" content=\"https:\/\/www.facebook.com\/KansasCommerce\/\" \/>\n<meta property=\"article:modified_time\" content=\"2024-12-06T15:40:45+00:00\" \/>\n<meta property=\"og:image\" content=\"https:\/\/www.kansascommerce.gov\/wp-content\/uploads\/2020\/09\/KDC_OG-MEta.jpg\" \/>\n\t<meta property=\"og:image:width\" content=\"1200\" \/>\n\t<meta property=\"og:image:height\" content=\"630\" \/>\n\t<meta property=\"og:image:type\" content=\"image\/jpeg\" \/>\n<meta name=\"twitter:card\" content=\"summary_large_image\" \/>\n<meta name=\"twitter:site\" content=\"@KansasCommerce\" \/>\n<meta name=\"twitter:label1\" content=\"Tiempo de lectura\" \/>\n\t<meta name=\"twitter:data1\" content=\"1 minuto\" \/>\n<script type=\"application\/ld+json\" class=\"yoast-schema-graph\">{\"@context\":\"https:\/\/schema.org\",\"@graph\":[{\"@type\":\"WebPage\",\"@id\":\"https:\/\/www.kansascommerce.gov\/about__trashed\/meet-the-team\/recruitment\/\",\"url\":\"https:\/\/www.kansascommerce.gov\/about__trashed\/meet-the-team\/recruitment\/\",\"name\":\"Business Recruitment - Kansas Department of Commerce\",\"isPartOf\":{\"@id\":\"https:\/\/www.kansascommerce.gov\/#website\"},\"datePublished\":\"2020-08-04T04:42:49+00:00\",\"dateModified\":\"2024-12-06T15:40:45+00:00\",\"description\":\"Just as we believe it's important for us to know who you are and how youapproach your business, we also believe it's important for you to know who weare and how we approach ours. Meet the team at the Kansas Department of Commerce.\",\"breadcrumb\":{\"@id\":\"https:\/\/www.kansascommerce.gov\/about__trashed\/meet-the-team\/recruitment\/#breadcrumb\"},\"inLanguage\":\"es\",\"potentialAction\":[{\"@type\":\"ReadAction\",\"target\":[\"https:\/\/www.kansascommerce.gov\/about__trashed\/meet-the-team\/recruitment\/\"]}]},{\"@type\":\"BreadcrumbList\",\"@id\":\"https:\/\/www.kansascommerce.gov\/about__trashed\/meet-the-team\/recruitment\/#breadcrumb\",\"itemListElement\":[{\"@type\":\"ListItem\",\"position\":1,\"name\":\"Home\",\"item\":\"https:\/\/www.kansascommerce.gov\/\"},{\"@type\":\"ListItem\",\"position\":2,\"name\":\"Meet the Team\",\"item\":\"https:\/\/www.kansascommerce.gov\/about__trashed\/meet-the-team\/\"},{\"@type\":\"ListItem\",\"position\":3,\"name\":\"Business Recruitment\"}]},{\"@type\":\"WebSite\",\"@id\":\"https:\/\/www.kansascommerce.gov\/#website\",\"url\":\"https:\/\/www.kansascommerce.gov\/\",\"name\":\"Kansas Department of Commerce\",\"description\":\"Empowering Prosperity\",\"publisher\":{\"@id\":\"https:\/\/www.kansascommerce.gov\/#organization\"},\"potentialAction\":[{\"@type\":\"SearchAction\",\"target\":{\"@type\":\"EntryPoint\",\"urlTemplate\":\"https:\/\/www.kansascommerce.gov\/?s={search_term_string}\"},\"query-input\":{\"@type\":\"PropertyValueSpecification\",\"valueRequired\":true,\"valueName\":\"search_term_string\"}}],\"inLanguage\":\"es\"},{\"@type\":\"Organization\",\"@id\":\"https:\/\/www.kansascommerce.gov\/#organization\",\"name\":\"Kansas Department of Commerce\",\"url\":\"https:\/\/www.kansascommerce.gov\/\",\"logo\":{\"@type\":\"ImageObject\",\"inLanguage\":\"es\",\"@id\":\"https:\/\/www.kansascommerce.gov\/#\/schema\/logo\/image\/\",\"url\":\"https:\/\/www.kansascommerce.gov\/wp-content\/uploads\/2020\/07\/kdc_logo.png\",\"contentUrl\":\"https:\/\/www.kansascommerce.gov\/wp-content\/uploads\/2020\/07\/kdc_logo.png\",\"width\":600,\"height\":347,\"caption\":\"Kansas Department of Commerce\"},\"image\":{\"@id\":\"https:\/\/www.kansascommerce.gov\/#\/schema\/logo\/image\/\"},\"sameAs\":[\"https:\/\/www.facebook.com\/KansasCommerce\/\",\"https:\/\/x.com\/KansasCommerce\",\"https:\/\/www.linkedin.com\/company\/kansas-department-of-commerce\/\"]}]}<\/script>\n<!-- \/ Yoast SEO Premium plugin. -->","yoast_head_json":{"title":"Business Recruitment - Kansas Department of Commerce","description":"Just as we believe it's important for us to know who you are and how youapproach your business, we also believe it's important for you to know who weare and how we approach ours. Meet the team at the Kansas Department of Commerce.","robots":{"index":"index","follow":"follow","max-snippet":"max-snippet:-1","max-image-preview":"max-image-preview:large","max-video-preview":"max-video-preview:-1"},"canonical":"https:\/\/www.kansascommerce.gov\/es\/about__trashed\/meet-the-team\/recruitment\/","og_locale":"es_ES","og_type":"article","og_title":"Business Recruitment","og_description":"Just as we believe it's important for us to know who you are and how youapproach your business, we also believe it's important for you to know who weare and how we approach ours. Meet the team at the Kansas Department of Commerce.","og_url":"https:\/\/www.kansascommerce.gov\/es\/about__trashed\/meet-the-team\/recruitment\/","og_site_name":"Kansas Department of Commerce","article_publisher":"https:\/\/www.facebook.com\/KansasCommerce\/","article_modified_time":"2024-12-06T15:40:45+00:00","og_image":[{"width":1200,"height":630,"url":"https:\/\/www.kansascommerce.gov\/wp-content\/uploads\/2020\/09\/KDC_OG-MEta.jpg","type":"image\/jpeg"}],"twitter_card":"summary_large_image","twitter_site":"@KansasCommerce","twitter_misc":{"Tiempo de lectura":"1 minuto"},"schema":{"@context":"https:\/\/schema.org","@graph":[{"@type":"WebPage","@id":"https:\/\/www.kansascommerce.gov\/about__trashed\/meet-the-team\/recruitment\/","url":"https:\/\/www.kansascommerce.gov\/about__trashed\/meet-the-team\/recruitment\/","name":"Business Recruitment - Kansas Department of Commerce","isPartOf":{"@id":"https:\/\/www.kansascommerce.gov\/#website"},"datePublished":"2020-08-04T04:42:49+00:00","dateModified":"2024-12-06T15:40:45+00:00","description":"Just as we believe it's important for us to know who you are and how youapproach your business, we also believe it's important for you to know who weare and how we approach ours. Meet the team at the Kansas Department of Commerce.","breadcrumb":{"@id":"https:\/\/www.kansascommerce.gov\/about__trashed\/meet-the-team\/recruitment\/#breadcrumb"},"inLanguage":"es","potentialAction":[{"@type":"ReadAction","target":["https:\/\/www.kansascommerce.gov\/about__trashed\/meet-the-team\/recruitment\/"]}]},{"@type":"BreadcrumbList","@id":"https:\/\/www.kansascommerce.gov\/about__trashed\/meet-the-team\/recruitment\/#breadcrumb","itemListElement":[{"@type":"ListItem","position":1,"name":"Home","item":"https:\/\/www.kansascommerce.gov\/"},{"@type":"ListItem","position":2,"name":"Meet the Team","item":"https:\/\/www.kansascommerce.gov\/about__trashed\/meet-the-team\/"},{"@type":"ListItem","position":3,"name":"Business Recruitment"}]},{"@type":"WebSite","@id":"https:\/\/www.kansascommerce.gov\/#website","url":"https:\/\/www.kansascommerce.gov\/","name":"Departamento de Comercio de Kansas","description":"Fomentar la prosperidad","publisher":{"@id":"https:\/\/www.kansascommerce.gov\/#organization"},"potentialAction":[{"@type":"SearchAction","target":{"@type":"EntryPoint","urlTemplate":"https:\/\/www.kansascommerce.gov\/?s={search_term_string}"},"query-input":{"@type":"PropertyValueSpecification","valueRequired":true,"valueName":"search_term_string"}}],"inLanguage":"es"},{"@type":"Organization","@id":"https:\/\/www.kansascommerce.gov\/#organization","name":"Departamento de Comercio de Kansas","url":"https:\/\/www.kansascommerce.gov\/","logo":{"@type":"ImageObject","inLanguage":"es","@id":"https:\/\/www.kansascommerce.gov\/#\/schema\/logo\/image\/","url":"https:\/\/www.kansascommerce.gov\/wp-content\/uploads\/2020\/07\/kdc_logo.png","contentUrl":"https:\/\/www.kansascommerce.gov\/wp-content\/uploads\/2020\/07\/kdc_logo.png","width":600,"height":347,"caption":"Kansas Department of Commerce"},"image":{"@id":"https:\/\/www.kansascommerce.gov\/#\/schema\/logo\/image\/"},"sameAs":["https:\/\/www.facebook.com\/KansasCommerce\/","https:\/\/x.com\/KansasCommerce","https:\/\/www.linkedin.com\/company\/kansas-department-of-commerce\/"]}]}},"publishpress_future_action":{"enabled":false,"date":"2026-04-16 05:07:05","action":"change-status","newStatus":"draft","terms":[],"taxonomy":"","extraData":[]},"publishpress_future_workflow_manual_trigger":{"enabledWorkflows":[]},"_links":{"self":[{"href":"https:\/\/www.kansascommerce.gov\/es\/wp-json\/wp\/v2\/pages\/20702","targetHints":{"allow":["GET"]}}],"collection":[{"href":"https:\/\/www.kansascommerce.gov\/es\/wp-json\/wp\/v2\/pages"}],"about":[{"href":"https:\/\/www.kansascommerce.gov\/es\/wp-json\/wp\/v2\/types\/page"}],"author":[{"embeddable":true,"href":"https:\/\/www.kansascommerce.gov\/es\/wp-json\/wp\/v2\/users\/20"}],"replies":[{"embeddable":true,"href":"https:\/\/www.kansascommerce.gov\/es\/wp-json\/wp\/v2\/comments?post=20702"}],"version-history":[{"count":1,"href":"https:\/\/www.kansascommerce.gov\/es\/wp-json\/wp\/v2\/pages\/20702\/revisions"}],"predecessor-version":[{"id":82966,"href":"https:\/\/www.kansascommerce.gov\/es\/wp-json\/wp\/v2\/pages\/20702\/revisions\/82966"}],"up":[{"embeddable":true,"href":"https:\/\/www.kansascommerce.gov\/es\/wp-json\/wp\/v2\/pages\/78"}],"wp:attachment":[{"href":"https:\/\/www.kansascommerce.gov\/es\/wp-json\/wp\/v2\/media?parent=20702"}],"curies":[{"name":"wp","href":"https:\/\/api.w.org\/{rel}","templated":true}]}}