{"id":20735,"date":"2020-08-04T05:02:52","date_gmt":"2020-08-04T05:02:52","guid":{"rendered":"https:\/\/kdc1000.wpengine.com\/?page_id=20735"},"modified":"2023-10-05T08:38:28","modified_gmt":"2023-10-05T13:38:28","slug":"community-investment","status":"publish","type":"page","link":"https:\/\/www.kansascommerce.gov\/es\/qpd\/community-investment\/","title":{"rendered":"Programas de inversi\u00f3n comunitaria"},"content":{"rendered":"<div class=\"hero-block hero-block--subpage\" >\n\n        <div class=\"breadcrumb_wrapper\">\n                                                <a href=\"https:\/\/www.kansascommerce.gov\/es\/\">Inicio<\/a> \/\n                                                                <a href=\"https:\/\/www.kansascommerce.gov\/es\/qpd\/\">Divisi\u00f3n de Lugares de Calidad<\/a> \/\n                                                                <span>Programas de inversi\u00f3n comunitaria<\/span>\n                                    <\/div>\n\n        <div class=\"hero-img\" style=\"                            background-image: url(https:\/\/www.kansascommerce.gov\/wp-content\/uploads\/2020\/08\/34-HERO.jpg);                                            \"><\/div>\n        <div class=\"container h-100\">\n            <div class=\"row align-items-center justify-content-center h-100\">\n                <div class=\"col-12 content\">\n                    <div>\n\n<h1 class=\"wp-block-heading\" id=\"h-community-investment-programs\">Programas de inversi\u00f3n comunitaria<\/h1>\n\n\n\n<h5 class=\"wp-block-heading light\" id=\"h-investing-in-our-communities\">Invertir en nuestras comunidades<\/h5>\n\n\n\n<p><\/p>\n\n<\/div>\n                <\/div>\n            <\/div>\n        <\/div>\n            <\/div>\n    \n\n    <div class=\"container\">            <div class=\"wrapper-block\" style=\"                                                                                                                                    \">\n        \n\n<p>Cuando se trata de invertir dinero en nuestras comunidades, no hay escasez de personas que buscan invertir en Kansas. Kansas es un lugar incre\u00edble para vivir y trabajar, y si seguimos invirtiendo en los kansanos, podemos contribuir a que sea a\u00fan mejor.<\/p>\n\n\n\n<p>Existen varias herramientas que permiten a las comunidades sacar a\u00fan m\u00e1s partido de las donaciones e inversiones individuales.<\/p>\n\n\n        <div class=\"clearfix\"><\/div>\n    <\/div>\n    <\/div>\n\n                <div class=\"card-wrapper-block row\">\n                \n                <div class=\"program-card-block col-12 col-md-6 col-lg-4 overlay\"><a href=\"https:\/\/www.kansascommerce.gov\/es\/program\/community-programs\/csp\/\" class=\"cover_link\" title=\"Cr\u00e9ditos fiscales por servicios comunitarios\"><\/a><div class=\"bg-block\" style=\"background-image: url('https:\/\/www.kansascommerce.gov\/wp-content\/uploads\/2023\/06\/CSP-Updated-Banner-e1764092274782-1024x216.png');\"><div class=\"content\"><div class=\"hidden\"><div class=\"wp-content\"><p>Las organizaciones que deseen recaudar fondos para grandes proyectos de capital destinados a ni\u00f1os y familias podr\u00edan acogerse al programa de Cr\u00e9dito Fiscal por Servicios a la Comunidad, que autoriza a organizaciones sin \u00e1nimo de lucro especialmente seleccionadas a ofrecer cr\u00e9ditos fiscales a los donantes que hagan aportaciones a los proyectos aprobados.<\/p><\/div><\/div><a href=\"https:\/\/www.kansascommerce.gov\/es\/program\/community-programs\/csp\/\" class=\"btn plain_btn white_btn\">Cr\u00e9ditos fiscales por servicios comunitarios<\/a><\/div><\/div><\/div>    \n\n                <div class=\"program-card-block col-12 col-md-6 col-lg-4 overlay\"><a href=\"\" class=\"cover_link\" title=\"\"><\/a><div class=\"bg-block\" style=\"background-image: url('');\"><div class=\"content\"><div class=\"hidden\"><div class=\"wp-content\"><\/div><\/div><\/div><\/div><\/div>    \n\n                <div class=\"program-card-block col-12 col-md-6 col-lg-4 overlay\"><a href=\"https:\/\/www.kansascommerce.gov\/es\/program\/community-programs\/\" class=\"cover_link\" title=\"Programas comunitarios\"><\/a><div class=\"bg-block\" style=\"background-image: url('https:\/\/www.kansascommerce.gov\/wp-content\/uploads\/2020\/08\/Community-Programs-Banner-1024x404.jpg');\"><div class=\"content\"><div class=\"hidden\"><div class=\"wp-content\"><p>La Divisi\u00f3n de Desarrollo Comunitario facilita programas centrados en la comunidad para mejorar las infraestructuras, prestar servicios y aumentar la vitalidad de las comunidades de Kansas.<\/p><\/div><\/div><a href=\"https:\/\/www.kansascommerce.gov\/es\/program\/community-programs\/\" class=\"btn plain_btn white_btn\">Programas comunitarios<\/a><\/div><\/div><\/div>    \n\n    <\/div>\n    \n\n                <div class=\"banner_wrap relative btn_trigger\" style=\"margin: 20px 20px;\">\n        <a href=\"https:\/\/www.kansascommerce.gov\/es\/staff-directory\/community-development\/\" class=\"cover_link\" title=\"Cont\u00e1ctenos\"><\/a>\n        <div class=\"banner-cta-block  d-md-flex justify-content-between align-items-center\" style=\"background: #f1ad02; \">\n            <style>\n                                .banner-cta-block a.btn.plain_btn{color: !important;}\n                .banner-cta-block a.btn.plain_btn:hover {color: white !important;}\n                            <\/style>\n            <div class=\"content\">\n            \n\n<h4 class=\"wp-block-heading\" id=\"h-take-action\">\u00a1ACT\u00daA!<\/h4>\n\n\n\n<p>\u00bfQuiere saber m\u00e1s sobre c\u00f3mo podemos ayudar a reforzar las infraestructuras de su comunidad?<\/p>\n\n\n\n<p><\/p>\n\n\n            <\/div>\n            <a\n                class=\"btn                                 plain_btn                                                 white_btn\"\n                                href=\"https:\/\/www.kansascommerce.gov\/es\/staff-directory\/community-development\/\"\n                                title=\"Cont\u00e1ctenos\"\n            >\n                                Cont\u00e1ctenos\n\n                                            <\/a>\n        <\/div>\n    <\/div>","protected":false},"excerpt":{"rendered":"","protected":false},"author":20,"featured_media":0,"parent":13,"menu_order":317,"comment_status":"closed","ping_status":"closed","template":"","meta":{"_acf_changed":false,"_eb_attr":"","_monsterinsights_skip_tracking":false,"_monsterinsights_sitenote_active":false,"_monsterinsights_sitenote_note":"","_monsterinsights_sitenote_category":0,"footnotes":""},"class_list":["post-20735","page","type-page","status-publish","hentry"],"acf":[],"yoast_head":"<!-- This site is optimized with the Yoast SEO Premium plugin v19.5 (Yoast SEO v27.1.1) - https:\/\/yoast.com\/product\/yoast-seo-premium-wordpress\/ -->\n<title>Community Investment Programs \u2013 Investing in our Communities<\/title>\n<meta name=\"description\" content=\"Strong communities are critical to maintaining a strong economy in Kansas. The Department of Commerce offers a variety of resources and tools to help Kansas communities grow and prosper.\" \/>\n<meta name=\"robots\" content=\"index, follow, max-snippet:-1, max-image-preview:large, max-video-preview:-1\" \/>\n<link rel=\"canonical\" href=\"https:\/\/www.kansascommerce.gov\/es\/qpd\/community-investment\/\" \/>\n<meta property=\"og:locale\" content=\"es_ES\" \/>\n<meta property=\"og:type\" content=\"article\" \/>\n<meta property=\"og:title\" content=\"Community Investment Programs\" \/>\n<meta property=\"og:description\" content=\"Strong communities are critical to maintaining a strong economy in Kansas. The Department of Commerce offers a variety of resources and tools to help Kansas communities grow and prosper.\" \/>\n<meta property=\"og:url\" content=\"https:\/\/www.kansascommerce.gov\/es\/qpd\/community-investment\/\" \/>\n<meta property=\"og:site_name\" content=\"Kansas Department of Commerce\" \/>\n<meta property=\"article:publisher\" content=\"https:\/\/www.facebook.com\/KansasCommerce\/\" \/>\n<meta property=\"article:modified_time\" content=\"2023-10-05T13:38:28+00:00\" \/>\n<meta property=\"og:image\" content=\"https:\/\/www.kansascommerce.gov\/wp-content\/uploads\/2020\/09\/KDC_OG-MEta.jpg\" \/>\n\t<meta property=\"og:image:width\" content=\"1200\" \/>\n\t<meta property=\"og:image:height\" content=\"630\" \/>\n\t<meta property=\"og:image:type\" content=\"image\/jpeg\" \/>\n<meta name=\"twitter:card\" content=\"summary_large_image\" \/>\n<meta name=\"twitter:site\" content=\"@KansasCommerce\" \/>\n<meta name=\"twitter:label1\" content=\"Tiempo de lectura\" \/>\n\t<meta name=\"twitter:data1\" content=\"1 minuto\" \/>\n<script type=\"application\/ld+json\" class=\"yoast-schema-graph\">{\"@context\":\"https:\/\/schema.org\",\"@graph\":[{\"@type\":\"WebPage\",\"@id\":\"https:\/\/www.kansascommerce.gov\/qpd\/community-investment\/\",\"url\":\"https:\/\/www.kansascommerce.gov\/qpd\/community-investment\/\",\"name\":\"Community Investment Programs \u2013 Investing in our Communities\",\"isPartOf\":{\"@id\":\"https:\/\/www.kansascommerce.gov\/#website\"},\"datePublished\":\"2020-08-04T05:02:52+00:00\",\"dateModified\":\"2023-10-05T13:38:28+00:00\",\"description\":\"Strong communities are critical to maintaining a strong economy in Kansas. The Department of Commerce offers a variety of resources and tools to help Kansas communities grow and prosper.\",\"breadcrumb\":{\"@id\":\"https:\/\/www.kansascommerce.gov\/qpd\/community-investment\/#breadcrumb\"},\"inLanguage\":\"es\",\"potentialAction\":[{\"@type\":\"ReadAction\",\"target\":[\"https:\/\/www.kansascommerce.gov\/qpd\/community-investment\/\"]}]},{\"@type\":\"BreadcrumbList\",\"@id\":\"https:\/\/www.kansascommerce.gov\/qpd\/community-investment\/#breadcrumb\",\"itemListElement\":[{\"@type\":\"ListItem\",\"position\":1,\"name\":\"Home\",\"item\":\"https:\/\/www.kansascommerce.gov\/\"},{\"@type\":\"ListItem\",\"position\":2,\"name\":\"Quality Places Division\",\"item\":\"https:\/\/www.kansascommerce.gov\/qpd\/\"},{\"@type\":\"ListItem\",\"position\":3,\"name\":\"Community Investment Programs\"}]},{\"@type\":\"WebSite\",\"@id\":\"https:\/\/www.kansascommerce.gov\/#website\",\"url\":\"https:\/\/www.kansascommerce.gov\/\",\"name\":\"Kansas Department of Commerce\",\"description\":\"Empowering Prosperity\",\"publisher\":{\"@id\":\"https:\/\/www.kansascommerce.gov\/#organization\"},\"potentialAction\":[{\"@type\":\"SearchAction\",\"target\":{\"@type\":\"EntryPoint\",\"urlTemplate\":\"https:\/\/www.kansascommerce.gov\/?s={search_term_string}\"},\"query-input\":{\"@type\":\"PropertyValueSpecification\",\"valueRequired\":true,\"valueName\":\"search_term_string\"}}],\"inLanguage\":\"es\"},{\"@type\":\"Organization\",\"@id\":\"https:\/\/www.kansascommerce.gov\/#organization\",\"name\":\"Kansas Department of Commerce\",\"url\":\"https:\/\/www.kansascommerce.gov\/\",\"logo\":{\"@type\":\"ImageObject\",\"inLanguage\":\"es\",\"@id\":\"https:\/\/www.kansascommerce.gov\/#\/schema\/logo\/image\/\",\"url\":\"https:\/\/www.kansascommerce.gov\/wp-content\/uploads\/2020\/07\/kdc_logo.png\",\"contentUrl\":\"https:\/\/www.kansascommerce.gov\/wp-content\/uploads\/2020\/07\/kdc_logo.png\",\"width\":600,\"height\":347,\"caption\":\"Kansas Department of Commerce\"},\"image\":{\"@id\":\"https:\/\/www.kansascommerce.gov\/#\/schema\/logo\/image\/\"},\"sameAs\":[\"https:\/\/www.facebook.com\/KansasCommerce\/\",\"https:\/\/x.com\/KansasCommerce\",\"https:\/\/www.linkedin.com\/company\/kansas-department-of-commerce\/\"]}]}<\/script>\n<!-- \/ Yoast SEO Premium plugin. -->","yoast_head_json":{"title":"Community Investment Programs \u2013 Investing in our Communities","description":"Las comunidades fuertes son fundamentales para mantener una econom\u00eda fuerte en Kansas. El Departamento de Comercio ofrece una variedad de recursos y herramientas para ayudar a las comunidades de Kansas a crecer y prosperar.","robots":{"index":"index","follow":"follow","max-snippet":"max-snippet:-1","max-image-preview":"max-image-preview:large","max-video-preview":"max-video-preview:-1"},"canonical":"https:\/\/www.kansascommerce.gov\/es\/qpd\/community-investment\/","og_locale":"es_ES","og_type":"article","og_title":"Community Investment Programs","og_description":"Strong communities are critical to maintaining a strong economy in Kansas. The Department of Commerce offers a variety of resources and tools to help Kansas communities grow and prosper.","og_url":"https:\/\/www.kansascommerce.gov\/es\/qpd\/community-investment\/","og_site_name":"Kansas Department of Commerce","article_publisher":"https:\/\/www.facebook.com\/KansasCommerce\/","article_modified_time":"2023-10-05T13:38:28+00:00","og_image":[{"width":1200,"height":630,"url":"https:\/\/www.kansascommerce.gov\/wp-content\/uploads\/2020\/09\/KDC_OG-MEta.jpg","type":"image\/jpeg"}],"twitter_card":"summary_large_image","twitter_site":"@KansasCommerce","twitter_misc":{"Tiempo de lectura":"1 minuto"},"schema":{"@context":"https:\/\/schema.org","@graph":[{"@type":"WebPage","@id":"https:\/\/www.kansascommerce.gov\/qpd\/community-investment\/","url":"https:\/\/www.kansascommerce.gov\/qpd\/community-investment\/","name":"Community Investment Programs \u2013 Investing in our Communities","isPartOf":{"@id":"https:\/\/www.kansascommerce.gov\/#website"},"datePublished":"2020-08-04T05:02:52+00:00","dateModified":"2023-10-05T13:38:28+00:00","description":"Las comunidades fuertes son fundamentales para mantener una econom\u00eda fuerte en Kansas. El Departamento de Comercio ofrece una variedad de recursos y herramientas para ayudar a las comunidades de Kansas a crecer y prosperar.","breadcrumb":{"@id":"https:\/\/www.kansascommerce.gov\/qpd\/community-investment\/#breadcrumb"},"inLanguage":"es","potentialAction":[{"@type":"ReadAction","target":["https:\/\/www.kansascommerce.gov\/qpd\/community-investment\/"]}]},{"@type":"BreadcrumbList","@id":"https:\/\/www.kansascommerce.gov\/qpd\/community-investment\/#breadcrumb","itemListElement":[{"@type":"ListItem","position":1,"name":"Home","item":"https:\/\/www.kansascommerce.gov\/"},{"@type":"ListItem","position":2,"name":"Quality Places Division","item":"https:\/\/www.kansascommerce.gov\/qpd\/"},{"@type":"ListItem","position":3,"name":"Community Investment Programs"}]},{"@type":"WebSite","@id":"https:\/\/www.kansascommerce.gov\/#website","url":"https:\/\/www.kansascommerce.gov\/","name":"Departamento de Comercio de Kansas","description":"Fomentar la prosperidad","publisher":{"@id":"https:\/\/www.kansascommerce.gov\/#organization"},"potentialAction":[{"@type":"SearchAction","target":{"@type":"EntryPoint","urlTemplate":"https:\/\/www.kansascommerce.gov\/?s={search_term_string}"},"query-input":{"@type":"PropertyValueSpecification","valueRequired":true,"valueName":"search_term_string"}}],"inLanguage":"es"},{"@type":"Organization","@id":"https:\/\/www.kansascommerce.gov\/#organization","name":"Departamento de Comercio de Kansas","url":"https:\/\/www.kansascommerce.gov\/","logo":{"@type":"ImageObject","inLanguage":"es","@id":"https:\/\/www.kansascommerce.gov\/#\/schema\/logo\/image\/","url":"https:\/\/www.kansascommerce.gov\/wp-content\/uploads\/2020\/07\/kdc_logo.png","contentUrl":"https:\/\/www.kansascommerce.gov\/wp-content\/uploads\/2020\/07\/kdc_logo.png","width":600,"height":347,"caption":"Kansas Department of Commerce"},"image":{"@id":"https:\/\/www.kansascommerce.gov\/#\/schema\/logo\/image\/"},"sameAs":["https:\/\/www.facebook.com\/KansasCommerce\/","https:\/\/x.com\/KansasCommerce","https:\/\/www.linkedin.com\/company\/kansas-department-of-commerce\/"]}]}},"publishpress_future_action":{"enabled":false,"date":"2026-04-23 10:55:18","action":"change-status","newStatus":"draft","terms":[],"taxonomy":"","extraData":[]},"publishpress_future_workflow_manual_trigger":{"enabledWorkflows":[]},"_links":{"self":[{"href":"https:\/\/www.kansascommerce.gov\/es\/wp-json\/wp\/v2\/pages\/20735","targetHints":{"allow":["GET"]}}],"collection":[{"href":"https:\/\/www.kansascommerce.gov\/es\/wp-json\/wp\/v2\/pages"}],"about":[{"href":"https:\/\/www.kansascommerce.gov\/es\/wp-json\/wp\/v2\/types\/page"}],"author":[{"embeddable":true,"href":"https:\/\/www.kansascommerce.gov\/es\/wp-json\/wp\/v2\/users\/20"}],"replies":[{"embeddable":true,"href":"https:\/\/www.kansascommerce.gov\/es\/wp-json\/wp\/v2\/comments?post=20735"}],"version-history":[{"count":0,"href":"https:\/\/www.kansascommerce.gov\/es\/wp-json\/wp\/v2\/pages\/20735\/revisions"}],"up":[{"embeddable":true,"href":"https:\/\/www.kansascommerce.gov\/es\/wp-json\/wp\/v2\/pages\/13"}],"wp:attachment":[{"href":"https:\/\/www.kansascommerce.gov\/es\/wp-json\/wp\/v2\/media?parent=20735"}],"curies":[{"name":"wp","href":"https:\/\/api.w.org\/{rel}","templated":true}]}}