{"id":25662,"date":"2020-09-15T15:23:31","date_gmt":"2020-09-15T15:23:31","guid":{"rendered":"https:\/\/kdc1000.wpengine.com\/?page_id=25662"},"modified":"2020-09-15T15:23:50","modified_gmt":"2020-09-15T15:23:50","slug":"404-page","status":"publish","type":"page","link":"https:\/\/www.kansascommerce.gov\/es\/404-page\/","title":{"rendered":"404 P\u00e1gina"},"content":{"rendered":"<div class=\"wrapper-block\" style=\"                                                                                                                                    \">\n        \n\n<h1 class=\"has-text-align-center wp-block-heading\">P\u00e1gina no encontrada<\/h1>\n\n\n\n<h5 class=\"has-text-align-center light wp-block-heading\">Es posible que la p\u00e1gina que busca haya sido eliminada, haya cambiado de nombre o no est\u00e9 disponible temporalmente. <\/h5>\n\n\n\n<div class=\"wp-block-buttons aligncenter is-layout-flex wp-block-buttons-is-layout-flex\">\n<div class=\"wp-block-button\"><a class=\"wp-block-button__link\" href=\"https:\/\/www.kansascommerce.gov\/es\/\">Volver a la p\u00e1gina de inicio<\/a><\/div>\n\n\n\n<div class=\"wp-block-button\"><a class=\"wp-block-button__link\" href=\"https:\/\/www.kansascommerce.gov\/es\/?s=\">B\u00fasqueda en el sitio<\/a><\/div>\n<\/div>\n\n\n        <div class=\"clearfix\"><\/div>\n    <\/div>\n    \n\n\n<hr class=\"wp-block-separator is-style-wide\"\/>\n\n\n                <div class=\"headline-block                                           colorBar                                 add_btn\"\n         style=\"                                                                                                                                                                                                         \">\n        \n\n<h3 class=\"wp-block-heading\">\u00daltimas noticias de Comercio<\/h3>\n\n\n        <a href=\"https:\/\/www.kansascommerce.gov\/es\/news\/\" class=\"btn headline_btn small_btn\" >Ver todas las noticias<\/a>            <\/div>\n    \n\n                            <div class=\"post_listing recent_posts\" id=\"post_1518240795                        \">\n            <div class=\"row\">\n                                                            <div class=\"d-flex col-sm-12 col-md-6 col-lg-4 add-padding-y\">\n                            <figure class=\"\">\n                                <div class=\"post_img\" style=\"background-image: url('https:\/\/www.kansascommerce.gov\/wp-content\/uploads\/2024\/08\/iStock-1468266144.jpg');\"><\/div>\n                                                                <figcaption class=\"\">\n                                    <h5>Programa de financiaci\u00f3n de la iniciativa Make More in America<\/h5>                                    <h6 class=\"date\">20 de agosto de 2024<\/h6>\n                                    <div class=\"wp-content\"><p>El Banco de Exportaci\u00f3n e Importaci\u00f3n (EXIM) de Estados Unidos es la agencia federal que ofrece soluciones financieras a los exportadores como forma de apoyar el empleo en Estados Unidos.  Aunque el EXIM es m\u00e1s conocido por ofrecer seguros de cr\u00e9dito a la exportaci\u00f3n, ... <\/p>\n<\/div>\n                                    <a href=\"https:\/\/www.kansascommerce.gov\/es\/2024\/08\/make-more-in-america-initiative-finance-program\/\" class=\"btn plain_btn read_more\">Seguir leyendo<\/a>\n                                <\/figcaption>\n                            <\/figure>\n                        <\/div>\n                                                                                <div class=\"d-flex col-sm-12 col-md-6 col-lg-4 add-padding-y\">\n                            <figure class=\"\">\n                                <div class=\"post_img\" style=\"background-image: url('https:\/\/www.kansascommerce.gov\/wp-content\/uploads\/2022\/01\/data-analytics-scaled.jpg');\"><\/div>\n                                                                <figcaption class=\"\">\n                                    <h5>VIM impulsa la estrategia de exportaci\u00f3n de una empresa de Kansas<\/h5>                                    <h6 class=\"date\">2 de mayo de 2022<\/h6>\n                                    <div class=\"wp-content\"><p>En 2021, la Divisi\u00f3n Internacional emprendi\u00f3 un nuevo viaje: el digital. En busca de algunas lecciones pospand\u00e9micas sobre marketing internacional virtual, creamos un programa piloto titulado precisamente eso: Marketing Internacional Virtual (VIM). A trav\u00e9s de este ... <\/p>\n<\/div>\n                                    <a href=\"https:\/\/www.kansascommerce.gov\/es\/2022\/05\/vim-boosts-kansas-companys-export-strategy\/\" class=\"btn plain_btn read_more\">Seguir leyendo<\/a>\n                                <\/figcaption>\n                            <\/figure>\n                        <\/div>\n                                                                                <div class=\"d-flex col-sm-12 col-md-6 col-lg-4 add-padding-y\">\n                            <figure class=\"\">\n                                <div class=\"post_img\" style=\"background-image: url('https:\/\/www.kansascommerce.gov\/wp-content\/uploads\/2022\/04\/IAC-plant.jpg');\"><\/div>\n                                                                <figcaption class=\"\">\n                                    <h5>Empresa de accesorios industriales<\/h5>                                    <h6 class=\"date\">26 de abril de 2022<\/h6>\n                                    <div class=\"wp-content\"><p>La Directora de Ventas Industriales de IAC, Jazmin West, comparte su visi\u00f3n sobre la exportaci\u00f3n de equipos de filtraci\u00f3n desde Kansas. \"Me encanta poner a Kansas en el radar. La mayor\u00eda de mis clientes no ten\u00edan ni idea de d\u00f3nde estaba Kansas cuando ... <\/p>\n<\/div>\n                                    <a href=\"https:\/\/www.kansascommerce.gov\/es\/2022\/04\/international-accessories-company\/\" class=\"btn plain_btn read_more\">Seguir leyendo<\/a>\n                                <\/figcaption>\n                            <\/figure>\n                        <\/div>\n                                                                                <div class=\"d-flex col-sm-12 col-md-6 col-lg-4 add-padding-y\">\n                            <figure class=\"\">\n                                <div class=\"post_img\" style=\"background-image: url('https:\/\/www.kansascommerce.gov\/wp-content\/uploads\/2026\/03\/RA-Grant-V3.jpg');\"><\/div>\n                                                                <figcaption class=\"\">\n                                    <h5>Registered Apprenticeship Small Business Grants Awarded; New Round Opens<\/h5>                                    <h6 class=\"date\">March 25, 2026<\/h6>\n                                    <div class=\"wp-content\"><p>Lieutenant Governor and Secretary of Commerce David Toland and the Kansas Office of Registered Apprenticeship today announced that $28,000 has been awarded to four small businesses across Kansas for projects that will attract and retain &#8230; <\/p>\n<\/div>\n                                    <a href=\"https:\/\/www.kansascommerce.gov\/es\/2026\/03\/registered-apprenticeship-small-business-grants-awarded-new-round-opens\/\" class=\"btn plain_btn read_more\">Seguir leyendo<\/a>\n                                <\/figcaption>\n                            <\/figure>\n                        <\/div>\n                                                                                <div class=\"d-flex col-sm-12 col-md-6 col-lg-4 add-padding-y\">\n                            <figure class=\"\">\n                                <div class=\"post_img\" style=\"background-image: url('https:\/\/www.kansascommerce.gov\/wp-content\/uploads\/2026\/03\/Sede-indra-2-1920-1080.jpg');\"><\/div>\n                                                                <figcaption class=\"\">\n                                    <h5>Governor Kelly Announces Indra Group to Invest Nearly $7.5M to Manufacture Air Traffic Radars in Kansas<\/h5>                                    <h6 class=\"date\">March 23, 2026<\/h6>\n                                    <div class=\"wp-content\"><p>Governor Laura Kelly today announced that&nbsp;Indra Group, a global leader in air traffic management and mobility technology, has selected Olathe, Kansas as the location for its newest facility. Indra Group is investing nearly $7.5 million &#8230; <\/p>\n<\/div>\n                                    <a href=\"https:\/\/www.kansascommerce.gov\/es\/2026\/03\/governor-kelly-announces-indra-group-to-invest-nearly-7-5m-to-manufacture-air-traffic-radars-in-kansas\/\" class=\"btn plain_btn read_more\">Seguir leyendo<\/a>\n                                <\/figcaption>\n                            <\/figure>\n                        <\/div>\n                                                                                <div class=\"d-flex col-sm-12 col-md-6 col-lg-4 add-padding-y\">\n                            <figure class=\"\">\n                                <div class=\"post_img\" style=\"background-image: url('https:\/\/www.kansascommerce.gov\/wp-content\/uploads\/2026\/03\/TTS-Gold-5.jpg');\"><\/div>\n                                                                <figcaption class=\"\">\n                                    <h5>Kansas Tourism Named Destination of the Year, Earns National Marketing Honors<\/h5>                                    <h6 class=\"date\">March 20, 2026<\/h6>\n                                    <div class=\"wp-content\"><p>The North American Travel Journalists Association (NATJA) has awarded three distinguished honors to Kansas Tourism in their annual awards competition, including the respected Destination of the Year award, underscoring the state\u2019s continued commitment to innovative &#8230; <\/p>\n<\/div>\n                                    <a href=\"https:\/\/www.kansascommerce.gov\/es\/2026\/03\/kansas-tourism-named-destination-of-the-year-earns-national-marketing-honors\/\" class=\"btn plain_btn read_more\">Seguir leyendo<\/a>\n                                <\/figcaption>\n                            <\/figure>\n                        <\/div>\n                                                <\/div>\n        <\/div>","protected":false},"excerpt":{"rendered":"","protected":false},"author":75,"featured_media":0,"parent":0,"menu_order":214,"comment_status":"closed","ping_status":"closed","template":"","meta":{"_acf_changed":false,"_eb_attr":"","_monsterinsights_skip_tracking":false,"_monsterinsights_sitenote_active":false,"_monsterinsights_sitenote_note":"","_monsterinsights_sitenote_category":0,"footnotes":""},"class_list":["post-25662","page","type-page","status-publish","hentry"],"acf":[],"yoast_head":"<!-- This site is optimized with the Yoast SEO Premium plugin v19.5 (Yoast SEO v27.1.1) - https:\/\/yoast.com\/product\/yoast-seo-premium-wordpress\/ -->\n<title>Page Not Found - Kansas Department of Commerce<\/title>\n<meta name=\"robots\" content=\"index, follow, max-snippet:-1, max-image-preview:large, max-video-preview:-1\" \/>\n<link rel=\"canonical\" href=\"https:\/\/www.kansascommerce.gov\/es\/404-page\/\" \/>\n<meta property=\"og:locale\" content=\"es_ES\" \/>\n<meta property=\"og:type\" content=\"article\" \/>\n<meta property=\"og:title\" content=\"404 Page\" \/>\n<meta property=\"og:url\" content=\"https:\/\/www.kansascommerce.gov\/es\/404-page\/\" \/>\n<meta property=\"og:site_name\" content=\"Kansas Department of Commerce\" \/>\n<meta property=\"article:publisher\" content=\"https:\/\/www.facebook.com\/KansasCommerce\/\" \/>\n<meta property=\"article:modified_time\" content=\"2020-09-15T15:23:50+00:00\" \/>\n<meta property=\"og:image\" content=\"https:\/\/www.kansascommerce.gov\/wp-content\/uploads\/2020\/09\/KDC_OG-MEta.jpg\" \/>\n\t<meta property=\"og:image:width\" content=\"1200\" \/>\n\t<meta property=\"og:image:height\" content=\"630\" \/>\n\t<meta property=\"og:image:type\" content=\"image\/jpeg\" \/>\n<meta name=\"twitter:card\" content=\"summary_large_image\" \/>\n<meta name=\"twitter:site\" content=\"@KansasCommerce\" \/>\n<script type=\"application\/ld+json\" class=\"yoast-schema-graph\">{\"@context\":\"https:\/\/schema.org\",\"@graph\":[{\"@type\":\"WebPage\",\"@id\":\"https:\/\/www.kansascommerce.gov\/404-page\/\",\"url\":\"https:\/\/www.kansascommerce.gov\/404-page\/\",\"name\":\"Page Not Found - Kansas Department of Commerce\",\"isPartOf\":{\"@id\":\"https:\/\/www.kansascommerce.gov\/#website\"},\"datePublished\":\"2020-09-15T15:23:31+00:00\",\"dateModified\":\"2020-09-15T15:23:50+00:00\",\"breadcrumb\":{\"@id\":\"https:\/\/www.kansascommerce.gov\/404-page\/#breadcrumb\"},\"inLanguage\":\"es\",\"potentialAction\":[{\"@type\":\"ReadAction\",\"target\":[\"https:\/\/www.kansascommerce.gov\/404-page\/\"]}]},{\"@type\":\"BreadcrumbList\",\"@id\":\"https:\/\/www.kansascommerce.gov\/404-page\/#breadcrumb\",\"itemListElement\":[{\"@type\":\"ListItem\",\"position\":1,\"name\":\"Home\",\"item\":\"https:\/\/www.kansascommerce.gov\/\"},{\"@type\":\"ListItem\",\"position\":2,\"name\":\"404 Page\"}]},{\"@type\":\"WebSite\",\"@id\":\"https:\/\/www.kansascommerce.gov\/#website\",\"url\":\"https:\/\/www.kansascommerce.gov\/\",\"name\":\"Kansas Department of Commerce\",\"description\":\"Empowering Prosperity\",\"publisher\":{\"@id\":\"https:\/\/www.kansascommerce.gov\/#organization\"},\"potentialAction\":[{\"@type\":\"SearchAction\",\"target\":{\"@type\":\"EntryPoint\",\"urlTemplate\":\"https:\/\/www.kansascommerce.gov\/?s={search_term_string}\"},\"query-input\":{\"@type\":\"PropertyValueSpecification\",\"valueRequired\":true,\"valueName\":\"search_term_string\"}}],\"inLanguage\":\"es\"},{\"@type\":\"Organization\",\"@id\":\"https:\/\/www.kansascommerce.gov\/#organization\",\"name\":\"Kansas Department of Commerce\",\"url\":\"https:\/\/www.kansascommerce.gov\/\",\"logo\":{\"@type\":\"ImageObject\",\"inLanguage\":\"es\",\"@id\":\"https:\/\/www.kansascommerce.gov\/#\/schema\/logo\/image\/\",\"url\":\"https:\/\/www.kansascommerce.gov\/wp-content\/uploads\/2020\/07\/kdc_logo.png\",\"contentUrl\":\"https:\/\/www.kansascommerce.gov\/wp-content\/uploads\/2020\/07\/kdc_logo.png\",\"width\":600,\"height\":347,\"caption\":\"Kansas Department of Commerce\"},\"image\":{\"@id\":\"https:\/\/www.kansascommerce.gov\/#\/schema\/logo\/image\/\"},\"sameAs\":[\"https:\/\/www.facebook.com\/KansasCommerce\/\",\"https:\/\/x.com\/KansasCommerce\",\"https:\/\/www.linkedin.com\/company\/kansas-department-of-commerce\/\"]}]}<\/script>\n<!-- \/ Yoast SEO Premium plugin. -->","yoast_head_json":{"title":"Page Not Found - Kansas Department of Commerce","robots":{"index":"index","follow":"follow","max-snippet":"max-snippet:-1","max-image-preview":"max-image-preview:large","max-video-preview":"max-video-preview:-1"},"canonical":"https:\/\/www.kansascommerce.gov\/es\/404-page\/","og_locale":"es_ES","og_type":"article","og_title":"404 Page","og_url":"https:\/\/www.kansascommerce.gov\/es\/404-page\/","og_site_name":"Kansas Department of Commerce","article_publisher":"https:\/\/www.facebook.com\/KansasCommerce\/","article_modified_time":"2020-09-15T15:23:50+00:00","og_image":[{"width":1200,"height":630,"url":"https:\/\/www.kansascommerce.gov\/wp-content\/uploads\/2020\/09\/KDC_OG-MEta.jpg","type":"image\/jpeg"}],"twitter_card":"summary_large_image","twitter_site":"@KansasCommerce","schema":{"@context":"https:\/\/schema.org","@graph":[{"@type":"WebPage","@id":"https:\/\/www.kansascommerce.gov\/404-page\/","url":"https:\/\/www.kansascommerce.gov\/404-page\/","name":"Page Not Found - Kansas Department of Commerce","isPartOf":{"@id":"https:\/\/www.kansascommerce.gov\/#website"},"datePublished":"2020-09-15T15:23:31+00:00","dateModified":"2020-09-15T15:23:50+00:00","breadcrumb":{"@id":"https:\/\/www.kansascommerce.gov\/404-page\/#breadcrumb"},"inLanguage":"es","potentialAction":[{"@type":"ReadAction","target":["https:\/\/www.kansascommerce.gov\/404-page\/"]}]},{"@type":"BreadcrumbList","@id":"https:\/\/www.kansascommerce.gov\/404-page\/#breadcrumb","itemListElement":[{"@type":"ListItem","position":1,"name":"Home","item":"https:\/\/www.kansascommerce.gov\/"},{"@type":"ListItem","position":2,"name":"404 Page"}]},{"@type":"WebSite","@id":"https:\/\/www.kansascommerce.gov\/#website","url":"https:\/\/www.kansascommerce.gov\/","name":"Departamento de Comercio de Kansas","description":"Fomentar la prosperidad","publisher":{"@id":"https:\/\/www.kansascommerce.gov\/#organization"},"potentialAction":[{"@type":"SearchAction","target":{"@type":"EntryPoint","urlTemplate":"https:\/\/www.kansascommerce.gov\/?s={search_term_string}"},"query-input":{"@type":"PropertyValueSpecification","valueRequired":true,"valueName":"search_term_string"}}],"inLanguage":"es"},{"@type":"Organization","@id":"https:\/\/www.kansascommerce.gov\/#organization","name":"Departamento de Comercio de Kansas","url":"https:\/\/www.kansascommerce.gov\/","logo":{"@type":"ImageObject","inLanguage":"es","@id":"https:\/\/www.kansascommerce.gov\/#\/schema\/logo\/image\/","url":"https:\/\/www.kansascommerce.gov\/wp-content\/uploads\/2020\/07\/kdc_logo.png","contentUrl":"https:\/\/www.kansascommerce.gov\/wp-content\/uploads\/2020\/07\/kdc_logo.png","width":600,"height":347,"caption":"Kansas Department of Commerce"},"image":{"@id":"https:\/\/www.kansascommerce.gov\/#\/schema\/logo\/image\/"},"sameAs":["https:\/\/www.facebook.com\/KansasCommerce\/","https:\/\/x.com\/KansasCommerce","https:\/\/www.linkedin.com\/company\/kansas-department-of-commerce\/"]}]}},"publishpress_future_action":{"enabled":false,"date":"2026-04-11 05:08:47","action":"change-status","newStatus":"draft","terms":[],"taxonomy":"","extraData":[]},"publishpress_future_workflow_manual_trigger":{"enabledWorkflows":[]},"_links":{"self":[{"href":"https:\/\/www.kansascommerce.gov\/es\/wp-json\/wp\/v2\/pages\/25662","targetHints":{"allow":["GET"]}}],"collection":[{"href":"https:\/\/www.kansascommerce.gov\/es\/wp-json\/wp\/v2\/pages"}],"about":[{"href":"https:\/\/www.kansascommerce.gov\/es\/wp-json\/wp\/v2\/types\/page"}],"author":[{"embeddable":true,"href":"https:\/\/www.kansascommerce.gov\/es\/wp-json\/wp\/v2\/users\/75"}],"replies":[{"embeddable":true,"href":"https:\/\/www.kansascommerce.gov\/es\/wp-json\/wp\/v2\/comments?post=25662"}],"version-history":[{"count":0,"href":"https:\/\/www.kansascommerce.gov\/es\/wp-json\/wp\/v2\/pages\/25662\/revisions"}],"wp:attachment":[{"href":"https:\/\/www.kansascommerce.gov\/es\/wp-json\/wp\/v2\/media?parent=25662"}],"curies":[{"name":"wp","href":"https:\/\/api.w.org\/{rel}","templated":true}]}}