{"id":29,"date":"2020-06-29T19:20:51","date_gmt":"2020-06-29T19:20:51","guid":{"rendered":"https:\/\/kdc1000.wpengine.com\/?page_id=29"},"modified":"2020-12-29T21:47:33","modified_gmt":"2020-12-29T21:47:33","slug":"accessibility","status":"publish","type":"page","link":"https:\/\/www.kansascommerce.gov\/es\/accessibility\/","title":{"rendered":"Accesibilidad"},"content":{"rendered":"<div class=\"hero-block hero-block--simple\" >\n\n        <div class=\"breadcrumb_wrapper\">\n                                                <a href=\"https:\/\/www.kansascommerce.gov\/es\/\">Inicio<\/a> \/\n                                                                <span>Accesibilidad<\/span>\n                                    <\/div>\n\n        <div class=\"container h-100\">\n            <div class=\"row align-items-center h-100\">\n                <div class=\"col-12 content\">\n                    <div>\n\n<h1 class=\"wp-block-heading\" id=\"h-website-accessibility\">Accesibilidad del sitio web<\/h1>\n\n\n\n<p><\/p>\n\n<\/div>\n                <\/div>\n            <\/div>\n        <\/div>\n    <\/div>\n    \n\n    <div class=\"container\">            <div class=\"wrapper-block\" style=\"                                                                                                                                    \">\n        \n\n<p>Si utiliza una tecnolog\u00eda de asistencia (como un lector Braille, un lector de pantalla o un TTY) y el formato de cualquier material de este sitio web interfiere con su capacidad para acceder a la informaci\u00f3n, le rogamos que&nbsp;<a href=\"https:\/\/www.kansascommerce.gov\/es\/contact\/\">Contacto<\/a>. Para que podamos responderle de la forma m\u00e1s \u00fatil para usted, ind\u00edquenos la naturaleza de su problema de accesibilidad, el formato preferido para recibir el material, la direcci\u00f3n web del material solicitado y sus datos de contacto. Los usuarios que necesiten ayuda en materia de accesibilidad tambi\u00e9n pueden ponerse en contacto con nosotros por tel\u00e9fono a trav\u00e9s del Servicio Federal de Retransmisi\u00f3n de Informaci\u00f3n, llamando al 1-800-877-8339 para comunicaci\u00f3n por TTY\/voz.<\/p>\n\n\n\n<h2 class=\"wp-block-heading\" id=\"h-accessibility-design-guidelines\">Directrices de dise\u00f1o de accesibilidad<\/h2>\n\n\n\n<p>Nuestro sitio web se ha dise\u00f1ado teniendo en cuenta las siguientes pautas de accesibilidad:<\/p>\n\n\n\n<ul class=\"wp-block-list\"><li>Trabajamos para cumplir&nbsp;<a href=\"http:\/\/www.section508.gov\/\" target=\"_blank\" rel=\"noreferrer noopener\">Secci\u00f3n 508<\/a>&nbsp;as\u00ed como&nbsp;<a href=\"http:\/\/www.w3.org\/WAI\/intro\/wcag\" target=\"_blank\" rel=\"noreferrer noopener\">2,0 A y AA<\/a>&nbsp;en referencia a las normas de accesibilidad de los sitios web.<\/li><li>Si tiene dificultades para acceder al sitio o desea hacer alg\u00fan comentario u observaci\u00f3n, no dude en&nbsp;<a href=\"https:\/\/www.kansascommerce.gov\/es\/contact\/\">Contacto<\/a>.<\/li><\/ul>\n\n\n\n<h2 class=\"wp-block-heading\" id=\"h-browser-accessibility-information\">Informaci\u00f3n sobre accesibilidad de navegadores<\/h2>\n\n\n\n<p>Muchos navegadores populares incorporan herramientas de accesibilidad.<\/p>\n\n\n\n<ul class=\"wp-block-list\"><li><a href=\"http:\/\/www.microsoft.com\/enable\/products\/default.aspx\" target=\"_blank\" rel=\"noreferrer noopener\">Informaci\u00f3n sobre accesibilidad de Internet Explorer<\/a><\/li><li><a href=\"http:\/\/www.accessfirefox.org\/\" target=\"_blank\" rel=\"noreferrer noopener\">Informaci\u00f3n sobre accesibilidad de Firefox<\/a><\/li><li><a href=\"https:\/\/www.google.com\/accessibility\/all-products-features.html\" target=\"_blank\" rel=\"noreferrer noopener\">Informaci\u00f3n sobre accesibilidad de Chrome<\/a><\/li><\/ul>\n\n\n\n<h2 class=\"wp-block-heading\" id=\"h-additional-plugins\">Plugins adicionales<\/h2>\n\n\n\n<p>Se necesita Adobe Reader para ver e imprimir los documentos PDF que aparecen en este sitio web.<\/p>\n\n\n\n<ul class=\"wp-block-list\"><li>Para descargar gratuitamente este programa, visite la p\u00e1gina&nbsp;<a href=\"http:\/\/www.adobe.com\/products\/reader.html\" target=\"_blank\" rel=\"noreferrer noopener\">Sitio web de Adobe<\/a>.<\/li><li>Para leer documentos PDF con un lector de pantalla, visite la p\u00e1gina&nbsp;<a href=\"http:\/\/www.adobe.com\/accessibility\/products\/reader\/\" target=\"_blank\" rel=\"noreferrer noopener\">Sitio web de accesibilidad de Adobe Reader<\/a>&nbsp;que ofrece herramientas y recursos \u00fatiles.<\/li><\/ul>\n\n\n\n<p>Es posible que necesite Adobe Flash para ver algunos v\u00eddeos que aparecen en este sitio web.<\/p>\n\n\n\n<ul class=\"wp-block-list\"><li>Para descargar gratuitamente este programa, visite la p\u00e1gina&nbsp;<a href=\"http:\/\/get.adobe.com\/flashplayer\/\" target=\"_blank\" rel=\"noreferrer noopener\">Sitio web de Adobe<\/a>.<\/li><li>Para acceder al contenido flash mediante un lector de pantalla, visite la p\u00e1gina&nbsp;<a href=\"http:\/\/www.adobe.com\/accessibility\/products\/flashplayer\/overview.html\" target=\"_blank\" rel=\"noreferrer noopener\">Sitio web de accesibilidad de Adobe Flash Player<\/a>&nbsp;que ofrece herramientas y recursos \u00fatiles.<\/li><\/ul>\n\n\n\n<h2 class=\"wp-block-heading\" id=\"h-supported-assistive-technology\">Tecnolog\u00eda de asistencia asistida<\/h2>\n\n\n\n<ul class=\"wp-block-list\"><li>\u00daltima versi\u00f3n de&nbsp;<a href=\"http:\/\/www.freedomscientific.com\/Products\/Blindness\/JAWS\" target=\"_blank\" rel=\"noreferrer noopener\">JAWS<\/a>&nbsp;para Windows<\/li><li>\u00daltima versi\u00f3n de&nbsp;<a href=\"http:\/\/www.nvaccess.org\/\" target=\"_blank\" rel=\"noreferrer noopener\">NVDA<\/a>&nbsp;para Windows<\/li><li>\u00daltima versi\u00f3n de&nbsp;<a href=\"http:\/\/www.apple.com\/accessibility\/osx\/voiceover\" target=\"_blank\" rel=\"noreferrer noopener\">VoiceOver<\/a>&nbsp;para Mac OS X<\/li><li>Navegaci\u00f3n s\u00f3lo con teclado<\/li><\/ul>\n\n\n        <div class=\"clearfix\"><\/div>\n    <\/div>\n    <\/div>","protected":false},"excerpt":{"rendered":"","protected":false},"author":20,"featured_media":0,"parent":0,"menu_order":480,"comment_status":"closed","ping_status":"closed","template":"","meta":{"_acf_changed":false,"_eb_attr":"","_monsterinsights_skip_tracking":false,"_monsterinsights_sitenote_active":false,"_monsterinsights_sitenote_note":"","_monsterinsights_sitenote_category":0,"footnotes":""},"class_list":["post-29","page","type-page","status-publish","hentry"],"acf":[],"yoast_head":"<!-- This site is optimized with the Yoast SEO Premium plugin v19.5 (Yoast SEO v27.1.1) - https:\/\/yoast.com\/product\/yoast-seo-premium-wordpress\/ -->\n<title>The Kansas Department of Commerce Website Accessibility<\/title>\n<meta name=\"description\" content=\"Kansas Department of Commerce website provides accessibility for those using assistive technology to access web information. www.kansascommerce.gov\" \/>\n<meta name=\"robots\" content=\"index, follow, max-snippet:-1, max-image-preview:large, max-video-preview:-1\" \/>\n<link rel=\"canonical\" href=\"https:\/\/www.kansascommerce.gov\/es\/accessibility\/\" \/>\n<meta property=\"og:locale\" content=\"es_ES\" \/>\n<meta property=\"og:type\" content=\"article\" \/>\n<meta property=\"og:title\" content=\"Accessibility\" \/>\n<meta property=\"og:description\" content=\"Kansas Department of Commerce website provides accessibility for those using assistive technology to access web information. www.kansascommerce.gov\" \/>\n<meta property=\"og:url\" content=\"https:\/\/www.kansascommerce.gov\/es\/accessibility\/\" \/>\n<meta property=\"og:site_name\" content=\"Kansas Department of Commerce\" \/>\n<meta property=\"article:publisher\" content=\"https:\/\/www.facebook.com\/KansasCommerce\/\" \/>\n<meta property=\"article:modified_time\" content=\"2020-12-29T21:47:33+00:00\" \/>\n<meta property=\"og:image\" content=\"https:\/\/www.kansascommerce.gov\/wp-content\/uploads\/2020\/09\/KDC_OG-MEta.jpg\" \/>\n\t<meta property=\"og:image:width\" content=\"1200\" \/>\n\t<meta property=\"og:image:height\" content=\"630\" \/>\n\t<meta property=\"og:image:type\" content=\"image\/jpeg\" \/>\n<meta name=\"twitter:card\" content=\"summary_large_image\" \/>\n<meta name=\"twitter:site\" content=\"@KansasCommerce\" \/>\n<script type=\"application\/ld+json\" class=\"yoast-schema-graph\">{\"@context\":\"https:\/\/schema.org\",\"@graph\":[{\"@type\":\"WebPage\",\"@id\":\"https:\/\/www.kansascommerce.gov\/accessibility\/\",\"url\":\"https:\/\/www.kansascommerce.gov\/accessibility\/\",\"name\":\"The Kansas Department of Commerce Website Accessibility\",\"isPartOf\":{\"@id\":\"https:\/\/www.kansascommerce.gov\/#website\"},\"datePublished\":\"2020-06-29T19:20:51+00:00\",\"dateModified\":\"2020-12-29T21:47:33+00:00\",\"description\":\"Kansas Department of Commerce website provides accessibility for those using assistive technology to access web information. www.kansascommerce.gov\",\"breadcrumb\":{\"@id\":\"https:\/\/www.kansascommerce.gov\/accessibility\/#breadcrumb\"},\"inLanguage\":\"es\",\"potentialAction\":[{\"@type\":\"ReadAction\",\"target\":[\"https:\/\/www.kansascommerce.gov\/accessibility\/\"]}]},{\"@type\":\"BreadcrumbList\",\"@id\":\"https:\/\/www.kansascommerce.gov\/accessibility\/#breadcrumb\",\"itemListElement\":[{\"@type\":\"ListItem\",\"position\":1,\"name\":\"Home\",\"item\":\"https:\/\/www.kansascommerce.gov\/\"},{\"@type\":\"ListItem\",\"position\":2,\"name\":\"Accessibility\"}]},{\"@type\":\"WebSite\",\"@id\":\"https:\/\/www.kansascommerce.gov\/#website\",\"url\":\"https:\/\/www.kansascommerce.gov\/\",\"name\":\"Kansas Department of Commerce\",\"description\":\"Empowering Prosperity\",\"publisher\":{\"@id\":\"https:\/\/www.kansascommerce.gov\/#organization\"},\"potentialAction\":[{\"@type\":\"SearchAction\",\"target\":{\"@type\":\"EntryPoint\",\"urlTemplate\":\"https:\/\/www.kansascommerce.gov\/?s={search_term_string}\"},\"query-input\":{\"@type\":\"PropertyValueSpecification\",\"valueRequired\":true,\"valueName\":\"search_term_string\"}}],\"inLanguage\":\"es\"},{\"@type\":\"Organization\",\"@id\":\"https:\/\/www.kansascommerce.gov\/#organization\",\"name\":\"Kansas Department of Commerce\",\"url\":\"https:\/\/www.kansascommerce.gov\/\",\"logo\":{\"@type\":\"ImageObject\",\"inLanguage\":\"es\",\"@id\":\"https:\/\/www.kansascommerce.gov\/#\/schema\/logo\/image\/\",\"url\":\"https:\/\/www.kansascommerce.gov\/wp-content\/uploads\/2020\/07\/kdc_logo.png\",\"contentUrl\":\"https:\/\/www.kansascommerce.gov\/wp-content\/uploads\/2020\/07\/kdc_logo.png\",\"width\":600,\"height\":347,\"caption\":\"Kansas Department of Commerce\"},\"image\":{\"@id\":\"https:\/\/www.kansascommerce.gov\/#\/schema\/logo\/image\/\"},\"sameAs\":[\"https:\/\/www.facebook.com\/KansasCommerce\/\",\"https:\/\/x.com\/KansasCommerce\",\"https:\/\/www.linkedin.com\/company\/kansas-department-of-commerce\/\"]}]}<\/script>\n<!-- \/ Yoast SEO Premium plugin. -->","yoast_head_json":{"title":"The Kansas Department of Commerce Website Accessibility","description":"Kansas Department of Commerce website provides accessibility for those using assistive technology to access web information. www.kansascommerce.gov","robots":{"index":"index","follow":"follow","max-snippet":"max-snippet:-1","max-image-preview":"max-image-preview:large","max-video-preview":"max-video-preview:-1"},"canonical":"https:\/\/www.kansascommerce.gov\/es\/accessibility\/","og_locale":"es_ES","og_type":"article","og_title":"Accessibility","og_description":"Kansas Department of Commerce website provides accessibility for those using assistive technology to access web information. www.kansascommerce.gov","og_url":"https:\/\/www.kansascommerce.gov\/es\/accessibility\/","og_site_name":"Kansas Department of Commerce","article_publisher":"https:\/\/www.facebook.com\/KansasCommerce\/","article_modified_time":"2020-12-29T21:47:33+00:00","og_image":[{"width":1200,"height":630,"url":"https:\/\/www.kansascommerce.gov\/wp-content\/uploads\/2020\/09\/KDC_OG-MEta.jpg","type":"image\/jpeg"}],"twitter_card":"summary_large_image","twitter_site":"@KansasCommerce","schema":{"@context":"https:\/\/schema.org","@graph":[{"@type":"WebPage","@id":"https:\/\/www.kansascommerce.gov\/accessibility\/","url":"https:\/\/www.kansascommerce.gov\/accessibility\/","name":"The Kansas Department of Commerce Website Accessibility","isPartOf":{"@id":"https:\/\/www.kansascommerce.gov\/#website"},"datePublished":"2020-06-29T19:20:51+00:00","dateModified":"2020-12-29T21:47:33+00:00","description":"Kansas Department of Commerce website provides accessibility for those using assistive technology to access web information. www.kansascommerce.gov","breadcrumb":{"@id":"https:\/\/www.kansascommerce.gov\/accessibility\/#breadcrumb"},"inLanguage":"es","potentialAction":[{"@type":"ReadAction","target":["https:\/\/www.kansascommerce.gov\/accessibility\/"]}]},{"@type":"BreadcrumbList","@id":"https:\/\/www.kansascommerce.gov\/accessibility\/#breadcrumb","itemListElement":[{"@type":"ListItem","position":1,"name":"Home","item":"https:\/\/www.kansascommerce.gov\/"},{"@type":"ListItem","position":2,"name":"Accessibility"}]},{"@type":"WebSite","@id":"https:\/\/www.kansascommerce.gov\/#website","url":"https:\/\/www.kansascommerce.gov\/","name":"Departamento de Comercio de Kansas","description":"Fomentar la prosperidad","publisher":{"@id":"https:\/\/www.kansascommerce.gov\/#organization"},"potentialAction":[{"@type":"SearchAction","target":{"@type":"EntryPoint","urlTemplate":"https:\/\/www.kansascommerce.gov\/?s={search_term_string}"},"query-input":{"@type":"PropertyValueSpecification","valueRequired":true,"valueName":"search_term_string"}}],"inLanguage":"es"},{"@type":"Organization","@id":"https:\/\/www.kansascommerce.gov\/#organization","name":"Departamento de Comercio de Kansas","url":"https:\/\/www.kansascommerce.gov\/","logo":{"@type":"ImageObject","inLanguage":"es","@id":"https:\/\/www.kansascommerce.gov\/#\/schema\/logo\/image\/","url":"https:\/\/www.kansascommerce.gov\/wp-content\/uploads\/2020\/07\/kdc_logo.png","contentUrl":"https:\/\/www.kansascommerce.gov\/wp-content\/uploads\/2020\/07\/kdc_logo.png","width":600,"height":347,"caption":"Kansas Department of Commerce"},"image":{"@id":"https:\/\/www.kansascommerce.gov\/#\/schema\/logo\/image\/"},"sameAs":["https:\/\/www.facebook.com\/KansasCommerce\/","https:\/\/x.com\/KansasCommerce","https:\/\/www.linkedin.com\/company\/kansas-department-of-commerce\/"]}]}},"publishpress_future_action":{"enabled":false,"date":"2026-04-20 07:21:54","action":"change-status","newStatus":"draft","terms":[],"taxonomy":"","extraData":[]},"publishpress_future_workflow_manual_trigger":{"enabledWorkflows":[]},"_links":{"self":[{"href":"https:\/\/www.kansascommerce.gov\/es\/wp-json\/wp\/v2\/pages\/29","targetHints":{"allow":["GET"]}}],"collection":[{"href":"https:\/\/www.kansascommerce.gov\/es\/wp-json\/wp\/v2\/pages"}],"about":[{"href":"https:\/\/www.kansascommerce.gov\/es\/wp-json\/wp\/v2\/types\/page"}],"author":[{"embeddable":true,"href":"https:\/\/www.kansascommerce.gov\/es\/wp-json\/wp\/v2\/users\/20"}],"replies":[{"embeddable":true,"href":"https:\/\/www.kansascommerce.gov\/es\/wp-json\/wp\/v2\/comments?post=29"}],"version-history":[{"count":0,"href":"https:\/\/www.kansascommerce.gov\/es\/wp-json\/wp\/v2\/pages\/29\/revisions"}],"wp:attachment":[{"href":"https:\/\/www.kansascommerce.gov\/es\/wp-json\/wp\/v2\/media?parent=29"}],"curies":[{"name":"wp","href":"https:\/\/api.w.org\/{rel}","templated":true}]}}