{"id":3,"date":"2020-06-26T20:33:08","date_gmt":"2020-06-26T20:33:08","guid":{"rendered":"https:\/\/kdc1000.wpengine.com\/?page_id=3"},"modified":"2020-12-29T22:06:40","modified_gmt":"2020-12-29T22:06:40","slug":"privacy-statement","status":"publish","type":"page","link":"https:\/\/www.kansascommerce.gov\/es\/privacy-statement\/","title":{"rendered":"Pol\u00edtica de privacidad"},"content":{"rendered":"<div class=\"hero-block hero-block--simple\" >\n\n        <div class=\"breadcrumb_wrapper\">\n                                                <a href=\"https:\/\/www.kansascommerce.gov\/es\/\">Inicio<\/a> \/\n                                                                <span>Pol\u00edtica de privacidad<\/span>\n                                    <\/div>\n\n        <div class=\"container h-100\">\n            <div class=\"row align-items-center h-100\">\n                <div class=\"col-12 content\">\n                    <div>\n\n<h1 class=\"wp-block-heading\" id=\"h-privacy-policy\">Pol\u00edtica de privacidad<\/h1>\n\n\n\n<p><\/p>\n\n<\/div>\n                <\/div>\n            <\/div>\n        <\/div>\n    <\/div>\n    \n\n    <div class=\"container\">            <div class=\"wrapper-block\" style=\"                                                                                                                                    \">\n        \n\n<h2 class=\"wp-block-heading\" id=\"h-what-is-kansas-department-of-commerce\">\u00bfQu\u00e9 es el Departamento de Comercio de Kansas?<\/h2>\n\n\n\n<p>El Departamento de Comercio de Kansas (KDC) es la agencia de desarrollo econ\u00f3mico del estado. Ayudamos a fomentar el crecimiento de Kansas a trav\u00e9s del desarrollo empresarial, de la mano de obra y de la comunidad. Este crecimiento se proporciona con la informaci\u00f3n sobre el programa y los servicios proporcionados por el Departamento de Comercio de Kansas y a trav\u00e9s de asociaciones. Se proporciona informaci\u00f3n pertinente a las empresas sobre c\u00f3mo empezar, trasladarse o expandirse en Kansas. La salud de la mano de obra de Kansas se aborda a trav\u00e9s de la asociaci\u00f3n con <strong>NEGOCIOS<\/strong>OBRAS. Adem\u00e1s, existen numerosas v\u00edas para el crecimiento de la comunidad a trav\u00e9s de las artes, subvenciones y\/o programas.&nbsp;<\/p>\n\n\n\n<h2 class=\"wp-block-heading\" id=\"h-what-information-is-collected\">Qu\u00e9 informaci\u00f3n se recoge<\/h2>\n\n\n\n<p>Esta pol\u00edtica de privacidad describe c\u00f3mo el Departamento de Comercio de Kansas trata la informaci\u00f3n de identificaci\u00f3n personal (IIP) que se recopila cuando usted est\u00e1 en el sitio web y cuando utiliza nuestros servicios. Recogemos informaci\u00f3n de usted de diferentes maneras y por diferentes razones. Nuestro sitio web, nuestra aplicaci\u00f3n m\u00f3vil y nuestros servicios no est\u00e1n destinados a ni\u00f1os menores de 13 a\u00f1os, y ning\u00fan menor de 13 a\u00f1os puede proporcionarnos informaci\u00f3n personal ni a trav\u00e9s del sitio web, la aplicaci\u00f3n m\u00f3vil o nuestros servicios. No recopilamos conscientemente informaci\u00f3n personal de ni\u00f1os menores de 13 a\u00f1os. Si tiene menos de 13 a\u00f1os, no utilice ni facilite informaci\u00f3n alguna en nuestro Sitio web ni en nuestros servicios ni a trav\u00e9s de ellos. Si nos enteramos de que hemos recopilado informaci\u00f3n personal de un ni\u00f1o menor de 13 a\u00f1os, la eliminaremos. Si cree que podemos tener informaci\u00f3n personal de o sobre un ni\u00f1o menor de 13 a\u00f1os, p\u00f3ngase en contacto con nosotros en <a href=\"mailto:kdc_marketing@ks.gov\">kdc_marketing@ks.gov<\/a>.&nbsp;<\/p>\n\n\n\n<p>El Departamento de Comercio de Kansas recopila autom\u00e1ticamente direcciones IP e informaci\u00f3n de uso del sitio web cuando usted visita nuestro sitio y puede compartir esta informaci\u00f3n con un socio de an\u00e1lisis de datos. Esto nos ayuda a evaluar c\u00f3mo se utiliza nuestro sitio, como el n\u00famero y la frecuencia de visitantes a cada p\u00e1gina y la duraci\u00f3n de sus visitas. El Departamento de Comercio de Kansas recopila datos acumulativos como el n\u00famero de b\u00fasquedas realizadas en el sitio web o el n\u00famero de veces que se visualiza una p\u00e1gina web. Estos datos no contienen informaci\u00f3n personal y s\u00f3lo se utilizan para evaluar el rendimiento del sitio. Por \u00faltimo, el sistema de registro de errores del Departamento de Comercio de Kansas recoger\u00e1 su nombre de usuario con cualquier error que se produzca para ayudar a nuestro personal t\u00e9cnico a resolver el error.&nbsp;<\/p>\n\n\n\n<h2 class=\"wp-block-heading\" id=\"h-how-is-information-used\">\u00bfC\u00f3mo se utiliza la informaci\u00f3n?<\/h2>\n\n\n\n<p>Utilizamos su informaci\u00f3n para ayudarle mejor a alcanzar sus objetivos y mejorar su experiencia en nuestro sitio web. Tambi\u00e9n la utilizamos para cumplir los requisitos estatales y federales de presentaci\u00f3n de informes. Tenga en cuenta que, debido a estos requisitos, los datos personales se conservan a menos que usted solicite su eliminaci\u00f3n, o seg\u00fan los requisitos estatales de conservaci\u00f3n de datos. Las solicitudes de eliminaci\u00f3n de datos personales deben enviarse a <a href=\"mailto:kdc_marketing@ks.gov\">kdc_marketing@ks.gov<\/a>.&nbsp;<\/p>\n\n\n\n<p>No utilizaremos estos datos con fines comerciales.<\/p>\n\n\n\n<h2 class=\"wp-block-heading\" id=\"h-use-of-live-chat\">Uso del chat en directo<\/h2>\n\n\n\n<p>El Departamento de Comercio de Kansas incluye una funci\u00f3n de chat en directo para que los solicitantes de empleo puedan ponerse en contacto con el personal para obtener ayuda. Cuando un miembro del personal del KDC no est\u00e1 disponible para responder a su chat, los mensajes pueden ser enviados desde un sistema de respuesta automatizada (chatbot). Cualquier respuesta automatizada se identificar\u00e1 como generada por ordenador. Estos mensajes generados por ordenador no son moderados por el personal de KDC. Puede verificar cualquier informaci\u00f3n que le proporcione el servicio de chatbot enviando sus preguntas a <a href=\"mailto:kdc_marketing@ks.gov\">kdc_marketing@ks.gov<\/a>.<\/p>\n\n\n\n<p>Es posible que se le pida informaci\u00f3n como su nombre y apellidos o su direcci\u00f3n de correo electr\u00f3nico para que el personal pueda responder a sus solicitudes. Nunca le pediremos, ni deber\u00e1 proporcionar, informaci\u00f3n personal espec\u00edfica, como su n\u00famero completo de la Seguridad Social. Los historiales de mensajes de chat se almacenar\u00e1n y proteger\u00e1n de acuerdo con las pr\u00e1cticas est\u00e1ndar del sector.<\/p>\n\n\n\n<h2 class=\"wp-block-heading\" id=\"h-use-of-cookies\">Uso de cookies<\/h2>\n\n\n\n<p>Al utilizar el sitio web del Departamento de Comercio de Kansas, podemos pasar cookies a su ordenador o dispositivo m\u00f3vil. Las cookies son archivos de informaci\u00f3n que su navegador web coloca en el disco duro de su dispositivo o temporalmente en su memoria cuando visita el sitio web. Las cookies no pueden da\u00f1ar su dispositivo ni leer informaci\u00f3n de su disco duro. En el Departamento de Comercio de Kansas, las cookies se utilizan para mantener su sesi\u00f3n a medida que se desplaza por nuestras p\u00e1ginas. Cuando visita nuestro sitio, el Departamento de Comercio de Kansas instala una cookie que funciona como una tarjeta de identificaci\u00f3n. Cada vez que visite una p\u00e1gina a partir de ese momento, esta \"tarjeta de identificaci\u00f3n\" nos ser\u00e1 enviada. Podemos utilizar esta \"tarjeta de identificaci\u00f3n\" para personalizar el sitio y satisfacer mejor sus necesidades.<\/p>\n\n\n\n<h2 class=\"wp-block-heading\" id=\"h-how-is-data-secured\">\u00bfC\u00f3mo se protegen los datos?<\/h2>\n\n\n\n<p>Para proteger la informaci\u00f3n que recopila el Departamento de Comercio de Kansas, mantenemos medidas de seguridad est\u00e1ndar del sector, como las siguientes:<\/p>\n\n\n\n<ul class=\"wp-block-list\"><li>Limitar las personas que tienen acceso a nuestros servidores de bases de datos;&nbsp;<\/li><li>Enmascarar la visualizaci\u00f3n de los n\u00fameros de la Seguridad Social;<\/li><li>Utilizando la encriptaci\u00f3n Transport Layer Security (TLS) para garantizar la privacidad y seguridad de los datos transmitidos entre su navegador y nuestro servidor web,<\/li><li>Utilizar una contrase\u00f1a individual para que s\u00f3lo usted pueda acceder a su cuenta. Usted es responsable de mantener la confidencialidad de su contrase\u00f1a.&nbsp;<\/li><\/ul>\n\n\n\n<p>Recuerde que usted tambi\u00e9n desempe\u00f1a un papel clave en la seguridad. Cuando termine de utilizar el Departamento de Comercio de Kansas, descon\u00e9ctese y cierre su navegador para que nadie pueda acceder a su cuenta. Si abandona el Departamento de Comercio de Kansas, recuerde que otros sitios web tienen sus propias pol\u00edticas de privacidad o pr\u00e1cticas de recopilaci\u00f3n de datos, que pueden ser diferentes de las nuestras. Revise las pol\u00edticas de privacidad y las pr\u00e1cticas de recopilaci\u00f3n de datos de esos sitios web.&nbsp;<\/p>\n\n\n\n<p>Tenga en cuenta que si comparte voluntariamente informaci\u00f3n como la direcci\u00f3n de correo electr\u00f3nico o mensajes del Departamento de Comercio de Kansas, puede dar lugar a contactos no solicitados de terceros. Tales actividades est\u00e1n fuera de nuestro control. Adem\u00e1s, si env\u00eda su informaci\u00f3n a un socio o afiliado de KDC, el Departamento de Comercio de Kansas no es responsable de la retenci\u00f3n, uso o pr\u00e1cticas de privacidad de dicho socio o afiliado. Para obtener m\u00e1s informaci\u00f3n sobre c\u00f3mo puede protegerse en Internet, lea nuestro <a href=\"https:\/\/www.kansasworks.com\/ada\/r\/protect_yourself\">Prot\u00e9jase<\/a> El Departamento de Comercio de Kansas puede actualizar esta pol\u00edtica de vez en cuando. Si realizamos cambios importantes en la forma en que utilizamos o protegemos su informaci\u00f3n personal, publicaremos un anuncio claro en nuestras p\u00e1ginas. Si tiene alguna pregunta sobre esta pol\u00edtica, env\u00ede un correo electr\u00f3nico a <a href=\"mailto:kdc_marketing@ks.gov\">kdc_marketing@ks.gov<\/a>.<\/p>\n\n\n        <div class=\"clearfix\"><\/div>\n    <\/div>\n    <\/div>","protected":false},"excerpt":{"rendered":"","protected":false},"author":20,"featured_media":0,"parent":0,"menu_order":478,"comment_status":"closed","ping_status":"open","template":"","meta":{"_acf_changed":false,"_eb_attr":"","_monsterinsights_skip_tracking":false,"_monsterinsights_sitenote_active":false,"_monsterinsights_sitenote_note":"","_monsterinsights_sitenote_category":0,"footnotes":""},"class_list":["post-3","page","type-page","status-publish","hentry"],"acf":[],"yoast_head":"<!-- This site is optimized with the Yoast SEO Premium plugin v19.5 (Yoast SEO v27.1.1) - https:\/\/yoast.com\/product\/yoast-seo-premium-wordpress\/ -->\n<title>The Kansas Department of Commerce Privacy Policy<\/title>\n<meta name=\"description\" content=\"The Kansas Department of Commerce Privacy Policy describes how personally identifiable information (PII) is collected when you are on our website.\" \/>\n<meta name=\"robots\" content=\"index, follow, max-snippet:-1, max-image-preview:large, max-video-preview:-1\" \/>\n<link rel=\"canonical\" href=\"https:\/\/www.kansascommerce.gov\/es\/privacy-statement\/\" \/>\n<meta property=\"og:locale\" content=\"es_ES\" \/>\n<meta property=\"og:type\" content=\"article\" \/>\n<meta property=\"og:title\" content=\"Privacy Policy\" \/>\n<meta property=\"og:description\" content=\"The Kansas Department of Commerce Privacy Policy describes how personally identifiable information (PII) is collected when you are on our website.\" \/>\n<meta property=\"og:url\" content=\"https:\/\/www.kansascommerce.gov\/es\/privacy-statement\/\" \/>\n<meta property=\"og:site_name\" content=\"Kansas Department of Commerce\" \/>\n<meta property=\"article:publisher\" content=\"https:\/\/www.facebook.com\/KansasCommerce\/\" \/>\n<meta property=\"article:modified_time\" content=\"2020-12-29T22:06:40+00:00\" \/>\n<meta property=\"og:image\" content=\"https:\/\/www.kansascommerce.gov\/wp-content\/uploads\/2020\/09\/KDC_OG-MEta.jpg\" \/>\n\t<meta property=\"og:image:width\" content=\"1200\" \/>\n\t<meta property=\"og:image:height\" content=\"630\" \/>\n\t<meta property=\"og:image:type\" content=\"image\/jpeg\" \/>\n<meta name=\"twitter:card\" content=\"summary_large_image\" \/>\n<meta name=\"twitter:site\" content=\"@KansasCommerce\" \/>\n<script type=\"application\/ld+json\" class=\"yoast-schema-graph\">{\"@context\":\"https:\/\/schema.org\",\"@graph\":[{\"@type\":\"WebPage\",\"@id\":\"https:\/\/www.kansascommerce.gov\/privacy-statement\/\",\"url\":\"https:\/\/www.kansascommerce.gov\/privacy-statement\/\",\"name\":\"The Kansas Department of Commerce Privacy Policy\",\"isPartOf\":{\"@id\":\"https:\/\/www.kansascommerce.gov\/#website\"},\"datePublished\":\"2020-06-26T20:33:08+00:00\",\"dateModified\":\"2020-12-29T22:06:40+00:00\",\"description\":\"The Kansas Department of Commerce Privacy Policy describes how personally identifiable information (PII) is collected when you are on our website.\",\"breadcrumb\":{\"@id\":\"https:\/\/www.kansascommerce.gov\/privacy-statement\/#breadcrumb\"},\"inLanguage\":\"es\",\"potentialAction\":[{\"@type\":\"ReadAction\",\"target\":[\"https:\/\/www.kansascommerce.gov\/privacy-statement\/\"]}]},{\"@type\":\"BreadcrumbList\",\"@id\":\"https:\/\/www.kansascommerce.gov\/privacy-statement\/#breadcrumb\",\"itemListElement\":[{\"@type\":\"ListItem\",\"position\":1,\"name\":\"Home\",\"item\":\"https:\/\/www.kansascommerce.gov\/\"},{\"@type\":\"ListItem\",\"position\":2,\"name\":\"Privacy Policy\"}]},{\"@type\":\"WebSite\",\"@id\":\"https:\/\/www.kansascommerce.gov\/#website\",\"url\":\"https:\/\/www.kansascommerce.gov\/\",\"name\":\"Kansas Department of Commerce\",\"description\":\"Empowering Prosperity\",\"publisher\":{\"@id\":\"https:\/\/www.kansascommerce.gov\/#organization\"},\"potentialAction\":[{\"@type\":\"SearchAction\",\"target\":{\"@type\":\"EntryPoint\",\"urlTemplate\":\"https:\/\/www.kansascommerce.gov\/?s={search_term_string}\"},\"query-input\":{\"@type\":\"PropertyValueSpecification\",\"valueRequired\":true,\"valueName\":\"search_term_string\"}}],\"inLanguage\":\"es\"},{\"@type\":\"Organization\",\"@id\":\"https:\/\/www.kansascommerce.gov\/#organization\",\"name\":\"Kansas Department of Commerce\",\"url\":\"https:\/\/www.kansascommerce.gov\/\",\"logo\":{\"@type\":\"ImageObject\",\"inLanguage\":\"es\",\"@id\":\"https:\/\/www.kansascommerce.gov\/#\/schema\/logo\/image\/\",\"url\":\"https:\/\/www.kansascommerce.gov\/wp-content\/uploads\/2020\/07\/kdc_logo.png\",\"contentUrl\":\"https:\/\/www.kansascommerce.gov\/wp-content\/uploads\/2020\/07\/kdc_logo.png\",\"width\":600,\"height\":347,\"caption\":\"Kansas Department of Commerce\"},\"image\":{\"@id\":\"https:\/\/www.kansascommerce.gov\/#\/schema\/logo\/image\/\"},\"sameAs\":[\"https:\/\/www.facebook.com\/KansasCommerce\/\",\"https:\/\/x.com\/KansasCommerce\",\"https:\/\/www.linkedin.com\/company\/kansas-department-of-commerce\/\"]}]}<\/script>\n<!-- \/ Yoast SEO Premium plugin. -->","yoast_head_json":{"title":"The Kansas Department of Commerce Privacy Policy","description":"The Kansas Department of Commerce Privacy Policy describes how personally identifiable information (PII) is collected when you are on our website.","robots":{"index":"index","follow":"follow","max-snippet":"max-snippet:-1","max-image-preview":"max-image-preview:large","max-video-preview":"max-video-preview:-1"},"canonical":"https:\/\/www.kansascommerce.gov\/es\/privacy-statement\/","og_locale":"es_ES","og_type":"article","og_title":"Privacy Policy","og_description":"The Kansas Department of Commerce Privacy Policy describes how personally identifiable information (PII) is collected when you are on our website.","og_url":"https:\/\/www.kansascommerce.gov\/es\/privacy-statement\/","og_site_name":"Kansas Department of Commerce","article_publisher":"https:\/\/www.facebook.com\/KansasCommerce\/","article_modified_time":"2020-12-29T22:06:40+00:00","og_image":[{"width":1200,"height":630,"url":"https:\/\/www.kansascommerce.gov\/wp-content\/uploads\/2020\/09\/KDC_OG-MEta.jpg","type":"image\/jpeg"}],"twitter_card":"summary_large_image","twitter_site":"@KansasCommerce","schema":{"@context":"https:\/\/schema.org","@graph":[{"@type":"WebPage","@id":"https:\/\/www.kansascommerce.gov\/privacy-statement\/","url":"https:\/\/www.kansascommerce.gov\/privacy-statement\/","name":"The Kansas Department of Commerce Privacy Policy","isPartOf":{"@id":"https:\/\/www.kansascommerce.gov\/#website"},"datePublished":"2020-06-26T20:33:08+00:00","dateModified":"2020-12-29T22:06:40+00:00","description":"The Kansas Department of Commerce Privacy Policy describes how personally identifiable information (PII) is collected when you are on our website.","breadcrumb":{"@id":"https:\/\/www.kansascommerce.gov\/privacy-statement\/#breadcrumb"},"inLanguage":"es","potentialAction":[{"@type":"ReadAction","target":["https:\/\/www.kansascommerce.gov\/privacy-statement\/"]}]},{"@type":"BreadcrumbList","@id":"https:\/\/www.kansascommerce.gov\/privacy-statement\/#breadcrumb","itemListElement":[{"@type":"ListItem","position":1,"name":"Home","item":"https:\/\/www.kansascommerce.gov\/"},{"@type":"ListItem","position":2,"name":"Privacy Policy"}]},{"@type":"WebSite","@id":"https:\/\/www.kansascommerce.gov\/#website","url":"https:\/\/www.kansascommerce.gov\/","name":"Departamento de Comercio de Kansas","description":"Fomentar la prosperidad","publisher":{"@id":"https:\/\/www.kansascommerce.gov\/#organization"},"potentialAction":[{"@type":"SearchAction","target":{"@type":"EntryPoint","urlTemplate":"https:\/\/www.kansascommerce.gov\/?s={search_term_string}"},"query-input":{"@type":"PropertyValueSpecification","valueRequired":true,"valueName":"search_term_string"}}],"inLanguage":"es"},{"@type":"Organization","@id":"https:\/\/www.kansascommerce.gov\/#organization","name":"Departamento de Comercio de Kansas","url":"https:\/\/www.kansascommerce.gov\/","logo":{"@type":"ImageObject","inLanguage":"es","@id":"https:\/\/www.kansascommerce.gov\/#\/schema\/logo\/image\/","url":"https:\/\/www.kansascommerce.gov\/wp-content\/uploads\/2020\/07\/kdc_logo.png","contentUrl":"https:\/\/www.kansascommerce.gov\/wp-content\/uploads\/2020\/07\/kdc_logo.png","width":600,"height":347,"caption":"Kansas Department of Commerce"},"image":{"@id":"https:\/\/www.kansascommerce.gov\/#\/schema\/logo\/image\/"},"sameAs":["https:\/\/www.facebook.com\/KansasCommerce\/","https:\/\/x.com\/KansasCommerce","https:\/\/www.linkedin.com\/company\/kansas-department-of-commerce\/"]}]}},"publishpress_future_action":{"enabled":false,"date":"2026-05-06 14:42:32","action":"change-status","newStatus":"draft","terms":[],"taxonomy":"","extraData":[]},"publishpress_future_workflow_manual_trigger":{"enabledWorkflows":[]},"_links":{"self":[{"href":"https:\/\/www.kansascommerce.gov\/es\/wp-json\/wp\/v2\/pages\/3","targetHints":{"allow":["GET"]}}],"collection":[{"href":"https:\/\/www.kansascommerce.gov\/es\/wp-json\/wp\/v2\/pages"}],"about":[{"href":"https:\/\/www.kansascommerce.gov\/es\/wp-json\/wp\/v2\/types\/page"}],"author":[{"embeddable":true,"href":"https:\/\/www.kansascommerce.gov\/es\/wp-json\/wp\/v2\/users\/20"}],"replies":[{"embeddable":true,"href":"https:\/\/www.kansascommerce.gov\/es\/wp-json\/wp\/v2\/comments?post=3"}],"version-history":[{"count":0,"href":"https:\/\/www.kansascommerce.gov\/es\/wp-json\/wp\/v2\/pages\/3\/revisions"}],"wp:attachment":[{"href":"https:\/\/www.kansascommerce.gov\/es\/wp-json\/wp\/v2\/media?parent=3"}],"curies":[{"name":"wp","href":"https:\/\/api.w.org\/{rel}","templated":true}]}}