{"id":35784,"date":"2021-11-23T19:26:14","date_gmt":"2021-11-23T19:26:14","guid":{"rendered":"https:\/\/kdc1000.wpengine.com\/?page_id=35784"},"modified":"2022-05-11T21:27:08","modified_gmt":"2022-05-11T21:27:08","slug":"2021-exporter-of-the-year","status":"publish","type":"page","link":"https:\/\/www.kansascommerce.gov\/es\/exporter-of-the-year\/2021-exporter-of-the-year\/","title":{"rendered":"2021 Exportador del A\u00f1o"},"content":{"rendered":"<div class=\"hero-block hero-block--subpage\" >\n\n        <div class=\"breadcrumb_wrapper\">\n                                                <a href=\"https:\/\/www.kansascommerce.gov\/es\/\">Inicio<\/a> \/\n                                                                <a href=\"https:\/\/www.kansascommerce.gov\/es\/exporter-of-the-year\/\">Exportador del A\u00f1o del Gobernador<\/a> \/\n                                                                <span>2021 Exportador del A\u00f1o<\/span>\n                                    <\/div>\n\n        <div class=\"hero-img\" style=\"                            background-image: url(https:\/\/www.kansascommerce.gov\/wp-content\/uploads\/2022\/05\/EOY-Trophy-Web-Banner.jpg);                                            \"><\/div>\n        <div class=\"container h-100\">\n            <div class=\"row align-items-center justify-content-center h-100\">\n                <div class=\"col-12 content\">\n                    <div>\n\n<h1 class=\"wp-block-heading\" id=\"block-1f347d83-97ee-4dd9-9765-06fc085d4111\">Enhorabuena a Black &amp; Veatch 2021 Governor's Exporter of the Year<\/h1>\n\n\n\n<p><\/p>\n\n\n\n<p>Black &amp; Veatch | Overland Park, Kan.<\/p>\n\n\n\n<p>Black &amp; Veatch es la mayor empresa de ingenier\u00eda del \u00e1rea metropolitana de Kansas City. Fundada en 1915, tiene su sede en Overland Park. Es una empresa global de ingenier\u00eda, contrataci\u00f3n, construcci\u00f3n (EPC) y consultor\u00eda especializada en el desarrollo de infraestructuras en los mercados de la energ\u00eda, el petr\u00f3leo y el gas, el agua, las telecomunicaciones, la administraci\u00f3n p\u00fablica, la miner\u00eda, los centros de datos, las ciudades inteligentes y la banca y las finanzas.<\/p>\n\n\n\n<p>2020, Black &amp; Veatch era la s\u00e9ptima mayor empresa de propiedad mayoritaria de sus empleados en Estados Unidos. En 2020, con unos ingresos de $3,7 mil millones, la empresa fue clasificada por Forbes como la 123\u00aa mayor empresa privada de Estados Unidos. Engineering News-Record, que compila y publica anualmente clasificaciones de las mayores empresas de construcci\u00f3n e ingenier\u00eda, medidas por ingresos brutos, clasific\u00f3 a Black &amp; Veatch como la 1\u00aa en telecomunicaciones, la 2\u00aa en energ\u00eda, la 5\u00aa en agua, la 8\u00aa en aguas residuales, la 13\u00aa en mercados internacionales y la 15\u00aa en la categor\u00eda general de las 500 mayores empresas de dise\u00f1o, en Estados Unidos en 2016.<\/p>\n\n\n\n<p>Black &amp; Veatch tiene m\u00e1s de 100 oficinas en todo el mundo y ha ejecutado proyectos en m\u00e1s de 100 pa\u00edses de seis continentes.<\/p>\n\n\n\n<div class=\"wp-block-image\"><figure class=\"aligncenter size-full\"><img fetchpriority=\"high\" decoding=\"async\" width=\"450\" height=\"180\" src=\"https:\/\/www.kansascommerce.gov\/wp-content\/uploads\/2020\/08\/logo_BlackVeatch_450px.png\" alt=\"Black &amp; Veatch logo\" class=\"wp-image-20939\" srcset=\"https:\/\/www.kansascommerce.gov\/wp-content\/uploads\/2020\/08\/logo_BlackVeatch_450px.png 450w, https:\/\/www.kansascommerce.gov\/wp-content\/uploads\/2020\/08\/logo_BlackVeatch_450px-300x120.png 300w\" sizes=\"(max-width: 450px) 100vw, 450px\" \/><\/figure><\/div>\n\n<\/div>\n                <\/div>\n            <\/div>\n        <\/div>\n            <\/div>\n    \n\n\n<div class=\"wp-block-columns is-layout-flex wp-container-core-columns-is-layout-9d6595d7 wp-block-columns-is-layout-flex\">\n<div class=\"wp-block-column is-layout-flow wp-block-column-is-layout-flow\" style=\"flex-basis:25%\"><\/div>\n\n\n\n<div class=\"wp-block-column is-layout-flow wp-block-column-is-layout-flow\"><\/div>\n\n\n\n<div class=\"wp-block-column is-layout-flow wp-block-column-is-layout-flow\" style=\"flex-basis:50%\">\n<div class=\"wp-block-image\"><figure class=\"aligncenter size-large\"><img decoding=\"async\" width=\"1024\" height=\"564\" src=\"https:\/\/www.kansascommerce.gov\/wp-content\/uploads\/2021\/12\/exporter-of-the-year-banner-image-2021-1024x564.jpg\" alt=\"\" class=\"wp-image-35984\" srcset=\"https:\/\/www.kansascommerce.gov\/wp-content\/uploads\/2021\/12\/exporter-of-the-year-banner-image-2021-1024x564.jpg 1024w, https:\/\/www.kansascommerce.gov\/wp-content\/uploads\/2021\/12\/exporter-of-the-year-banner-image-2021-300x165.jpg 300w, https:\/\/www.kansascommerce.gov\/wp-content\/uploads\/2021\/12\/exporter-of-the-year-banner-image-2021-768x423.jpg 768w, https:\/\/www.kansascommerce.gov\/wp-content\/uploads\/2021\/12\/exporter-of-the-year-banner-image-2021-1536x845.jpg 1536w, https:\/\/www.kansascommerce.gov\/wp-content\/uploads\/2021\/12\/exporter-of-the-year-banner-image-2021-2048x1127.jpg 2048w\" sizes=\"(max-width: 1024px) 100vw, 1024px\" \/><figcaption><em>~Black &amp; Veatch, empresa con sede en Overland Park, galardonada con un prestigioso premio~<\/em><\/figcaption><\/figure><\/div>\n<\/div>\n\n\n\n<div class=\"wp-block-column is-layout-flow wp-block-column-is-layout-flow\"><\/div>\n\n\n\n<div class=\"wp-block-column is-layout-flow wp-block-column-is-layout-flow\" style=\"flex-basis:25%\"><\/div>\n<\/div>\n\n\n    <div class=\"container\">            <div class=\"card-wrapper-block row  small\">\n                \n                    <div class=\"card-block col-12 col-md-6 col-lg-4 overlay\">\n            <a href=\"https:\/\/www.bv.com\/\" class=\"cover_link\" title=\"Sitio web de Black &amp; Veatch\"><\/a>\n            <div class=\"bg-block\" style=\"background-image: url('https:\/\/www.kansascommerce.gov\/wp-content\/uploads\/2021\/11\/blackveatch-building-1.jpg');\">\n                <div class=\"content\">\n                    <div class=\"hidden\"><div class=\"wp-content\"><p>M\u00e1s informaci\u00f3n sobre Black &amp; Veatch<\/p>\n<\/div><\/div>\n                    <a href=\"https:\/\/www.bv.com\/\" class=\"btn plain_btn white_btn\">Sitio web de Black &amp; Veatch<\/a>                <\/div>\n            <\/div>\n\n            \n                                            <\/div>\n    \n\n                    <div class=\"card-block col-12 col-md-6 col-lg-4 overlay\">\n            <a href=\"https:\/\/youtu.be\/EZu06MMEbXA\" class=\"cover_link\" title=\"Anuncio del ganador\"><\/a>\n            <div class=\"bg-block\" style=\"background-image: url('https:\/\/www.kansascommerce.gov\/wp-content\/uploads\/2021\/12\/EOY-NOMINATE-NOW-2-1024x582.jpg');\">\n                <div class=\"content\">\n                    <div class=\"hidden\"><div class=\"wp-content\"><p>Vea la entrega de trofeos<\/p>\n<\/div><\/div>\n                    <a href=\"https:\/\/youtu.be\/EZu06MMEbXA\" class=\"btn plain_btn white_btn\">Anuncio del ganador<\/a>                <\/div>\n            <\/div>\n\n            \n                                            <\/div>\n    \n\n                    <div class=\"card-block col-12 col-md-6 col-lg-4 overlay\">\n            <a href=\"https:\/\/www.kansascommerce.gov\/es\/2021\/12\/governor-laura-kelly-congratulates-2021-governors-exporter-of-the-year\/?fbclid=IwAR34r7hAemDfrMFGzV1UM_rK5unAP_lUgsWNBfCd5sSIgLcOOBR5UDHQfrk\" class=\"cover_link\" title=\"Actividades de exportaci\u00f3n de Black &amp; Veatch\"><\/a>\n            <div class=\"bg-block\" style=\"background-image: url('https:\/\/www.kansascommerce.gov\/wp-content\/uploads\/2021\/12\/BV-pict-1024x620.jpg');\">\n                <div class=\"content\">\n                    <div class=\"hidden\"><div class=\"wp-content\"><p>M\u00e1s informaci\u00f3n sobre las actividades de exportaci\u00f3n de Black &amp; Veatch.<\/p>\n<\/div><\/div>\n                    <a href=\"https:\/\/www.kansascommerce.gov\/es\/2021\/12\/governor-laura-kelly-congratulates-2021-governors-exporter-of-the-year\/?fbclid=IwAR34r7hAemDfrMFGzV1UM_rK5unAP_lUgsWNBfCd5sSIgLcOOBR5UDHQfrk\" class=\"btn plain_btn white_btn\">Actividades de exportaci\u00f3n de Black &amp; Veatch&#039;s<\/a>                <\/div>\n            <\/div>\n\n            \n                                            <\/div>\n    \n\n    <\/div>\n    <\/div>\n\n\n<hr class=\"wp-block-separator\"\/>\n\n\n\n<h2 class=\"has-text-align-center wp-block-heading\" id=\"h-2021-governor-s-exporter-of-the-year-finalist\"> Finalista al premio Exportador del A\u00f1o del Gobernador 2021<\/h2>\n\n\n\n<p><\/p>\n\n\n\n<div class=\"wp-block-columns is-layout-flex wp-container-core-columns-is-layout-9d6595d7 wp-block-columns-is-layout-flex\">\n<div class=\"wp-block-column is-layout-flow wp-block-column-is-layout-flow\" style=\"flex-basis:25%\"><\/div>\n\n\n\n<div class=\"wp-block-column is-layout-flow wp-block-column-is-layout-flow\" style=\"flex-basis:50%\">\n<div class=\"wp-block-image is-style-default\"><figure class=\"aligncenter size-large is-resized\"><img decoding=\"async\" src=\"https:\/\/www.kansascommerce.gov\/wp-content\/uploads\/2021\/11\/conestoga-logo-color-1024x142.jpg\" alt=\"\" class=\"wp-image-35791\" width=\"613\" height=\"85\" srcset=\"https:\/\/www.kansascommerce.gov\/wp-content\/uploads\/2021\/11\/conestoga-logo-color-1024x142.jpg 1024w, https:\/\/www.kansascommerce.gov\/wp-content\/uploads\/2021\/11\/conestoga-logo-color-300x42.jpg 300w, https:\/\/www.kansascommerce.gov\/wp-content\/uploads\/2021\/11\/conestoga-logo-color-768x106.jpg 768w, https:\/\/www.kansascommerce.gov\/wp-content\/uploads\/2021\/11\/conestoga-logo-color.jpg 1200w\" sizes=\"(max-width: 613px) 100vw, 613px\" \/><\/figure><\/div>\n\n\n\n<h2 class=\"has-text-align-center wp-block-heading\" id=\"h-conestoga-energy-liberal-kan\">Conestoga Energy | Liberal, Kan.<\/h2>\n\n\n\n<p>Conestoga naci\u00f3 de la creencia de que est\u00e1 obligada a crear un mundo m\u00e1s sano y un futuro mejor, y se enorgullece de equilibrar las soluciones innovadoras con el servicio a la antigua usanza. <\/p>\n\n\n\n<p>El equipo considera a los clientes como socios y siente pasi\u00f3n por la gesti\u00f3n \u00e9tica de los recursos. El equipo directivo est\u00e1 formado por veteranos de la sostenibilidad y expertos innovadores alineados en una misi\u00f3n singular con un objetivo singular: desarrollar hoy soluciones bajas en carbono que crear\u00e1n un ma\u00f1ana m\u00e1s saludable.<\/p>\n\n\n\n<div class=\"wp-block-buttons is-layout-flex wp-block-buttons-is-layout-flex\">\n<div class=\"wp-block-button\"><a class=\"wp-block-button__link has-white-color has-vivid-green-cyan-background-color has-text-color has-background\" href=\"https:\/\/www.conestogaenergy.com\/\" target=\"_blank\" rel=\"noreferrer noopener\">M\u00e1s informaci\u00f3n<\/a><\/div>\n<\/div>\n<\/div>\n\n\n\n<div class=\"wp-block-column is-layout-flow wp-block-column-is-layout-flow\" style=\"flex-basis:25%\"><\/div>\n<\/div>\n\n\n\n<div class=\"wp-block-image\"><figure class=\"aligncenter size-full\"><img loading=\"lazy\" decoding=\"async\" width=\"640\" height=\"480\" src=\"https:\/\/www.kansascommerce.gov\/wp-content\/uploads\/2021\/11\/conestoga-plant-1.jpg\" alt=\"\" class=\"wp-image-35827\" srcset=\"https:\/\/www.kansascommerce.gov\/wp-content\/uploads\/2021\/11\/conestoga-plant-1.jpg 640w, https:\/\/www.kansascommerce.gov\/wp-content\/uploads\/2021\/11\/conestoga-plant-1-300x225.jpg 300w\" sizes=\"(max-width: 640px) 100vw, 640px\" \/><figcaption>La planta de Conestoga en Liberal, Kan.<\/figcaption><\/figure><\/div>\n\n\n                <div class=\"banner_wrap relative btn_trigger\" style=\"margin: 20px 20px;\">\n        <a href=\"https:\/\/www.kansascommerce.gov\/es\/international\/export\/exporter-of-the-year\/\" class=\"cover_link\" title=\"LEER M\u00c1S\"><\/a>\n        <div class=\"banner-cta-block  d-md-flex justify-content-between align-items-center\" style=\"background: #cf2e2e; color:#ffffff;\">\n            <style>\n                .banner-cta-block a.btn:not(.plain_btn){color:#cf2e2e; background-color: #ffffff;}            <\/style>\n            <div class=\"content\">\n            \n\n<h4 class=\"wp-block-heading\" id=\"h-learn-more-about-the-exporter-of-the-year-award\">M\u00e1s informaci\u00f3n sobre el premio al Exportador del A\u00f1o<\/h4>\n\n\n\n<p><\/p>\n\n\n            <\/div>\n            <a\n                class=\"btn\"\n                                href=\"https:\/\/www.kansascommerce.gov\/es\/international\/export\/exporter-of-the-year\/\"\n                                title=\"LEER M\u00c1S\"\n            >\n                                LEER M\u00c1S\n\n                                                                            <i class=\"icon-angle_right\"><\/i>\n                                                <\/a>\n        <\/div>\n    <\/div>","protected":false},"excerpt":{"rendered":"<p>Finalista al premio Exportador del A\u00f1o del Gobernador 2021 Conestoga Energy | Liberal, Kan. Conestoga naci\u00f3 de la creencia de que est\u00e1 obligada a crear un mundo m\u00e1s sano y un futuro mejor, y ... <\/p>","protected":false},"author":28,"featured_media":35984,"parent":20725,"menu_order":161,"comment_status":"closed","ping_status":"closed","template":"","meta":{"_acf_changed":false,"_eb_attr":"","_monsterinsights_skip_tracking":false,"_monsterinsights_sitenote_active":false,"_monsterinsights_sitenote_note":"","_monsterinsights_sitenote_category":0,"footnotes":""},"class_list":["post-35784","page","type-page","status-publish","has-post-thumbnail","hentry"],"acf":[],"yoast_head":"<!-- This site is optimized with the Yoast SEO Premium plugin v19.5 (Yoast SEO v27.1.1) - https:\/\/yoast.com\/product\/yoast-seo-premium-wordpress\/ -->\n<title>2021 Exporter of the Year - Kansas Department of Commerce<\/title>\n<meta name=\"description\" content=\"The Kansas Department of Commerce International Division works with both manufacturing and service companies to increase Kansas exports. The International Division also recruits direct investment from international companies to locate and expand businesses in the state.\" \/>\n<meta name=\"robots\" content=\"index, follow, max-snippet:-1, max-image-preview:large, max-video-preview:-1\" \/>\n<link rel=\"canonical\" href=\"https:\/\/www.kansascommerce.gov\/es\/exporter-of-the-year\/2021-exporter-of-the-year\/\" \/>\n<meta property=\"og:locale\" content=\"es_ES\" \/>\n<meta property=\"og:type\" content=\"article\" \/>\n<meta property=\"og:title\" content=\"2021 Exporter of the Year\" \/>\n<meta property=\"og:description\" content=\"The Kansas Department of Commerce International Division works with both manufacturing and service companies to increase Kansas exports. The International Division also recruits direct investment from international companies to locate and expand businesses in the state.\" \/>\n<meta property=\"og:url\" content=\"https:\/\/www.kansascommerce.gov\/es\/exporter-of-the-year\/2021-exporter-of-the-year\/\" \/>\n<meta property=\"og:site_name\" content=\"Kansas Department of Commerce\" \/>\n<meta property=\"article:publisher\" content=\"https:\/\/www.facebook.com\/KansasCommerce\/\" \/>\n<meta property=\"article:modified_time\" content=\"2022-05-11T21:27:08+00:00\" \/>\n<meta property=\"og:image\" content=\"https:\/\/www.kansascommerce.gov\/wp-content\/uploads\/2021\/12\/exporter-of-the-year-banner-image-2021-scaled.jpg\" \/>\n\t<meta property=\"og:image:width\" content=\"2560\" \/>\n\t<meta property=\"og:image:height\" content=\"1409\" \/>\n\t<meta property=\"og:image:type\" content=\"image\/jpeg\" \/>\n<meta name=\"twitter:card\" content=\"summary_large_image\" \/>\n<meta name=\"twitter:site\" content=\"@KansasCommerce\" \/>\n<meta name=\"twitter:label1\" content=\"Tiempo de lectura\" \/>\n\t<meta name=\"twitter:data1\" content=\"3 minutos\" \/>\n<script type=\"application\/ld+json\" class=\"yoast-schema-graph\">{\"@context\":\"https:\/\/schema.org\",\"@graph\":[{\"@type\":\"WebPage\",\"@id\":\"https:\/\/www.kansascommerce.gov\/exporter-of-the-year\/2021-exporter-of-the-year\/\",\"url\":\"https:\/\/www.kansascommerce.gov\/exporter-of-the-year\/2021-exporter-of-the-year\/\",\"name\":\"2021 Exporter of the Year - Kansas Department of Commerce\",\"isPartOf\":{\"@id\":\"https:\/\/www.kansascommerce.gov\/#website\"},\"primaryImageOfPage\":{\"@id\":\"https:\/\/www.kansascommerce.gov\/exporter-of-the-year\/2021-exporter-of-the-year\/#primaryimage\"},\"image\":{\"@id\":\"https:\/\/www.kansascommerce.gov\/exporter-of-the-year\/2021-exporter-of-the-year\/#primaryimage\"},\"thumbnailUrl\":\"https:\/\/www.kansascommerce.gov\/wp-content\/uploads\/2021\/12\/exporter-of-the-year-banner-image-2021-scaled.jpg\",\"datePublished\":\"2021-11-23T19:26:14+00:00\",\"dateModified\":\"2022-05-11T21:27:08+00:00\",\"description\":\"The Kansas Department of Commerce International Division works with both manufacturing and service companies to increase Kansas exports. The International Division also recruits direct investment from international companies to locate and expand businesses in the state.\",\"breadcrumb\":{\"@id\":\"https:\/\/www.kansascommerce.gov\/exporter-of-the-year\/2021-exporter-of-the-year\/#breadcrumb\"},\"inLanguage\":\"es\",\"potentialAction\":[{\"@type\":\"ReadAction\",\"target\":[\"https:\/\/www.kansascommerce.gov\/exporter-of-the-year\/2021-exporter-of-the-year\/\"]}]},{\"@type\":\"ImageObject\",\"inLanguage\":\"es\",\"@id\":\"https:\/\/www.kansascommerce.gov\/exporter-of-the-year\/2021-exporter-of-the-year\/#primaryimage\",\"url\":\"https:\/\/www.kansascommerce.gov\/wp-content\/uploads\/2021\/12\/exporter-of-the-year-banner-image-2021-scaled.jpg\",\"contentUrl\":\"https:\/\/www.kansascommerce.gov\/wp-content\/uploads\/2021\/12\/exporter-of-the-year-banner-image-2021-scaled.jpg\",\"width\":2560,\"height\":1409,\"caption\":\"exporter-of-the-year-banner-image-2021\"},{\"@type\":\"BreadcrumbList\",\"@id\":\"https:\/\/www.kansascommerce.gov\/exporter-of-the-year\/2021-exporter-of-the-year\/#breadcrumb\",\"itemListElement\":[{\"@type\":\"ListItem\",\"position\":1,\"name\":\"Home\",\"item\":\"https:\/\/www.kansascommerce.gov\/\"},{\"@type\":\"ListItem\",\"position\":2,\"name\":\"Governor&#8217;s Exporter of the Year\",\"item\":\"https:\/\/www.kansascommerce.gov\/exporter-of-the-year\/\"},{\"@type\":\"ListItem\",\"position\":3,\"name\":\"2021 Exporter of the Year\"}]},{\"@type\":\"WebSite\",\"@id\":\"https:\/\/www.kansascommerce.gov\/#website\",\"url\":\"https:\/\/www.kansascommerce.gov\/\",\"name\":\"Kansas Department of Commerce\",\"description\":\"Empowering Prosperity\",\"publisher\":{\"@id\":\"https:\/\/www.kansascommerce.gov\/#organization\"},\"potentialAction\":[{\"@type\":\"SearchAction\",\"target\":{\"@type\":\"EntryPoint\",\"urlTemplate\":\"https:\/\/www.kansascommerce.gov\/?s={search_term_string}\"},\"query-input\":{\"@type\":\"PropertyValueSpecification\",\"valueRequired\":true,\"valueName\":\"search_term_string\"}}],\"inLanguage\":\"es\"},{\"@type\":\"Organization\",\"@id\":\"https:\/\/www.kansascommerce.gov\/#organization\",\"name\":\"Kansas Department of Commerce\",\"url\":\"https:\/\/www.kansascommerce.gov\/\",\"logo\":{\"@type\":\"ImageObject\",\"inLanguage\":\"es\",\"@id\":\"https:\/\/www.kansascommerce.gov\/#\/schema\/logo\/image\/\",\"url\":\"https:\/\/www.kansascommerce.gov\/wp-content\/uploads\/2020\/07\/kdc_logo.png\",\"contentUrl\":\"https:\/\/www.kansascommerce.gov\/wp-content\/uploads\/2020\/07\/kdc_logo.png\",\"width\":600,\"height\":347,\"caption\":\"Kansas Department of Commerce\"},\"image\":{\"@id\":\"https:\/\/www.kansascommerce.gov\/#\/schema\/logo\/image\/\"},\"sameAs\":[\"https:\/\/www.facebook.com\/KansasCommerce\/\",\"https:\/\/x.com\/KansasCommerce\",\"https:\/\/www.linkedin.com\/company\/kansas-department-of-commerce\/\"]}]}<\/script>\n<!-- \/ Yoast SEO Premium plugin. -->","yoast_head_json":{"title":"2021 Exporter of the Year - Kansas Department of Commerce","description":"The Kansas Department of Commerce International Division works with both manufacturing and service companies to increase Kansas exports. The International Division also recruits direct investment from international companies to locate and expand businesses in the state.","robots":{"index":"index","follow":"follow","max-snippet":"max-snippet:-1","max-image-preview":"max-image-preview:large","max-video-preview":"max-video-preview:-1"},"canonical":"https:\/\/www.kansascommerce.gov\/es\/exporter-of-the-year\/2021-exporter-of-the-year\/","og_locale":"es_ES","og_type":"article","og_title":"2021 Exporter of the Year","og_description":"The Kansas Department of Commerce International Division works with both manufacturing and service companies to increase Kansas exports. The International Division also recruits direct investment from international companies to locate and expand businesses in the state.","og_url":"https:\/\/www.kansascommerce.gov\/es\/exporter-of-the-year\/2021-exporter-of-the-year\/","og_site_name":"Kansas Department of Commerce","article_publisher":"https:\/\/www.facebook.com\/KansasCommerce\/","article_modified_time":"2022-05-11T21:27:08+00:00","og_image":[{"width":2560,"height":1409,"url":"https:\/\/www.kansascommerce.gov\/wp-content\/uploads\/2021\/12\/exporter-of-the-year-banner-image-2021-scaled.jpg","type":"image\/jpeg"}],"twitter_card":"summary_large_image","twitter_site":"@KansasCommerce","twitter_misc":{"Tiempo de lectura":"3 minutos"},"schema":{"@context":"https:\/\/schema.org","@graph":[{"@type":"WebPage","@id":"https:\/\/www.kansascommerce.gov\/exporter-of-the-year\/2021-exporter-of-the-year\/","url":"https:\/\/www.kansascommerce.gov\/exporter-of-the-year\/2021-exporter-of-the-year\/","name":"2021 Exporter of the Year - Kansas Department of Commerce","isPartOf":{"@id":"https:\/\/www.kansascommerce.gov\/#website"},"primaryImageOfPage":{"@id":"https:\/\/www.kansascommerce.gov\/exporter-of-the-year\/2021-exporter-of-the-year\/#primaryimage"},"image":{"@id":"https:\/\/www.kansascommerce.gov\/exporter-of-the-year\/2021-exporter-of-the-year\/#primaryimage"},"thumbnailUrl":"https:\/\/www.kansascommerce.gov\/wp-content\/uploads\/2021\/12\/exporter-of-the-year-banner-image-2021-scaled.jpg","datePublished":"2021-11-23T19:26:14+00:00","dateModified":"2022-05-11T21:27:08+00:00","description":"The Kansas Department of Commerce International Division works with both manufacturing and service companies to increase Kansas exports. The International Division also recruits direct investment from international companies to locate and expand businesses in the state.","breadcrumb":{"@id":"https:\/\/www.kansascommerce.gov\/exporter-of-the-year\/2021-exporter-of-the-year\/#breadcrumb"},"inLanguage":"es","potentialAction":[{"@type":"ReadAction","target":["https:\/\/www.kansascommerce.gov\/exporter-of-the-year\/2021-exporter-of-the-year\/"]}]},{"@type":"ImageObject","inLanguage":"es","@id":"https:\/\/www.kansascommerce.gov\/exporter-of-the-year\/2021-exporter-of-the-year\/#primaryimage","url":"https:\/\/www.kansascommerce.gov\/wp-content\/uploads\/2021\/12\/exporter-of-the-year-banner-image-2021-scaled.jpg","contentUrl":"https:\/\/www.kansascommerce.gov\/wp-content\/uploads\/2021\/12\/exporter-of-the-year-banner-image-2021-scaled.jpg","width":2560,"height":1409,"caption":"exporter-of-the-year-banner-image-2021"},{"@type":"BreadcrumbList","@id":"https:\/\/www.kansascommerce.gov\/exporter-of-the-year\/2021-exporter-of-the-year\/#breadcrumb","itemListElement":[{"@type":"ListItem","position":1,"name":"Home","item":"https:\/\/www.kansascommerce.gov\/"},{"@type":"ListItem","position":2,"name":"Governor&#8217;s Exporter of the Year","item":"https:\/\/www.kansascommerce.gov\/exporter-of-the-year\/"},{"@type":"ListItem","position":3,"name":"2021 Exporter of the Year"}]},{"@type":"WebSite","@id":"https:\/\/www.kansascommerce.gov\/#website","url":"https:\/\/www.kansascommerce.gov\/","name":"Departamento de Comercio de Kansas","description":"Fomentar la prosperidad","publisher":{"@id":"https:\/\/www.kansascommerce.gov\/#organization"},"potentialAction":[{"@type":"SearchAction","target":{"@type":"EntryPoint","urlTemplate":"https:\/\/www.kansascommerce.gov\/?s={search_term_string}"},"query-input":{"@type":"PropertyValueSpecification","valueRequired":true,"valueName":"search_term_string"}}],"inLanguage":"es"},{"@type":"Organization","@id":"https:\/\/www.kansascommerce.gov\/#organization","name":"Departamento de Comercio de Kansas","url":"https:\/\/www.kansascommerce.gov\/","logo":{"@type":"ImageObject","inLanguage":"es","@id":"https:\/\/www.kansascommerce.gov\/#\/schema\/logo\/image\/","url":"https:\/\/www.kansascommerce.gov\/wp-content\/uploads\/2020\/07\/kdc_logo.png","contentUrl":"https:\/\/www.kansascommerce.gov\/wp-content\/uploads\/2020\/07\/kdc_logo.png","width":600,"height":347,"caption":"Kansas Department of Commerce"},"image":{"@id":"https:\/\/www.kansascommerce.gov\/#\/schema\/logo\/image\/"},"sameAs":["https:\/\/www.facebook.com\/KansasCommerce\/","https:\/\/x.com\/KansasCommerce","https:\/\/www.linkedin.com\/company\/kansas-department-of-commerce\/"]}]}},"publishpress_future_action":{"enabled":false,"date":"2026-04-11 01:55:43","action":"change-status","newStatus":"draft","terms":[],"taxonomy":"","extraData":[]},"publishpress_future_workflow_manual_trigger":{"enabledWorkflows":[]},"_links":{"self":[{"href":"https:\/\/www.kansascommerce.gov\/es\/wp-json\/wp\/v2\/pages\/35784","targetHints":{"allow":["GET"]}}],"collection":[{"href":"https:\/\/www.kansascommerce.gov\/es\/wp-json\/wp\/v2\/pages"}],"about":[{"href":"https:\/\/www.kansascommerce.gov\/es\/wp-json\/wp\/v2\/types\/page"}],"author":[{"embeddable":true,"href":"https:\/\/www.kansascommerce.gov\/es\/wp-json\/wp\/v2\/users\/28"}],"replies":[{"embeddable":true,"href":"https:\/\/www.kansascommerce.gov\/es\/wp-json\/wp\/v2\/comments?post=35784"}],"version-history":[{"count":0,"href":"https:\/\/www.kansascommerce.gov\/es\/wp-json\/wp\/v2\/pages\/35784\/revisions"}],"up":[{"embeddable":true,"href":"https:\/\/www.kansascommerce.gov\/es\/wp-json\/wp\/v2\/pages\/20725"}],"wp:featuredmedia":[{"embeddable":true,"href":"https:\/\/www.kansascommerce.gov\/es\/wp-json\/wp\/v2\/media\/35984"}],"wp:attachment":[{"href":"https:\/\/www.kansascommerce.gov\/es\/wp-json\/wp\/v2\/media?parent=35784"}],"curies":[{"name":"wp","href":"https:\/\/api.w.org\/{rel}","templated":true}]}}