{"id":39119,"date":"2022-04-15T14:41:41","date_gmt":"2022-04-15T14:41:41","guid":{"rendered":"https:\/\/kdc1000.wpengine.com\/?page_id=39119"},"modified":"2022-04-16T19:40:20","modified_gmt":"2022-04-16T19:40:20","slug":"projectannouncement-4-19-22","status":"publish","type":"page","link":"https:\/\/www.kansascommerce.gov\/es\/projectannouncement-4-19-22\/","title":{"rendered":"Anuncio de proyecto 4 18 2022"},"content":{"rendered":"<div class=\"hero-block hero-block--simple\" >\n\n        <div class=\"breadcrumb_wrapper\">\n                                                <a href=\"https:\/\/www.kansascommerce.gov\/es\/\">Inicio<\/a> \/\n                                                                <span>Anuncio de proyecto 4 18 2022<\/span>\n                                    <\/div>\n\n        <div class=\"container h-100\">\n            <div class=\"row align-items-center h-100\">\n                <div class=\"col-12 content\">\n                    <div>\n\n<h1 class=\"wp-block-heading\" id=\"h-kansas-department-of-commerce-project-announcement\">Anuncio de proyecto del Departamento de Comercio de Kansas<\/h1>\n\n\n\n<h5 class=\"light wp-block-heading\" id=\"h-governor-laura-kelly-will-announce-a-transformative-economic-development-project-in-manhattan-in-addition-senator-jerry-moran-dr-rich-linton-president-of-kansas-state-university-cheryl-harrison-lee-chair-of-the-kansas-board-of-regents-and-other-dignitaries-will-also-provide-remarks-on-this-announcement\">La Gobernadora Laura Kelly anunciar\u00e1 un proyecto de desarrollo econ\u00f3mico transformador en Manhattan. Adem\u00e1s, el senador Jerry Moran; el Dr. Rich Linton, Presidente de la Universidad Estatal de Kansas; Cheryl Harrison-Lee, Presidenta de la Junta de Regentes de Kansas; y otros dignatarios tambi\u00e9n pronunciar\u00e1n discursos sobre este anuncio.<\/h5>\n\n\n\n<p><\/p>\n\n<\/div>\n                <\/div>\n            <\/div>\n        <\/div>\n    <\/div>\n    \n\n                <div class=\"wrapper-block\" style=\"                                                                                                                                    \">\n        \n        <div class=\"clearfix\"><\/div>\n    <\/div>\n    \n\n\n<div class=\"wp-block-cover\" style=\"min-height:422px;aspect-ratio:unset;\"><span aria-hidden=\"true\" class=\"has-background-dim-0 wp-block-cover__gradient-background has-background-dim\"><\/span><img fetchpriority=\"high\" decoding=\"async\" width=\"1920\" height=\"1080\" class=\"wp-block-cover__image-background wp-image-39125\" alt=\"\" src=\"https:\/\/www.kansascommerce.gov\/wp-content\/uploads\/2021\/04\/2022-Project-Announcements_418-copy.jpg\" data-object-fit=\"cover\" srcset=\"https:\/\/www.kansascommerce.gov\/wp-content\/uploads\/2021\/04\/2022-Project-Announcements_418-copy.jpg 1920w, https:\/\/www.kansascommerce.gov\/wp-content\/uploads\/2021\/04\/2022-Project-Announcements_418-copy-300x169.jpg 300w, https:\/\/www.kansascommerce.gov\/wp-content\/uploads\/2021\/04\/2022-Project-Announcements_418-copy-1024x576.jpg 1024w, https:\/\/www.kansascommerce.gov\/wp-content\/uploads\/2021\/04\/2022-Project-Announcements_418-copy-768x432.jpg 768w, https:\/\/www.kansascommerce.gov\/wp-content\/uploads\/2021\/04\/2022-Project-Announcements_418-copy-1536x864.jpg 1536w\" sizes=\"(max-width: 1920px) 100vw, 1920px\" \/><div class=\"wp-block-cover__inner-container is-layout-flow wp-block-cover-is-layout-flow\">\n<p class=\"has-text-align-center has-large-font-size\"><\/p>\n<\/div><\/div>\n\n\n\n<p><\/p>\n\n\n    <div class=\"container\">            <div class=\"wrapper-block\" style=\"                                                                                                                                    \">\n        \n\n<figure class=\"wp-block-embed is-type-video is-provider-vimeo wp-block-embed-vimeo wp-embed-aspect-16-9 wp-has-aspect-ratio\"><div class=\"wp-block-embed__wrapper\">\n<iframe title=\"Departamento de Comercio de Kansas - En directo\" src=\"https:\/\/vimeo.com\/event\/2013521\/embed\" width=\"500\" height=\"281\" frameborder=\"0\" allow=\"autoplay; fullscreen; picture-in-picture; clipboard-write\"><\/iframe>\n<\/div><\/figure>\n\n\n        <div class=\"clearfix\"><\/div>\n    <\/div>\n    <\/div>\n\n    <div class=\"container\">            <div class=\"wrapper-block\" style=\"                                                                                                                                    \">\n        \n\n<h2 class=\"wp-block-heading\" id=\"h-following-the-announcement-this-page-will-include\">Tras el anuncio, esta p\u00e1gina incluir\u00e1:<\/h2>\n\n\n\n<div style=\"height:25px\" aria-hidden=\"true\" class=\"wp-block-spacer\"><\/div>\n\n\n\n<ul class=\"has-medium-font-size wp-block-list\"><li><strong>Fotos del evento<\/strong><\/li><li><strong>Comunicado de prensa<\/strong><\/li><li><strong>Comunicado de prensa local<\/strong><\/li><li><strong>Informaci\u00f3n adicional sobre el proyecto<\/strong><\/li><\/ul>\n\n\n        <div class=\"clearfix\"><\/div>\n    <\/div>\n    <\/div>\n\n\n<div class=\"wp-block-cover\" style=\"min-height:328px;aspect-ratio:unset;\"><span aria-hidden=\"true\" class=\"wp-block-cover__gradient-background has-background-dim\"><\/span><img decoding=\"async\" width=\"1920\" height=\"1080\" class=\"wp-block-cover__image-background wp-image-39131\" alt=\"\" src=\"https:\/\/www.kansascommerce.gov\/wp-content\/uploads\/2022\/04\/governorscup_dark_banner-copy.jpg\" data-object-fit=\"cover\" srcset=\"https:\/\/www.kansascommerce.gov\/wp-content\/uploads\/2022\/04\/governorscup_dark_banner-copy.jpg 1920w, https:\/\/www.kansascommerce.gov\/wp-content\/uploads\/2022\/04\/governorscup_dark_banner-copy-300x169.jpg 300w, https:\/\/www.kansascommerce.gov\/wp-content\/uploads\/2022\/04\/governorscup_dark_banner-copy-1024x576.jpg 1024w, https:\/\/www.kansascommerce.gov\/wp-content\/uploads\/2022\/04\/governorscup_dark_banner-copy-768x432.jpg 768w, https:\/\/www.kansascommerce.gov\/wp-content\/uploads\/2022\/04\/governorscup_dark_banner-copy-1536x864.jpg 1536w\" sizes=\"(max-width: 1920px) 100vw, 1920px\" \/><div class=\"wp-block-cover__inner-container is-layout-flow wp-block-cover-is-layout-flow\">\n<div class=\"wp-block-image\"><figure class=\"aligncenter size-large is-resized\"><img decoding=\"async\" src=\"https:\/\/www.kansascommerce.gov\/wp-content\/uploads\/2022\/04\/KSComLogo_Video-Ready-PNG_1-1024x589.png\" alt=\"\" class=\"wp-image-39132\" width=\"206\" height=\"118\" srcset=\"https:\/\/www.kansascommerce.gov\/wp-content\/uploads\/2022\/04\/KSComLogo_Video-Ready-PNG_1-1024x589.png 1024w, https:\/\/www.kansascommerce.gov\/wp-content\/uploads\/2022\/04\/KSComLogo_Video-Ready-PNG_1-300x172.png 300w, https:\/\/www.kansascommerce.gov\/wp-content\/uploads\/2022\/04\/KSComLogo_Video-Ready-PNG_1-768x441.png 768w, https:\/\/www.kansascommerce.gov\/wp-content\/uploads\/2022\/04\/KSComLogo_Video-Ready-PNG_1-1536x883.png 1536w, https:\/\/www.kansascommerce.gov\/wp-content\/uploads\/2022\/04\/KSComLogo_Video-Ready-PNG_1-2048x1177.png 2048w\" sizes=\"(max-width: 206px) 100vw, 206px\" \/><\/figure><\/div>\n\n\n\n<div class=\"wp-block-buttons is-content-justification-center is-layout-flex wp-container-core-buttons-is-layout-16018d1d wp-block-buttons-is-layout-flex\">\n<div class=\"wp-block-button\"><a class=\"wp-block-button__link has-white-color has-text-color\">Leer el comunicado de prensa<\/a><\/div>\n\n\n\n<div class=\"wp-block-button aligncenter\"><a class=\"wp-block-button__link has-white-color has-text-color\" href=\"https:\/\/www.kansascommerce.gov\/es\/contact\/\">Cont\u00e1ctenos<\/a><\/div>\n<\/div>\n<\/div><\/div>\n\n\n                <div class=\"wrapper-block\" style=\"                                                                                                                                    \">\n        \n        <div class=\"clearfix\"><\/div>\n    <\/div>\n    \n\n\n<p><\/p>","protected":false},"excerpt":{"rendered":"","protected":false},"author":28,"featured_media":39125,"parent":0,"menu_order":363,"comment_status":"closed","ping_status":"closed","template":"","meta":{"_acf_changed":false,"_eb_attr":"","_monsterinsights_skip_tracking":false,"_monsterinsights_sitenote_active":false,"_monsterinsights_sitenote_note":"","_monsterinsights_sitenote_category":0,"footnotes":""},"class_list":["post-39119","page","type-page","status-publish","has-post-thumbnail","hentry"],"acf":[],"yoast_head":"<!-- This site is optimized with the Yoast SEO Premium plugin v19.5 (Yoast SEO v27.1.1) - https:\/\/yoast.com\/product\/yoast-seo-premium-wordpress\/ -->\n<title>Project Announcement 4 18 2022 - Kansas Department of Commerce<\/title>\n<meta name=\"description\" content=\"Governor Laura Kelly will announce a transformative economic development project in Manhattan. In addition, Senator Jerry Moran; Dr. Rich Linton, President of Kansas State University; Cheryl Harrison-Lee, Chair of the Kansas Board of Regents; and other dignitaries will also provide remarks on this announcement.\" \/>\n<meta name=\"robots\" content=\"index, follow, max-snippet:-1, max-image-preview:large, max-video-preview:-1\" \/>\n<link rel=\"canonical\" href=\"https:\/\/www.kansascommerce.gov\/es\/projectannouncement-4-19-22\/\" \/>\n<meta property=\"og:locale\" content=\"es_ES\" \/>\n<meta property=\"og:type\" content=\"article\" \/>\n<meta property=\"og:title\" content=\"Project Announcement 4 18 2022\" \/>\n<meta property=\"og:description\" content=\"Governor Laura Kelly will announce a transformative economic development project in Manhattan. In addition, Senator Jerry Moran; Dr. Rich Linton, President of Kansas State University; Cheryl Harrison-Lee, Chair of the Kansas Board of Regents; and other dignitaries will also provide remarks on this announcement.\" \/>\n<meta property=\"og:url\" content=\"https:\/\/www.kansascommerce.gov\/es\/projectannouncement-4-19-22\/\" \/>\n<meta property=\"og:site_name\" content=\"Kansas Department of Commerce\" \/>\n<meta property=\"article:publisher\" content=\"https:\/\/www.facebook.com\/KansasCommerce\/\" \/>\n<meta property=\"article:modified_time\" content=\"2022-04-16T19:40:20+00:00\" \/>\n<meta property=\"og:image\" content=\"https:\/\/www.kansascommerce.gov\/wp-content\/uploads\/2021\/04\/2022-Project-Announcements_418-copy.jpg\" \/>\n\t<meta property=\"og:image:width\" content=\"1920\" \/>\n\t<meta property=\"og:image:height\" content=\"1080\" \/>\n\t<meta property=\"og:image:type\" content=\"image\/jpeg\" \/>\n<meta name=\"twitter:card\" content=\"summary_large_image\" \/>\n<meta name=\"twitter:site\" content=\"@KansasCommerce\" \/>\n<meta name=\"twitter:label1\" content=\"Tiempo de lectura\" \/>\n\t<meta name=\"twitter:data1\" content=\"1 minuto\" \/>\n<script type=\"application\/ld+json\" class=\"yoast-schema-graph\">{\"@context\":\"https:\/\/schema.org\",\"@graph\":[{\"@type\":\"WebPage\",\"@id\":\"https:\/\/www.kansascommerce.gov\/projectannouncement-4-19-22\/\",\"url\":\"https:\/\/www.kansascommerce.gov\/projectannouncement-4-19-22\/\",\"name\":\"Project Announcement 4 18 2022 - Kansas Department of Commerce\",\"isPartOf\":{\"@id\":\"https:\/\/www.kansascommerce.gov\/#website\"},\"primaryImageOfPage\":{\"@id\":\"https:\/\/www.kansascommerce.gov\/projectannouncement-4-19-22\/#primaryimage\"},\"image\":{\"@id\":\"https:\/\/www.kansascommerce.gov\/projectannouncement-4-19-22\/#primaryimage\"},\"thumbnailUrl\":\"https:\/\/www.kansascommerce.gov\/wp-content\/uploads\/2021\/04\/2022-Project-Announcements_418-copy.jpg\",\"datePublished\":\"2022-04-15T14:41:41+00:00\",\"dateModified\":\"2022-04-16T19:40:20+00:00\",\"description\":\"Governor Laura Kelly will announce a transformative economic development project in Manhattan. In addition, Senator Jerry Moran; Dr. Rich Linton, President of Kansas State University; Cheryl Harrison-Lee, Chair of the Kansas Board of Regents; and other dignitaries will also provide remarks on this announcement.\",\"breadcrumb\":{\"@id\":\"https:\/\/www.kansascommerce.gov\/projectannouncement-4-19-22\/#breadcrumb\"},\"inLanguage\":\"es\",\"potentialAction\":[{\"@type\":\"ReadAction\",\"target\":[\"https:\/\/www.kansascommerce.gov\/projectannouncement-4-19-22\/\"]}]},{\"@type\":\"ImageObject\",\"inLanguage\":\"es\",\"@id\":\"https:\/\/www.kansascommerce.gov\/projectannouncement-4-19-22\/#primaryimage\",\"url\":\"https:\/\/www.kansascommerce.gov\/wp-content\/uploads\/2021\/04\/2022-Project-Announcements_418-copy.jpg\",\"contentUrl\":\"https:\/\/www.kansascommerce.gov\/wp-content\/uploads\/2021\/04\/2022-Project-Announcements_418-copy.jpg\",\"width\":1920,\"height\":1080},{\"@type\":\"BreadcrumbList\",\"@id\":\"https:\/\/www.kansascommerce.gov\/projectannouncement-4-19-22\/#breadcrumb\",\"itemListElement\":[{\"@type\":\"ListItem\",\"position\":1,\"name\":\"Home\",\"item\":\"https:\/\/www.kansascommerce.gov\/\"},{\"@type\":\"ListItem\",\"position\":2,\"name\":\"Project Announcement 4 18 2022\"}]},{\"@type\":\"WebSite\",\"@id\":\"https:\/\/www.kansascommerce.gov\/#website\",\"url\":\"https:\/\/www.kansascommerce.gov\/\",\"name\":\"Kansas Department of Commerce\",\"description\":\"Empowering Prosperity\",\"publisher\":{\"@id\":\"https:\/\/www.kansascommerce.gov\/#organization\"},\"potentialAction\":[{\"@type\":\"SearchAction\",\"target\":{\"@type\":\"EntryPoint\",\"urlTemplate\":\"https:\/\/www.kansascommerce.gov\/?s={search_term_string}\"},\"query-input\":{\"@type\":\"PropertyValueSpecification\",\"valueRequired\":true,\"valueName\":\"search_term_string\"}}],\"inLanguage\":\"es\"},{\"@type\":\"Organization\",\"@id\":\"https:\/\/www.kansascommerce.gov\/#organization\",\"name\":\"Kansas Department of Commerce\",\"url\":\"https:\/\/www.kansascommerce.gov\/\",\"logo\":{\"@type\":\"ImageObject\",\"inLanguage\":\"es\",\"@id\":\"https:\/\/www.kansascommerce.gov\/#\/schema\/logo\/image\/\",\"url\":\"https:\/\/www.kansascommerce.gov\/wp-content\/uploads\/2020\/07\/kdc_logo.png\",\"contentUrl\":\"https:\/\/www.kansascommerce.gov\/wp-content\/uploads\/2020\/07\/kdc_logo.png\",\"width\":600,\"height\":347,\"caption\":\"Kansas Department of Commerce\"},\"image\":{\"@id\":\"https:\/\/www.kansascommerce.gov\/#\/schema\/logo\/image\/\"},\"sameAs\":[\"https:\/\/www.facebook.com\/KansasCommerce\/\",\"https:\/\/x.com\/KansasCommerce\",\"https:\/\/www.linkedin.com\/company\/kansas-department-of-commerce\/\"]}]}<\/script>\n<!-- \/ Yoast SEO Premium plugin. -->","yoast_head_json":{"title":"Project Announcement 4 18 2022 - Kansas Department of Commerce","description":"La Gobernadora Laura Kelly anunciar\u00e1 un proyecto de desarrollo econ\u00f3mico transformador en Manhattan. Adem\u00e1s, el senador Jerry Moran; el Dr. Rich Linton, Presidente de la Universidad Estatal de Kansas; Cheryl Harrison-Lee, Presidenta de la Junta de Regentes de Kansas; y otros dignatarios tambi\u00e9n pronunciar\u00e1n discursos sobre este anuncio.","robots":{"index":"index","follow":"follow","max-snippet":"max-snippet:-1","max-image-preview":"max-image-preview:large","max-video-preview":"max-video-preview:-1"},"canonical":"https:\/\/www.kansascommerce.gov\/es\/projectannouncement-4-19-22\/","og_locale":"es_ES","og_type":"article","og_title":"Project Announcement 4 18 2022","og_description":"Governor Laura Kelly will announce a transformative economic development project in Manhattan. In addition, Senator Jerry Moran; Dr. Rich Linton, President of Kansas State University; Cheryl Harrison-Lee, Chair of the Kansas Board of Regents; and other dignitaries will also provide remarks on this announcement.","og_url":"https:\/\/www.kansascommerce.gov\/es\/projectannouncement-4-19-22\/","og_site_name":"Kansas Department of Commerce","article_publisher":"https:\/\/www.facebook.com\/KansasCommerce\/","article_modified_time":"2022-04-16T19:40:20+00:00","og_image":[{"width":1920,"height":1080,"url":"https:\/\/www.kansascommerce.gov\/wp-content\/uploads\/2021\/04\/2022-Project-Announcements_418-copy.jpg","type":"image\/jpeg"}],"twitter_card":"summary_large_image","twitter_site":"@KansasCommerce","twitter_misc":{"Tiempo de lectura":"1 minuto"},"schema":{"@context":"https:\/\/schema.org","@graph":[{"@type":"WebPage","@id":"https:\/\/www.kansascommerce.gov\/projectannouncement-4-19-22\/","url":"https:\/\/www.kansascommerce.gov\/projectannouncement-4-19-22\/","name":"Project Announcement 4 18 2022 - Kansas Department of Commerce","isPartOf":{"@id":"https:\/\/www.kansascommerce.gov\/#website"},"primaryImageOfPage":{"@id":"https:\/\/www.kansascommerce.gov\/projectannouncement-4-19-22\/#primaryimage"},"image":{"@id":"https:\/\/www.kansascommerce.gov\/projectannouncement-4-19-22\/#primaryimage"},"thumbnailUrl":"https:\/\/www.kansascommerce.gov\/wp-content\/uploads\/2021\/04\/2022-Project-Announcements_418-copy.jpg","datePublished":"2022-04-15T14:41:41+00:00","dateModified":"2022-04-16T19:40:20+00:00","description":"La Gobernadora Laura Kelly anunciar\u00e1 un proyecto de desarrollo econ\u00f3mico transformador en Manhattan. Adem\u00e1s, el senador Jerry Moran; el Dr. Rich Linton, Presidente de la Universidad Estatal de Kansas; Cheryl Harrison-Lee, Presidenta de la Junta de Regentes de Kansas; y otros dignatarios tambi\u00e9n pronunciar\u00e1n discursos sobre este anuncio.","breadcrumb":{"@id":"https:\/\/www.kansascommerce.gov\/projectannouncement-4-19-22\/#breadcrumb"},"inLanguage":"es","potentialAction":[{"@type":"ReadAction","target":["https:\/\/www.kansascommerce.gov\/projectannouncement-4-19-22\/"]}]},{"@type":"ImageObject","inLanguage":"es","@id":"https:\/\/www.kansascommerce.gov\/projectannouncement-4-19-22\/#primaryimage","url":"https:\/\/www.kansascommerce.gov\/wp-content\/uploads\/2021\/04\/2022-Project-Announcements_418-copy.jpg","contentUrl":"https:\/\/www.kansascommerce.gov\/wp-content\/uploads\/2021\/04\/2022-Project-Announcements_418-copy.jpg","width":1920,"height":1080},{"@type":"BreadcrumbList","@id":"https:\/\/www.kansascommerce.gov\/projectannouncement-4-19-22\/#breadcrumb","itemListElement":[{"@type":"ListItem","position":1,"name":"Home","item":"https:\/\/www.kansascommerce.gov\/"},{"@type":"ListItem","position":2,"name":"Project Announcement 4 18 2022"}]},{"@type":"WebSite","@id":"https:\/\/www.kansascommerce.gov\/#website","url":"https:\/\/www.kansascommerce.gov\/","name":"Departamento de Comercio de Kansas","description":"Fomentar la prosperidad","publisher":{"@id":"https:\/\/www.kansascommerce.gov\/#organization"},"potentialAction":[{"@type":"SearchAction","target":{"@type":"EntryPoint","urlTemplate":"https:\/\/www.kansascommerce.gov\/?s={search_term_string}"},"query-input":{"@type":"PropertyValueSpecification","valueRequired":true,"valueName":"search_term_string"}}],"inLanguage":"es"},{"@type":"Organization","@id":"https:\/\/www.kansascommerce.gov\/#organization","name":"Departamento de Comercio de Kansas","url":"https:\/\/www.kansascommerce.gov\/","logo":{"@type":"ImageObject","inLanguage":"es","@id":"https:\/\/www.kansascommerce.gov\/#\/schema\/logo\/image\/","url":"https:\/\/www.kansascommerce.gov\/wp-content\/uploads\/2020\/07\/kdc_logo.png","contentUrl":"https:\/\/www.kansascommerce.gov\/wp-content\/uploads\/2020\/07\/kdc_logo.png","width":600,"height":347,"caption":"Kansas Department of Commerce"},"image":{"@id":"https:\/\/www.kansascommerce.gov\/#\/schema\/logo\/image\/"},"sameAs":["https:\/\/www.facebook.com\/KansasCommerce\/","https:\/\/x.com\/KansasCommerce","https:\/\/www.linkedin.com\/company\/kansas-department-of-commerce\/"]}]}},"publishpress_future_action":{"enabled":false,"date":"2026-04-24 08:20:59","action":"change-status","newStatus":"draft","terms":[],"taxonomy":"","extraData":[]},"publishpress_future_workflow_manual_trigger":{"enabledWorkflows":[]},"_links":{"self":[{"href":"https:\/\/www.kansascommerce.gov\/es\/wp-json\/wp\/v2\/pages\/39119","targetHints":{"allow":["GET"]}}],"collection":[{"href":"https:\/\/www.kansascommerce.gov\/es\/wp-json\/wp\/v2\/pages"}],"about":[{"href":"https:\/\/www.kansascommerce.gov\/es\/wp-json\/wp\/v2\/types\/page"}],"author":[{"embeddable":true,"href":"https:\/\/www.kansascommerce.gov\/es\/wp-json\/wp\/v2\/users\/28"}],"replies":[{"embeddable":true,"href":"https:\/\/www.kansascommerce.gov\/es\/wp-json\/wp\/v2\/comments?post=39119"}],"version-history":[{"count":0,"href":"https:\/\/www.kansascommerce.gov\/es\/wp-json\/wp\/v2\/pages\/39119\/revisions"}],"wp:featuredmedia":[{"embeddable":true,"href":"https:\/\/www.kansascommerce.gov\/es\/wp-json\/wp\/v2\/media\/39125"}],"wp:attachment":[{"href":"https:\/\/www.kansascommerce.gov\/es\/wp-json\/wp\/v2\/media?parent=39119"}],"curies":[{"name":"wp","href":"https:\/\/api.w.org\/{rel}","templated":true}]}}