{"id":40808,"date":"2022-05-27T18:47:17","date_gmt":"2022-05-27T18:47:17","guid":{"rendered":"https:\/\/kdc1000.wpengine.com\/?page_id=40808"},"modified":"2022-05-27T19:17:49","modified_gmt":"2022-05-27T19:17:49","slug":"kansas-aviation-tax-credits","status":"publish","type":"page","link":"https:\/\/www.kansascommerce.gov\/es\/businesses\/kansas-aviation-tax-credits\/","title":{"rendered":"Cr\u00e9ditos fiscales para la aviaci\u00f3n en Kansas"},"content":{"rendered":"<div class=\"hero-block hero-block--subpage\" >\n\n        <div class=\"breadcrumb_wrapper\">\n                                                <a href=\"https:\/\/www.kansascommerce.gov\/es\/\">Inicio<\/a> \/\n                                                                <a href=\"https:\/\/www.kansascommerce.gov\/es\/businesses\/\">Noticias<\/a> \/\n                                                                <span>Cr\u00e9ditos fiscales para la aviaci\u00f3n en Kansas<\/span>\n                                    <\/div>\n\n        <div class=\"hero-img\" style=\"                            background-image: url(https:\/\/www.kansascommerce.gov\/wp-content\/uploads\/2020\/08\/hero_Taxes-e1597024760872.jpg);                                                    background-position: center bottom;                                \"><\/div>\n        <div class=\"container h-100\">\n            <div class=\"row align-items-center justify-content-center h-100\">\n                <div class=\"col-12 content\">\n                    <div>\n\n<h1 class=\"wp-block-heading\" id=\"h-kansas-aviation-tax-credits-employer-hiring-incentive-and-tuition-reimbursement\">Cr\u00e9ditos fiscales para la aviaci\u00f3n en Kansas - Incentivo a la contrataci\u00f3n de empresas y reembolso de matr\u00edculas<\/h1>\n\n\n\n<p><\/p>\n\n<\/div>\n                <\/div>\n            <\/div>\n        <\/div>\n            <\/div>\n    \n\n    <div class=\"container\">            <div class=\"wrapper-block\" style=\"                                                                                                                                    \">\n        \n\n<p>A partir del 1 de julio de 2022, el estado de Kansas cre\u00f3 incentivos fiscales para ayudar a las empresas del sector de la aviaci\u00f3n a contratar talentos altamente cualificados, a partir del ejercicio fiscal 2022.s est\u00e1n ayudando a reducir el coste de hacer negocios en Kansas.<\/p>\n\n\n        <div class=\"clearfix\"><\/div>\n    <\/div>\n    <\/div>\n\n    <div class=\"container\">            <div class=\"wrapper-block\" style=\"                                                                                                                                    \">\n        \n\n<h3 class=\"wp-block-heading\" id=\"h-employee-incentive-to-aid-in-recruitment\">Incentivo para los empleados como ayuda a la contrataci\u00f3n<\/h3>\n\n\n\n<p>Las nuevas contrataciones en el sector de la aviaci\u00f3n que cumplan los requisitos pueden recibir ahora hasta $5.000 al a\u00f1o como cr\u00e9dito del impuesto estatal sobre la renta hasta 2026, por un total de hasta $25.000. El empleado debe tener un t\u00edtulo o certificado de un programa que cumpla los requisitos. El cr\u00e9dito no reembolsable est\u00e1 disponible para los habitantes de Kansas y las personas que se trasladan a Kansas con un t\u00edtulo o certificado de otro estado que cumpla los requisitos.<\/p>\n\n\n        <div class=\"clearfix\"><\/div>\n    <\/div>\n    <\/div>\n\n    <div class=\"container\">            <div class=\"wrapper-block\" style=\"                                                                                                                                    \">\n        \n\n<h3 class=\"wp-block-heading\" id=\"h-employer-incentive-to-hire-qualified-talent\">Incentivo a la contrataci\u00f3n de personal cualificado<\/h3>\n\n\n\n<p>Los empleadores pueden recibir un cr\u00e9dito fiscal no reembolsable por 10% de la compensaci\u00f3n pagada por cada nuevo empleado calificado (l\u00edmite de $15,000 por a\u00f1o, por empleado) en cada uno de los primeros cinco a\u00f1os de empleo, sumando hasta $75,000 en cr\u00e9ditos por empleado. Este incentivo empresarial est\u00e1 disponible para los nuevos empleados cualificados contratados entre 2022-2026.<\/p>\n\n\n        <div class=\"clearfix\"><\/div>\n    <\/div>\n    <\/div>\n\n    <div class=\"container\">            <div class=\"wrapper-block\" style=\"                                                                                                                                    \">\n        \n\n<h3 class=\"wp-block-heading\" id=\"h-employer-incentive-to-upskill-employees\">Incentivo empresarial para mejorar la cualificaci\u00f3n de los empleados<\/h3>\n\n\n\n<p>Existe un tercer cr\u00e9dito para las empresas que reembolsan la matr\u00edcula a sus empleados. El cr\u00e9dito reembolsa la matr\u00edcula hasta el 50% del total proporcionado al empleado. Este cr\u00e9dito puede solicitarse si el empleado se grad\u00faa en un programa cualificado en el plazo de un a\u00f1o a partir de la fecha de contrataci\u00f3n. El cr\u00e9dito fiscal puede solicitarse cada a\u00f1o durante un m\u00e1ximo de cuatro a\u00f1os si el empleado sigue trabajando en la empresa. Este cr\u00e9dito debe aplicarse a la cuota del impuesto sobre la renta de la empresa una vez deducidos todos los dem\u00e1s cr\u00e9ditos permitidos; no es reembolsable y no puede trasladarse al ejercicio siguiente.<\/p>\n\n\n        <div class=\"clearfix\"><\/div>\n    <\/div>\n    <\/div>","protected":false},"excerpt":{"rendered":"","protected":false},"author":20,"featured_media":0,"parent":7,"menu_order":114,"comment_status":"closed","ping_status":"closed","template":"","meta":{"_acf_changed":false,"_eb_attr":"","_monsterinsights_skip_tracking":false,"_monsterinsights_sitenote_active":false,"_monsterinsights_sitenote_note":"","_monsterinsights_sitenote_category":0,"footnotes":""},"class_list":["post-40808","page","type-page","status-publish","hentry"],"acf":[],"yoast_head":"<!-- This site is optimized with the Yoast SEO Premium plugin v19.5 (Yoast SEO v27.1.1) - https:\/\/yoast.com\/product\/yoast-seo-premium-wordpress\/ -->\n<title>Kansas Aviation Tax Credits - Kansas Department of Commerce<\/title>\n<meta name=\"robots\" content=\"index, follow, max-snippet:-1, max-image-preview:large, max-video-preview:-1\" \/>\n<link rel=\"canonical\" href=\"https:\/\/www.kansascommerce.gov\/es\/businesses\/kansas-aviation-tax-credits\/\" \/>\n<meta property=\"og:locale\" content=\"es_ES\" \/>\n<meta property=\"og:type\" content=\"article\" \/>\n<meta property=\"og:title\" content=\"Kansas Aviation Tax Credits\" \/>\n<meta property=\"og:url\" content=\"https:\/\/www.kansascommerce.gov\/es\/businesses\/kansas-aviation-tax-credits\/\" \/>\n<meta property=\"og:site_name\" content=\"Kansas Department of Commerce\" \/>\n<meta property=\"article:publisher\" content=\"https:\/\/www.facebook.com\/KansasCommerce\/\" \/>\n<meta property=\"article:modified_time\" content=\"2022-05-27T19:17:49+00:00\" \/>\n<meta property=\"og:image\" content=\"https:\/\/www.kansascommerce.gov\/wp-content\/uploads\/2020\/09\/KDC_OG-MEta.jpg\" \/>\n\t<meta property=\"og:image:width\" content=\"1200\" \/>\n\t<meta property=\"og:image:height\" content=\"630\" \/>\n\t<meta property=\"og:image:type\" content=\"image\/jpeg\" \/>\n<meta name=\"twitter:card\" content=\"summary_large_image\" \/>\n<meta name=\"twitter:site\" content=\"@KansasCommerce\" \/>\n<meta name=\"twitter:label1\" content=\"Tiempo de lectura\" \/>\n\t<meta name=\"twitter:data1\" content=\"2 minutos\" \/>\n<script type=\"application\/ld+json\" class=\"yoast-schema-graph\">{\"@context\":\"https:\/\/schema.org\",\"@graph\":[{\"@type\":\"WebPage\",\"@id\":\"https:\/\/www.kansascommerce.gov\/businesses\/kansas-aviation-tax-credits\/\",\"url\":\"https:\/\/www.kansascommerce.gov\/businesses\/kansas-aviation-tax-credits\/\",\"name\":\"Kansas Aviation Tax Credits - Kansas Department of Commerce\",\"isPartOf\":{\"@id\":\"https:\/\/www.kansascommerce.gov\/#website\"},\"datePublished\":\"2022-05-27T18:47:17+00:00\",\"dateModified\":\"2022-05-27T19:17:49+00:00\",\"breadcrumb\":{\"@id\":\"https:\/\/www.kansascommerce.gov\/businesses\/kansas-aviation-tax-credits\/#breadcrumb\"},\"inLanguage\":\"es\",\"potentialAction\":[{\"@type\":\"ReadAction\",\"target\":[\"https:\/\/www.kansascommerce.gov\/businesses\/kansas-aviation-tax-credits\/\"]}]},{\"@type\":\"BreadcrumbList\",\"@id\":\"https:\/\/www.kansascommerce.gov\/businesses\/kansas-aviation-tax-credits\/#breadcrumb\",\"itemListElement\":[{\"@type\":\"ListItem\",\"position\":1,\"name\":\"Home\",\"item\":\"https:\/\/www.kansascommerce.gov\/\"},{\"@type\":\"ListItem\",\"position\":2,\"name\":\"Businesses\",\"item\":\"https:\/\/www.kansascommerce.gov\/businesses\/\"},{\"@type\":\"ListItem\",\"position\":3,\"name\":\"Kansas Aviation Tax Credits\"}]},{\"@type\":\"WebSite\",\"@id\":\"https:\/\/www.kansascommerce.gov\/#website\",\"url\":\"https:\/\/www.kansascommerce.gov\/\",\"name\":\"Kansas Department of Commerce\",\"description\":\"Empowering Prosperity\",\"publisher\":{\"@id\":\"https:\/\/www.kansascommerce.gov\/#organization\"},\"potentialAction\":[{\"@type\":\"SearchAction\",\"target\":{\"@type\":\"EntryPoint\",\"urlTemplate\":\"https:\/\/www.kansascommerce.gov\/?s={search_term_string}\"},\"query-input\":{\"@type\":\"PropertyValueSpecification\",\"valueRequired\":true,\"valueName\":\"search_term_string\"}}],\"inLanguage\":\"es\"},{\"@type\":\"Organization\",\"@id\":\"https:\/\/www.kansascommerce.gov\/#organization\",\"name\":\"Kansas Department of Commerce\",\"url\":\"https:\/\/www.kansascommerce.gov\/\",\"logo\":{\"@type\":\"ImageObject\",\"inLanguage\":\"es\",\"@id\":\"https:\/\/www.kansascommerce.gov\/#\/schema\/logo\/image\/\",\"url\":\"https:\/\/www.kansascommerce.gov\/wp-content\/uploads\/2020\/07\/kdc_logo.png\",\"contentUrl\":\"https:\/\/www.kansascommerce.gov\/wp-content\/uploads\/2020\/07\/kdc_logo.png\",\"width\":600,\"height\":347,\"caption\":\"Kansas Department of Commerce\"},\"image\":{\"@id\":\"https:\/\/www.kansascommerce.gov\/#\/schema\/logo\/image\/\"},\"sameAs\":[\"https:\/\/www.facebook.com\/KansasCommerce\/\",\"https:\/\/x.com\/KansasCommerce\",\"https:\/\/www.linkedin.com\/company\/kansas-department-of-commerce\/\"]}]}<\/script>\n<!-- \/ Yoast SEO Premium plugin. -->","yoast_head_json":{"title":"Kansas Aviation Tax Credits - Kansas Department of Commerce","robots":{"index":"index","follow":"follow","max-snippet":"max-snippet:-1","max-image-preview":"max-image-preview:large","max-video-preview":"max-video-preview:-1"},"canonical":"https:\/\/www.kansascommerce.gov\/es\/businesses\/kansas-aviation-tax-credits\/","og_locale":"es_ES","og_type":"article","og_title":"Kansas Aviation Tax Credits","og_url":"https:\/\/www.kansascommerce.gov\/es\/businesses\/kansas-aviation-tax-credits\/","og_site_name":"Kansas Department of Commerce","article_publisher":"https:\/\/www.facebook.com\/KansasCommerce\/","article_modified_time":"2022-05-27T19:17:49+00:00","og_image":[{"width":1200,"height":630,"url":"https:\/\/www.kansascommerce.gov\/wp-content\/uploads\/2020\/09\/KDC_OG-MEta.jpg","type":"image\/jpeg"}],"twitter_card":"summary_large_image","twitter_site":"@KansasCommerce","twitter_misc":{"Tiempo de lectura":"2 minutos"},"schema":{"@context":"https:\/\/schema.org","@graph":[{"@type":"WebPage","@id":"https:\/\/www.kansascommerce.gov\/businesses\/kansas-aviation-tax-credits\/","url":"https:\/\/www.kansascommerce.gov\/businesses\/kansas-aviation-tax-credits\/","name":"Kansas Aviation Tax Credits - Kansas Department of Commerce","isPartOf":{"@id":"https:\/\/www.kansascommerce.gov\/#website"},"datePublished":"2022-05-27T18:47:17+00:00","dateModified":"2022-05-27T19:17:49+00:00","breadcrumb":{"@id":"https:\/\/www.kansascommerce.gov\/businesses\/kansas-aviation-tax-credits\/#breadcrumb"},"inLanguage":"es","potentialAction":[{"@type":"ReadAction","target":["https:\/\/www.kansascommerce.gov\/businesses\/kansas-aviation-tax-credits\/"]}]},{"@type":"BreadcrumbList","@id":"https:\/\/www.kansascommerce.gov\/businesses\/kansas-aviation-tax-credits\/#breadcrumb","itemListElement":[{"@type":"ListItem","position":1,"name":"Home","item":"https:\/\/www.kansascommerce.gov\/"},{"@type":"ListItem","position":2,"name":"Businesses","item":"https:\/\/www.kansascommerce.gov\/businesses\/"},{"@type":"ListItem","position":3,"name":"Kansas Aviation Tax Credits"}]},{"@type":"WebSite","@id":"https:\/\/www.kansascommerce.gov\/#website","url":"https:\/\/www.kansascommerce.gov\/","name":"Departamento de Comercio de Kansas","description":"Fomentar la prosperidad","publisher":{"@id":"https:\/\/www.kansascommerce.gov\/#organization"},"potentialAction":[{"@type":"SearchAction","target":{"@type":"EntryPoint","urlTemplate":"https:\/\/www.kansascommerce.gov\/?s={search_term_string}"},"query-input":{"@type":"PropertyValueSpecification","valueRequired":true,"valueName":"search_term_string"}}],"inLanguage":"es"},{"@type":"Organization","@id":"https:\/\/www.kansascommerce.gov\/#organization","name":"Departamento de Comercio de Kansas","url":"https:\/\/www.kansascommerce.gov\/","logo":{"@type":"ImageObject","inLanguage":"es","@id":"https:\/\/www.kansascommerce.gov\/#\/schema\/logo\/image\/","url":"https:\/\/www.kansascommerce.gov\/wp-content\/uploads\/2020\/07\/kdc_logo.png","contentUrl":"https:\/\/www.kansascommerce.gov\/wp-content\/uploads\/2020\/07\/kdc_logo.png","width":600,"height":347,"caption":"Kansas Department of Commerce"},"image":{"@id":"https:\/\/www.kansascommerce.gov\/#\/schema\/logo\/image\/"},"sameAs":["https:\/\/www.facebook.com\/KansasCommerce\/","https:\/\/x.com\/KansasCommerce","https:\/\/www.linkedin.com\/company\/kansas-department-of-commerce\/"]}]}},"publishpress_future_action":{"enabled":false,"date":"2026-04-11 10:20:38","action":"change-status","newStatus":"draft","terms":[],"taxonomy":"","extraData":[]},"publishpress_future_workflow_manual_trigger":{"enabledWorkflows":[]},"_links":{"self":[{"href":"https:\/\/www.kansascommerce.gov\/es\/wp-json\/wp\/v2\/pages\/40808","targetHints":{"allow":["GET"]}}],"collection":[{"href":"https:\/\/www.kansascommerce.gov\/es\/wp-json\/wp\/v2\/pages"}],"about":[{"href":"https:\/\/www.kansascommerce.gov\/es\/wp-json\/wp\/v2\/types\/page"}],"author":[{"embeddable":true,"href":"https:\/\/www.kansascommerce.gov\/es\/wp-json\/wp\/v2\/users\/20"}],"replies":[{"embeddable":true,"href":"https:\/\/www.kansascommerce.gov\/es\/wp-json\/wp\/v2\/comments?post=40808"}],"version-history":[{"count":0,"href":"https:\/\/www.kansascommerce.gov\/es\/wp-json\/wp\/v2\/pages\/40808\/revisions"}],"up":[{"embeddable":true,"href":"https:\/\/www.kansascommerce.gov\/es\/wp-json\/wp\/v2\/pages\/7"}],"wp:attachment":[{"href":"https:\/\/www.kansascommerce.gov\/es\/wp-json\/wp\/v2\/media?parent=40808"}],"curies":[{"name":"wp","href":"https:\/\/api.w.org\/{rel}","templated":true}]}}