{"id":41436,"date":"2022-07-05T14:08:38","date_gmt":"2022-07-05T14:08:38","guid":{"rendered":"https:\/\/kdc1000.wpengine.com\/?page_id=41436"},"modified":"2022-09-27T18:11:52","modified_gmt":"2022-09-27T18:11:52","slug":"executive-leadership","status":"publish","type":"page","link":"https:\/\/www.kansascommerce.gov\/es\/meet-the-team\/executive-leadership\/","title":{"rendered":"Liderazgo ejecutivo"},"content":{"rendered":"<div class=\"hero-block hero-block--simple\" >\n\n        <div class=\"breadcrumb_wrapper\">\n                                                <a href=\"https:\/\/www.kansascommerce.gov\/es\/\">Inicio<\/a> \/\n                                                                <a href=\"https:\/\/www.kansascommerce.gov\/es\/meet-the-team\/\">Conozca al equipo<\/a> \/\n                                                                <span>Liderazgo ejecutivo<\/span>\n                                    <\/div>\n\n        <div class=\"container h-100\">\n            <div class=\"row align-items-center h-100\">\n                <div class=\"col-12 content\">\n                    <div>\n\n<h1 class=\"wp-block-heading\" id=\"h-executive-leadership\">Liderazgo ejecutivo<\/h1>\n\n\n\n<h5 class=\"wp-block-heading\" id=\"h-kansas-department-of-commerce\">Departamento de Comercio de Kansas<\/h5>\n\n\n\n<p><\/p>\n\n<\/div>\n                <\/div>\n            <\/div>\n        <\/div>\n    <\/div>\n    \n\n    <div class=\"container\">                <div class=\"staff_listing card-wrapper-block\" id=\"staff_1401536322\">\n                    <div class=\"staff row-block detailed row align-items-start\">\n                <div class=\"col-12 col-md-4 col-lg-3\">\n                    <div class=\"bg-block\" style=\"background-image: url('https:\/\/www.kansascommerce.gov\/wp-content\/uploads\/2024\/09\/Bridgette-scaled-1-e1752172881106-1024x994.jpg');\"><\/div>\n                                    <\/div>\n                <div class=\"col-12 col-md-8 col-lg-9\">\n                    <h5>Bridgette Jobe <\/h5>\n                    <div class=\"content\">\n                        <p>Director de Turismo<\/p>                        <!-- wp:paragraph -->\n <p>Bridgette Jobe es la Directora de la Divisi\u00f3n de Turismo de Kansas en el Departamento de Comercio de Kansas, donde dirige un equipo de profesionales del turismo cuya misi\u00f3n es inspirar los viajes a Kansas y por todo el estado. \u00a1Como Directora, supervisa el marketing del estado para los visitantes, la publicaci\u00f3n de KANSAS! Magazine, el programa Kansas Agritourism y el programa Kansas Byways.&nbsp;<\/p>\n <!-- \/wp:paragraph -->\n \n <!-- wp:paragraph -->\n <p>Bridgette se uni\u00f3 a Turismo de Kansas en 2019.  Anteriormente, trabaj\u00f3 m\u00e1s de veinti\u00fan a\u00f1os en la Oficina de Convenciones y Visitantes de Kansas City Kansas. Fue presidenta de la Asociaci\u00f3n de la Industria Tur\u00edstica de Kansas y presidenta del Consejo de Viajes y Turismo del Gobernador de Kansas.  Bridgette lleva toda la vida en Kansas y es una Original Dotte.&nbsp;<\/p>\n <!-- \/wp:paragraph -->\n                    <\/div>\n                                                                            <\/div>\n            <\/div>\n                    <div class=\"staff row-block detailed row align-items-start\">\n                <div class=\"col-12 col-md-4 col-lg-3\">\n                    <div class=\"bg-block\" style=\"background-image: url('https:\/\/www.kansascommerce.gov\/wp-content\/uploads\/2024\/09\/IMG_5657c-scaled-1-e1752518813122-1024x896.jpg');\"><\/div>\n                                    <\/div>\n                <div class=\"col-12 col-md-8 col-lg-9\">\n                    <h5>Matthew Godinez <\/h5>\n                    <div class=\"content\">\n                        <p>Subsecretario de Calidad<\/p>                        <!-- wp:paragraph -->\n <p>Matthew Godinez es Subsecretario de Lugares de Calidad del Departamento de Comercio de Kansas. Es responsable de la supervisi\u00f3n, gesti\u00f3n y direcci\u00f3n de las divisiones que incluyen Kansas Main Street, Community Development Block Grants, Housing, The Office of Rural Prosperity y The Office of Broadband Development. Su trabajo consiste en establecer la estrategia para la divisi\u00f3n de Lugares de Calidad e impulsar mejoras administrativas internas relacionadas con las operaciones de la agencia y garantizar que los programas de Lugares de Calidad est\u00e9n alineados con el Marco de Crecimiento de Kansas.<\/p>\n <!-- \/wp:paragraph -->\n \n <!-- wp:paragraph -->\n <p>Matt se desempe\u00f1\u00f3 anteriormente como Director Ejecutivo de la Autoridad de Desarrollo Regional de Chanute y la Comisi\u00f3n de Planificaci\u00f3n Regional del Sudeste de Kansas. Matt ha sido nombrado uno de los 50 mejores desarrolladores econ\u00f3micos de Norteam\u00e9rica, Top 40 under 40 in Economic Development y Leadership Kansas Class of 2019. En 2022, Matt recibi\u00f3 su designaci\u00f3n de Master Economic Development Practitioner de la Universidad del Sur de Mississippi.<\/p>\n <!-- \/wp:paragraph -->\n                    <\/div>\n                                                                            <\/div>\n            <\/div>\n                    <div class=\"staff row-block detailed row align-items-start\">\n                <div class=\"col-12 col-md-4 col-lg-3\">\n                    <div class=\"bg-block\" style=\"background-image: url('https:\/\/www.kansascommerce.gov\/wp-content\/uploads\/2024\/09\/Mike-Beene_Web.jpg');\"><\/div>\n                                    <\/div>\n                <div class=\"col-12 col-md-8 col-lg-9\">\n                    <h5>Mike Beene <\/h5>\n                    <div class=\"content\">\n                        <p>Subsecretario de Comercio<\/p>                        <!-- wp:paragraph -->\n <p>Mike Beene trabaja como Subsecretario de Comercio, supervisando los Servicios de Mano de Obra, Recursos Humanos, Servicios de Construcci\u00f3n y Workforce AID para el Departamento de Comercio de Kansas. Beene empez\u00f3 a trabajar en la agencia en enero de 2007 como Director Regional en el sureste de Kansas (Divisi\u00f3n de Servicios de Mano de Obra). Sus funciones incluyen la supervisi\u00f3n de todos los programas y subvenciones federales de mano de obra, adem\u00e1s de los 23 centros de mano de obra ubicados en todo el estado.<\/p>\n <!-- \/wp:paragraph -->\n \n <!-- wp:paragraph -->\n <p>Beene obtuvo un m\u00e1ster en Educaci\u00f3n por la Universidad Estatal de Kansas. Antes de su carrera en el Departamento de Comercio, fue educador y administrador en instituciones secundarias y postsecundarias de Kansas.<\/p>\n <!-- \/wp:paragraph -->\n                    <\/div>\n                                                                            <\/div>\n            <\/div>\n                    <div class=\"staff row-block detailed row align-items-start\">\n                <div class=\"col-12 col-md-4 col-lg-3\">\n                    <div class=\"bg-block\" style=\"background-image: url('https:\/\/www.kansascommerce.gov\/wp-content\/uploads\/2024\/09\/Joshua-Favorite-copy-1-e1707173391406-1024x792.jpg');\"><\/div>\n                                    <\/div>\n                <div class=\"col-12 col-md-8 col-lg-9\">\n                    <h5>Joshua Jefferson <\/h5>\n                    <div class=\"content\">\n                        <p>Deputy Secretary<\/p>                        <!-- wp:paragraph -->\n <p>Joshua Jefferson serves as the Deputy Secretary of Business Development for the Kansas Department of Commerce, where he leads statewide efforts to attract, retain and expand businesses while advancing strategic economic initiatives that promote long-term prosperity. He oversees a high-performing division focused on driving private-sector capital investment, creating quality jobs and fostering a business-friendly climate across Kansas.<\/p>\n <!-- \/wp:paragraph -->\n \n <!-- wp:paragraph -->\n <p>With over 17 years of experience in economic development, commercial real estate, aviation management and workforce development, Jefferson has established himself as a transformative leader in both the public and private sectors. He has played a pivotal role in securing landmark projects such as Gulfstream Aerospace, Virgin Galactic, Merck and Fiserv. Prior to his role in Kansas, Jefferson was instrumental in attracting major aerospace investments to the Greater Phoenix region, including Virgin Galactic\u2019s Delta Class spacecraft facility and Gulfstream\u2019s West Coast Service Center.<\/p>\n <!-- \/wp:paragraph -->\n \n <!-- wp:paragraph -->\n <p>Jefferson\u2019s leadership spans diverse and high-growth sectors, including aviation, advanced manufacturing, financial technology and logistics. His strategic oversight has helped position Kansas as a national hub for innovation and industry leadership. Known for his expertise in site selection, incentive structuring and transformational project delivery, he is a trusted advisor to businesses, policymakers and community organizations alike.<\/p>\n <!-- \/wp:paragraph -->\n \n <!-- wp:paragraph -->\n <p>In recognition of his impact, Jefferson was named one of North America\u2019s Top 50 Economic Developers by Consultant Connect in 2025. He holds a bachelor\u2019s degree in Urban Real Estate Planning from Arizona State University and remains committed to strengthening Kansas\u2019s economy through proactive, inclusive and forward-thinking development strategies.<\/p>\n <!-- \/wp:paragraph -->\n                    <\/div>\n                                                                            <\/div>\n            <\/div>\n                    <div class=\"staff row-block detailed row align-items-start\">\n                <div class=\"col-12 col-md-4 col-lg-3\">\n                    <div class=\"bg-block\" style=\"background-image: url('https:\/\/www.kansascommerce.gov\/wp-content\/uploads\/2024\/09\/IMG_4119c_Bob-North_CC_portrait-scaled-1-e1751389274249-1024x979.jpg');\"><\/div>\n                                    <\/div>\n                <div class=\"col-12 col-md-8 col-lg-9\">\n                    <h5>Robert North <\/h5>\n                    <div class=\"content\">\n                        <p>Abogado Jefe<\/p>                        <!-- wp:paragraph -->\n <p>Bob North es Consejero Jefe del Departamento de Comercio de Kansas. Bob es responsable de las operaciones del Departamento de Comercio y ha desempe\u00f1ado este cargo desde 2004. Tiene una amplia experiencia en financiaci\u00f3n p\u00fablica, programas de desarrollo econ\u00f3mico financiados con bonos y otros incentivos de desarrollo econ\u00f3mico. Antes de incorporarse a Commerce, trabaj\u00f3 en el sector privado.<\/p>\n <!-- \/wp:paragraph -->\n \n <!-- wp:paragraph -->\n <p><\/p>\n <!-- \/wp:paragraph -->\n                    <\/div>\n                                                                            <\/div>\n            <\/div>\n                    <div class=\"staff row-block detailed row align-items-start\">\n                <div class=\"col-12 col-md-4 col-lg-3\">\n                    <div class=\"bg-block\" style=\"background-image: url('https:\/\/www.kansascommerce.gov\/wp-content\/uploads\/2025\/05\/Secretary-of-Commerce-David-Toland-April-2025_Medium-Size-819x1024.jpg');\"><\/div>\n                                    <\/div>\n                <div class=\"col-12 col-md-8 col-lg-9\">\n                    <h5>David Toland <\/h5>\n                    <div class=\"content\">\n                        <p>Vicegobernador y Secretario de Comercio<\/p>                        <p>\nDavid Toland is the 52nd Lieutenant Governor of Kansas and also serves as Secretary of the Kansas Department of Commerce. \nA seventh-generation Kansan, Toland was appointed Secretary of Commerce by Governor Laura Kelly in January 2019 and \nLieutenant Governor in January 2021.\n<\/p>\n\n<p>\nDuring his time as Secretary, Kansas has become a dominant force in economic development \u2014 twice garnering the most \nprivate sector investment per capita of any state in the nation \u2014 and breaking every previous record for capital \ninvestment and job creation in state history.\n<\/p>\n\n<p>\nIn addition to the historic deal that will bring the Kansas City Chiefs to Kansas in 2031, Toland also led the state\u2019s \nsuccessful recruitment of one of the largest economic development projects in state history, the $4 billion, 4,000 job \nPanasonic electric vehicle battery plant in De Soto. Not only has Toland led very large projects, but he has also focused \non grassroots community-led development such as revitalizing buildings on Main Streets, creating upper-floor housing in \ndowntown districts, and investing in the Rural Champions program that strengthens Kansas communities.\n<\/p>\n\n<p>\nThis ongoing wave of economic momentum was spurred by a complete overhaul of the Department of Commerce led by \nLt. Governor Toland. This included getting Kansas re-engaged internationally, championing regional approaches to \neconomic development, and placing a new emphasis on growth and quality of life in rural communities.\n<\/p>\n\n<p>\nToland has extensive experience in urban and rural economic development, having worked at the local level in both \nWashington, D.C., and in his hometown of Iola in Allen County. He holds both Bachelor\u2019s and Master\u2019s degrees from \nthe University of Kansas.\n<\/p>\n                    <\/div>\n                                                                            <\/div>\n            <\/div>\n                    <div class=\"staff row-block detailed row align-items-start\">\n                <div class=\"col-12 col-md-4 col-lg-3\">\n                    <div class=\"bg-block\" style=\"background-image: url('https:\/\/www.kansascommerce.gov\/wp-content\/uploads\/2024\/09\/2021-06-17-9984final_abby-scaled-1-e1751389558623-1024x980.jpg');\"><\/div>\n                                    <\/div>\n                <div class=\"col-12 col-md-8 col-lg-9\">\n                    <h5>Abby trabaja <\/h5>\n                    <div class=\"content\">\n                        <p>Chief of Staff<\/p>                        <!-- wp:paragraph -->\n <p>Works se licenci\u00f3 en Agricultura por la Universidad Estatal de Kansas, en la especialidad de Ciencia e Industria Alimentarias, con especializaci\u00f3n en Administraci\u00f3n de Empresas. Tambi\u00e9n obtuvo un m\u00e1ster en Estudios Europeos e Internacionales Avanzados por el Centre International de Formation Europ\u00e9enne. Antes de empezar a trabajar en el Departamento de Comercio, Works fue Coordinadora de Desarrollo de Agronegocios en el Departamento de Agricultura de Kansas.<\/p>\n <!-- \/wp:paragraph -->\n                    <\/div>\n                                                                            <\/div>\n            <\/div>\n            <\/div>\n    <\/div>\n\n\n<p><\/p>\n\n\n    <div class=\"container\">            <div class=\"card-wrapper-block row\">\n                \n                <div class=\"card-block simple col-12 col-md-6 col-lg-4\"><a href=\"https:\/\/www.kansascommerce.gov\/es\/staff-directory\/leadership\/\" class=\"cover_link\" title=\"Equipo directivo de Comercio de Kansas\"><\/a><div class=\"bg-block\" style=\"background-image: url('https:\/\/www.kansascommerce.gov\/wp-content\/uploads\/2022\/09\/Circle-KS-Logo_Gold-1024x1024.png');\"><\/div><h4>Equipo directivo de Comercio de Kansas<\/h4><div class=\"wp-content\"><\/div><a href=\"https:\/\/www.kansascommerce.gov\/es\/staff-directory\/leadership\/\" class=\"btn plain_btn\">M\u00e1s informaci\u00f3n<\/a><\/div>    \n\n    <\/div>\n    <\/div>","protected":false},"excerpt":{"rendered":"","protected":false},"author":28,"featured_media":0,"parent":78,"menu_order":444,"comment_status":"closed","ping_status":"closed","template":"","meta":{"_acf_changed":false,"_eb_attr":"","_monsterinsights_skip_tracking":false,"_monsterinsights_sitenote_active":false,"_monsterinsights_sitenote_note":"","_monsterinsights_sitenote_category":0,"footnotes":""},"class_list":["post-41436","page","type-page","status-publish","hentry"],"acf":[],"yoast_head":"<!-- This site is optimized with the Yoast SEO plugin v27.6 - https:\/\/yoast.com\/product\/yoast-seo-wordpress\/ -->\n<title>Executive Leadership - Kansas Department of Commerce<\/title>\n<meta name=\"description\" content=\"Just as we believe it&#039;s important for us to know who you are and how you approach your business, we also believe it&#039;s important for you to know who we are and how we approach ours. Meet the leadership team at the Kansas Department of Commerce.\" \/>\n<meta name=\"robots\" content=\"index, follow, max-snippet:-1, max-image-preview:large, max-video-preview:-1\" \/>\n<link rel=\"canonical\" href=\"https:\/\/www.kansascommerce.gov\/es\/about__trashed\/meet-the-team\/executive-leadership\/\" \/>\n<meta property=\"og:locale\" content=\"es_ES\" \/>\n<meta property=\"og:type\" content=\"article\" \/>\n<meta property=\"og:title\" content=\"Executive Leadership - Kansas Department of Commerce\" \/>\n<meta property=\"og:description\" content=\"Just as we believe it&#039;s important for us to know who you are and how you approach your business, we also believe it&#039;s important for you to know who we are and how we approach ours. Meet the leadership team at the Kansas Department of Commerce.\" \/>\n<meta property=\"og:url\" content=\"https:\/\/www.kansascommerce.gov\/es\/about__trashed\/meet-the-team\/executive-leadership\/\" \/>\n<meta property=\"og:site_name\" content=\"Kansas Department of Commerce\" \/>\n<meta property=\"article:publisher\" content=\"https:\/\/www.facebook.com\/KansasCommerce\/\" \/>\n<meta property=\"article:modified_time\" content=\"2022-09-27T18:11:52+00:00\" \/>\n<meta property=\"og:image\" content=\"https:\/\/www.kansascommerce.gov\/wp-content\/uploads\/2020\/09\/KDC_OG-MEta.jpg\" \/>\n\t<meta property=\"og:image:width\" content=\"1200\" \/>\n\t<meta property=\"og:image:height\" content=\"630\" \/>\n\t<meta property=\"og:image:type\" content=\"image\/jpeg\" \/>\n<meta name=\"twitter:card\" content=\"summary_large_image\" \/>\n<meta name=\"twitter:site\" content=\"@KansasCommerce\" \/>\n<meta name=\"twitter:label1\" content=\"Tiempo de lectura\" \/>\n\t<meta name=\"twitter:data1\" content=\"1 minuto\" \/>\n<script type=\"application\/ld+json\" class=\"yoast-schema-graph\">{\"@context\":\"https:\\\/\\\/schema.org\",\"@graph\":[{\"@type\":\"WebPage\",\"@id\":\"https:\\\/\\\/www.kansascommerce.gov\\\/about__trashed\\\/meet-the-team\\\/executive-leadership\\\/\",\"url\":\"https:\\\/\\\/www.kansascommerce.gov\\\/about__trashed\\\/meet-the-team\\\/executive-leadership\\\/\",\"name\":\"Executive Leadership - Kansas Department of Commerce\",\"isPartOf\":{\"@id\":\"https:\\\/\\\/www.kansascommerce.gov\\\/#website\"},\"datePublished\":\"2022-07-05T14:08:38+00:00\",\"dateModified\":\"2022-09-27T18:11:52+00:00\",\"description\":\"Just as we believe it's important for us to know who you are and how you approach your business, we also believe it's important for you to know who we are and how we approach ours. Meet the leadership team at the Kansas Department of Commerce.\",\"breadcrumb\":{\"@id\":\"https:\\\/\\\/www.kansascommerce.gov\\\/about__trashed\\\/meet-the-team\\\/executive-leadership\\\/#breadcrumb\"},\"inLanguage\":\"es\",\"potentialAction\":[{\"@type\":\"ReadAction\",\"target\":[\"https:\\\/\\\/www.kansascommerce.gov\\\/about__trashed\\\/meet-the-team\\\/executive-leadership\\\/\"]}]},{\"@type\":\"BreadcrumbList\",\"@id\":\"https:\\\/\\\/www.kansascommerce.gov\\\/about__trashed\\\/meet-the-team\\\/executive-leadership\\\/#breadcrumb\",\"itemListElement\":[{\"@type\":\"ListItem\",\"position\":1,\"name\":\"Home\",\"item\":\"https:\\\/\\\/www.kansascommerce.gov\\\/\"},{\"@type\":\"ListItem\",\"position\":2,\"name\":\"Meet the Team\",\"item\":\"https:\\\/\\\/www.kansascommerce.gov\\\/about__trashed\\\/meet-the-team\\\/\"},{\"@type\":\"ListItem\",\"position\":3,\"name\":\"Executive Leadership\"}]},{\"@type\":\"WebSite\",\"@id\":\"https:\\\/\\\/www.kansascommerce.gov\\\/#website\",\"url\":\"https:\\\/\\\/www.kansascommerce.gov\\\/\",\"name\":\"Kansas Department of Commerce\",\"description\":\"Empowering Prosperity\",\"publisher\":{\"@id\":\"https:\\\/\\\/www.kansascommerce.gov\\\/#organization\"},\"potentialAction\":[{\"@type\":\"SearchAction\",\"target\":{\"@type\":\"EntryPoint\",\"urlTemplate\":\"https:\\\/\\\/www.kansascommerce.gov\\\/?s={search_term_string}\"},\"query-input\":{\"@type\":\"PropertyValueSpecification\",\"valueRequired\":true,\"valueName\":\"search_term_string\"}}],\"inLanguage\":\"es\"},{\"@type\":\"Organization\",\"@id\":\"https:\\\/\\\/www.kansascommerce.gov\\\/#organization\",\"name\":\"Kansas Department of Commerce\",\"url\":\"https:\\\/\\\/www.kansascommerce.gov\\\/\",\"logo\":{\"@type\":\"ImageObject\",\"inLanguage\":\"es\",\"@id\":\"https:\\\/\\\/www.kansascommerce.gov\\\/#\\\/schema\\\/logo\\\/image\\\/\",\"url\":\"https:\\\/\\\/www.kansascommerce.gov\\\/wp-content\\\/uploads\\\/2020\\\/07\\\/kdc_logo.png\",\"contentUrl\":\"https:\\\/\\\/www.kansascommerce.gov\\\/wp-content\\\/uploads\\\/2020\\\/07\\\/kdc_logo.png\",\"width\":600,\"height\":347,\"caption\":\"Kansas Department of Commerce\"},\"image\":{\"@id\":\"https:\\\/\\\/www.kansascommerce.gov\\\/#\\\/schema\\\/logo\\\/image\\\/\"},\"sameAs\":[\"https:\\\/\\\/www.facebook.com\\\/KansasCommerce\\\/\",\"https:\\\/\\\/x.com\\\/KansasCommerce\",\"https:\\\/\\\/www.linkedin.com\\\/company\\\/kansas-department-of-commerce\\\/\"]}]}<\/script>\n<!-- \/ Yoast SEO plugin. -->","yoast_head_json":{"title":"Executive Leadership - Kansas Department of Commerce","description":"Just as we believe it's important for us to know who you are and how you approach your business, we also believe it's important for you to know who we are and how we approach ours. Meet the leadership team at the Kansas Department of Commerce.","robots":{"index":"index","follow":"follow","max-snippet":"max-snippet:-1","max-image-preview":"max-image-preview:large","max-video-preview":"max-video-preview:-1"},"canonical":"https:\/\/www.kansascommerce.gov\/es\/about__trashed\/meet-the-team\/executive-leadership\/","og_locale":"es_ES","og_type":"article","og_title":"Executive Leadership - Kansas Department of Commerce","og_description":"Just as we believe it's important for us to know who you are and how you approach your business, we also believe it's important for you to know who we are and how we approach ours. Meet the leadership team at the Kansas Department of Commerce.","og_url":"https:\/\/www.kansascommerce.gov\/es\/about__trashed\/meet-the-team\/executive-leadership\/","og_site_name":"Kansas Department of Commerce","article_publisher":"https:\/\/www.facebook.com\/KansasCommerce\/","article_modified_time":"2022-09-27T18:11:52+00:00","og_image":[{"width":1200,"height":630,"url":"https:\/\/www.kansascommerce.gov\/wp-content\/uploads\/2020\/09\/KDC_OG-MEta.jpg","type":"image\/jpeg"}],"twitter_card":"summary_large_image","twitter_site":"@KansasCommerce","twitter_misc":{"Tiempo de lectura":"1 minuto"},"schema":{"@context":"https:\/\/schema.org","@graph":[{"@type":"WebPage","@id":"https:\/\/www.kansascommerce.gov\/about__trashed\/meet-the-team\/executive-leadership\/","url":"https:\/\/www.kansascommerce.gov\/about__trashed\/meet-the-team\/executive-leadership\/","name":"Executive Leadership - Kansas Department of Commerce","isPartOf":{"@id":"https:\/\/www.kansascommerce.gov\/#website"},"datePublished":"2022-07-05T14:08:38+00:00","dateModified":"2022-09-27T18:11:52+00:00","description":"Just as we believe it's important for us to know who you are and how you approach your business, we also believe it's important for you to know who we are and how we approach ours. Meet the leadership team at the Kansas Department of Commerce.","breadcrumb":{"@id":"https:\/\/www.kansascommerce.gov\/about__trashed\/meet-the-team\/executive-leadership\/#breadcrumb"},"inLanguage":"es","potentialAction":[{"@type":"ReadAction","target":["https:\/\/www.kansascommerce.gov\/about__trashed\/meet-the-team\/executive-leadership\/"]}]},{"@type":"BreadcrumbList","@id":"https:\/\/www.kansascommerce.gov\/about__trashed\/meet-the-team\/executive-leadership\/#breadcrumb","itemListElement":[{"@type":"ListItem","position":1,"name":"Home","item":"https:\/\/www.kansascommerce.gov\/"},{"@type":"ListItem","position":2,"name":"Meet the Team","item":"https:\/\/www.kansascommerce.gov\/about__trashed\/meet-the-team\/"},{"@type":"ListItem","position":3,"name":"Executive Leadership"}]},{"@type":"WebSite","@id":"https:\/\/www.kansascommerce.gov\/#website","url":"https:\/\/www.kansascommerce.gov\/","name":"Departamento de Comercio de Kansas","description":"Fomentar la prosperidad","publisher":{"@id":"https:\/\/www.kansascommerce.gov\/#organization"},"potentialAction":[{"@type":"SearchAction","target":{"@type":"EntryPoint","urlTemplate":"https:\/\/www.kansascommerce.gov\/?s={search_term_string}"},"query-input":{"@type":"PropertyValueSpecification","valueRequired":true,"valueName":"search_term_string"}}],"inLanguage":"es"},{"@type":"Organization","@id":"https:\/\/www.kansascommerce.gov\/#organization","name":"Departamento de Comercio de Kansas","url":"https:\/\/www.kansascommerce.gov\/","logo":{"@type":"ImageObject","inLanguage":"es","@id":"https:\/\/www.kansascommerce.gov\/#\/schema\/logo\/image\/","url":"https:\/\/www.kansascommerce.gov\/wp-content\/uploads\/2020\/07\/kdc_logo.png","contentUrl":"https:\/\/www.kansascommerce.gov\/wp-content\/uploads\/2020\/07\/kdc_logo.png","width":600,"height":347,"caption":"Kansas Department of Commerce"},"image":{"@id":"https:\/\/www.kansascommerce.gov\/#\/schema\/logo\/image\/"},"sameAs":["https:\/\/www.facebook.com\/KansasCommerce\/","https:\/\/x.com\/KansasCommerce","https:\/\/www.linkedin.com\/company\/kansas-department-of-commerce\/"]}]}},"publishpress_future_action":{"enabled":false,"date":"2026-05-20 17:45:07","action":"change-status","newStatus":"draft","terms":[],"taxonomy":"","extraData":[]},"publishpress_future_workflow_manual_trigger":{"enabledWorkflows":[]},"_links":{"self":[{"href":"https:\/\/www.kansascommerce.gov\/es\/wp-json\/wp\/v2\/pages\/41436","targetHints":{"allow":["GET"]}}],"collection":[{"href":"https:\/\/www.kansascommerce.gov\/es\/wp-json\/wp\/v2\/pages"}],"about":[{"href":"https:\/\/www.kansascommerce.gov\/es\/wp-json\/wp\/v2\/types\/page"}],"author":[{"embeddable":true,"href":"https:\/\/www.kansascommerce.gov\/es\/wp-json\/wp\/v2\/users\/28"}],"replies":[{"embeddable":true,"href":"https:\/\/www.kansascommerce.gov\/es\/wp-json\/wp\/v2\/comments?post=41436"}],"version-history":[{"count":0,"href":"https:\/\/www.kansascommerce.gov\/es\/wp-json\/wp\/v2\/pages\/41436\/revisions"}],"up":[{"embeddable":true,"href":"https:\/\/www.kansascommerce.gov\/es\/wp-json\/wp\/v2\/pages\/78"}],"wp:attachment":[{"href":"https:\/\/www.kansascommerce.gov\/es\/wp-json\/wp\/v2\/media?parent=41436"}],"curies":[{"name":"wp","href":"https:\/\/api.w.org\/{rel}","templated":true}]}}