{"id":42925,"date":"2022-08-14T01:36:49","date_gmt":"2022-08-14T01:36:49","guid":{"rendered":"https:\/\/kdc1000.wpengine.com\/?page_id=42925"},"modified":"2022-08-18T19:41:21","modified_gmt":"2022-08-18T19:41:21","slug":"prosperity","status":"publish","type":"page","link":"https:\/\/www.kansascommerce.gov\/es\/prosperity\/","title":{"rendered":"Prosperidad en las llanuras"},"content":{"rendered":"<div class=\"hero-block hero-block--subpage\" >\n\n        <div class=\"breadcrumb_wrapper\">\n                                                <a href=\"https:\/\/www.kansascommerce.gov\/es\/\">Inicio<\/a> \/\n                                                                <span>Prosperidad en las llanuras<\/span>\n                                    <\/div>\n\n        <div class=\"hero-img\" style=\"                            background-image: url(https:\/\/www.kansascommerce.gov\/wp-content\/uploads\/2022\/08\/prosperity-banner-copy.jpg);                                            \"><\/div>\n        <div class=\"container h-100\">\n            <div class=\"row align-items-center justify-content-center h-100\">\n                <div class=\"col-12 content\">\n                    <div>\n\n<h1 class=\"wp-block-heading\" id=\"h-prosperity-on-the-plains-tour\">Gira Prosperidad en las Llanuras<\/h1>\n\n\n\n<p>La Gobernadora Laura Kelly ha iniciado hoy su gira estatal de desarrollo econ\u00f3mico, llamada \"Prosperidad en las Llanuras\", junto con l\u00edderes empresariales en una peque\u00f1a empresa familiar, Round Table Bookstore, en el NOTO Arts District de Topeka. La gira se centrar\u00e1 en la importancia de apoyar a las empresas de Kansas y el historial positivo de desarrollo econ\u00f3mico de la Administraci\u00f3n Kelly.&nbsp;<\/p>\n\n\n\n<p>\"Durante las pr\u00f3ximas semanas, voy a hacer un esfuerzo concertado -incluso m\u00e1s de lo habitual- para visitar empresas en todos los rincones del Estado para escuchar qu\u00e9 m\u00e1s puede hacer mi Administraci\u00f3n para ayudarles a crecer y expandirse\". <strong>declar\u00f3 la Gobernadora Laura Kelly. <\/strong>\"Quiero aprovechar el impulso creado por nuestros recientes \u00e9xitos econ\u00f3micos para seguir persiguiendo agresivamente la creaci\u00f3n de empleo y la inversi\u00f3n empresarial, para que podamos seguir trayendo prosperidad a Kansas.\"&nbsp;&nbsp;<\/p>\n\n\n\n<p>Este anuncio se produce tras varias victorias econ\u00f3micas recientes:&nbsp;<\/p>\n\n\n\n<ul class=\"wp-block-list\"><li>La semana pasada, el Gobernador Kelly <a href=\"https:\/\/gcc02.safelinks.protection.outlook.com\/?url=https%3A%2F%2Fgovernor.kansas.gov%2Fkansas-lands-4b-4000-job-panasonic-energy-electric-vehicle-battery-plant%2F&amp;data=05%7C01%7Ccassie.nichols%40ks.gov%7Ca60451f6e6e04efd02d308da6b2ec429%7Cdcae8101c92d480cbc43c6761ccccc5a%7C0%7C0%7C637940146031150597%7CUnknown%7CTWFpbGZsb3d8eyJWIjoiMC4wLjAwMDAiLCJQIjoiV2luMzIiLCJBTiI6Ik1haWwiLCJXVCI6Mn0%3D%7C3000%7C%7C%7C&amp;sdata=NajPmRgH8q4%2Ffct1fmW7G%2FSShG%2Bq3afGahma%2Fa%2FphxA%3D&amp;reserved=0\">anunciado<\/a> consigui\u00f3 la mayor inversi\u00f3n del sector privado en la historia del Estado. Panasonic construir\u00e1 una de las mayores instalaciones de bater\u00edas para veh\u00edculos el\u00e9ctricos del pa\u00eds, con una inversi\u00f3n de $4.000 millones y la creaci\u00f3n de 4.000 nuevos puestos de trabajo.&nbsp;<\/li><li>Con este anuncio, su Administraci\u00f3n ha supervisado la creaci\u00f3n de 39.630 nuevos puestos de trabajo y ha atra\u00eddo 1.500 millones de nuevas inversiones privadas, superando la inversi\u00f3n total aportada por las administraciones Brownback y Colyer.&nbsp;<\/li><li>En junio, Kansas <a href=\"https:\/\/gcc02.safelinks.protection.outlook.com\/?url=https%3A%2F%2Fgovernor.kansas.gov%2Fkansas-hits-lowest-unemployment-rate-in-recorded-history%2F&amp;data=05%7C01%7Ccassie.nichols%40ks.gov%7Ca60451f6e6e04efd02d308da6b2ec429%7Cdcae8101c92d480cbc43c6761ccccc5a%7C0%7C0%7C637940146031150597%7CUnknown%7CTWFpbGZsb3d8eyJWIjoiMC4wLjAwMDAiLCJQIjoiV2luMzIiLCJBTiI6Ik1haWwiLCJXVCI6Mn0%3D%7C3000%7C%7C%7C&amp;sdata=eal5N2kHiSzfmwAcFg4cQhv3yZFdHDu5bVFQ7dhhjUs%3D&amp;reserved=0\">hit<\/a> la tasa de desempleo m\u00e1s baja de la historia con un 2,3%, m\u00e1s de un punto porcentual por debajo de la tasa de desempleo nacional.&nbsp;<\/li><li>En junio, Kansas <a href=\"https:\/\/gcc02.safelinks.protection.outlook.com\/?url=https%3A%2F%2Fgovernor.kansas.gov%2Fkansas-wins-prestigious-gold-shovel-award-for-economic-development-excellence-for-second-consecutive-year%2F%23%3A~%3Atext%3DJun%25206%252C%25202022-%2CKansas%2520Wins%2520Prestigious%2520Gold%2520Shovel%2520Award%2520for%2520Economic%2520Development%2520Excellence%2Cfor%2520excellence%2520in%2520economic%2520development.&amp;data=05%7C01%7Ccassie.nichols%40ks.gov%7Ca60451f6e6e04efd02d308da6b2ec429%7Cdcae8101c92d480cbc43c6761ccccc5a%7C0%7C0%7C637940146031150597%7CUnknown%7CTWFpbGZsb3d8eyJWIjoiMC4wLjAwMDAiLCJQIjoiV2luMzIiLCJBTiI6Ik1haWwiLCJXVCI6Mn0%3D%7C3000%7C%7C%7C&amp;sdata=nCwceJDIK3UJh8bv7NJ66G8VRmgITXFgRxZDxJFVRo0%3D&amp;reserved=0\">fue galardonado con<\/a> El prestigioso premio Pala de Oro de la revista Area Development por segundo a\u00f1o consecutivo. Esta victoria consecutiva no tiene precedentes en la historia del Estado.&nbsp;&nbsp;<\/li><li>En marzo, Kansas <a href=\"https:\/\/gcc02.safelinks.protection.outlook.com\/?url=https%3A%2F%2Fgovernor.kansas.gov%2Ficymi-under-governor-laura-kelly-kansas-wins-first-governors-cup%2F&amp;data=05%7C01%7Ccassie.nichols%40ks.gov%7Ca60451f6e6e04efd02d308da6b2ec429%7Cdcae8101c92d480cbc43c6761ccccc5a%7C0%7C0%7C637940146031150597%7CUnknown%7CTWFpbGZsb3d8eyJWIjoiMC4wLjAwMDAiLCJQIjoiV2luMzIiLCJBTiI6Ik1haWwiLCJXVCI6Mn0%3D%7C3000%7C%7C%7C&amp;sdata=wwgs6LntiSQAu%2BwKem5cJSYsrBTSSJwGSxGca1yzMAc%3D&amp;reserved=0\">gan\u00f3<\/a> la Copa del Gobernador de la revista Site Selection por tener la mayor inversi\u00f3n en desarrollo econ\u00f3mico per c\u00e1pita del pa\u00eds.&nbsp;&nbsp;<\/li><\/ul>\n\n\n\n<p>La gira Prosperidad en las Llanuras aprovechar\u00e1 el impulso de este anuncio para ayudar a Kansas a seguir batiendo r\u00e9cords econ\u00f3micos. El gobernador Kelly hablar\u00e1 con los empresarios sobre los desaf\u00edos que pueden estar enfrentando y ver qu\u00e9 m\u00e1s puede hacer la Administraci\u00f3n Kelly para aumentar la competitividad de las empresas grandes y peque\u00f1as de Kansas.&nbsp;&nbsp;<\/p>\n\n\n\n<div class=\"wp-block-buttons is-layout-flex wp-block-buttons-is-layout-flex\">\n<div class=\"wp-block-button\"><a class=\"wp-block-button__link\" href=\"https:\/\/governor.kansas.gov\/governor-laura-kelly-kicks-off-statewide-prosperity-on-the-plains-economy-tour\/\">Leer el comunicado de prensa<\/a><\/div>\n<\/div>\n\n<\/div>\n                <\/div>\n            <\/div>\n        <\/div>\n            <\/div>\n    \n\n    <div class=\"container\">            <div class=\"card-wrapper-block row\">\n                \n                <div class=\"card-block simple col-12 col-md-6 col-lg-4\"><a href=\"https:\/\/governor.kansas.gov\/governor-laura-kelly-continues-prosperity-on-the-plains-tour-with-visit-to-dodge-city-business\/\" class=\"cover_link\" title=\" Nor-Am Cold Storage, Dodge City\"><\/a><div class=\"bg-block\" style=\"background-image: url('https:\/\/www.kansascommerce.gov\/wp-content\/uploads\/2022\/08\/dodge-1024x683.jpg');\"><\/div><h4> Nor-Am Cold Storage, Dodge City<\/h4><div class=\"wp-content\"><\/div><a href=\"https:\/\/governor.kansas.gov\/governor-laura-kelly-continues-prosperity-on-the-plains-tour-with-visit-to-dodge-city-business\/\" class=\"btn plain_btn\">M\u00e1s informaci\u00f3n<\/a><\/div>    \n\n                <div class=\"card-block simple col-12 col-md-6 col-lg-4\"><a href=\"https:\/\/governor.kansas.gov\/governor-laura-kelly-continues-prosperity-on-the-plains-tour-alongside-rep-sharice-davids-at-childrens-mercy-park-in-kansas-city\/\" class=\"cover_link\" title=\"Parque Children&#039;s Mercy en Kansas City\"><\/a><div class=\"bg-block\" style=\"background-image: url('https:\/\/www.kansascommerce.gov\/wp-content\/uploads\/2022\/08\/KC-1-1024x683.jpg');\"><\/div><h4>Parque Children's Mercy en Kansas City<\/h4><div class=\"wp-content\"><\/div><a href=\"https:\/\/governor.kansas.gov\/governor-laura-kelly-continues-prosperity-on-the-plains-tour-alongside-rep-sharice-davids-at-childrens-mercy-park-in-kansas-city\/\" class=\"btn plain_btn\">M\u00e1s informaci\u00f3n<\/a><\/div>    \n\n                <div class=\"card-block simple col-12 col-md-6 col-lg-4\"><a href=\"https:\/\/governor.kansas.gov\/governor-laura-kelly-emphasizes-importance-of-child-care-to-economic-development-success\/\" class=\"cover_link\" title=\"Centro de Desarrollo Infantil de Lindsborg\"><\/a><div class=\"bg-block\" style=\"background-image: url('https:\/\/www.kansascommerce.gov\/wp-content\/uploads\/2022\/08\/lindsborg-1024x683.jpeg');\"><\/div><h4>Centro de Desarrollo Infantil de Lindsborg<\/h4><div class=\"wp-content\"><\/div><a href=\"https:\/\/governor.kansas.gov\/governor-laura-kelly-emphasizes-importance-of-child-care-to-economic-development-success\/\" class=\"btn plain_btn\">M\u00e1s informaci\u00f3n<\/a><\/div>    \n\n                <div class=\"card-block simple col-12 col-md-6 col-lg-4\"><a href=\"https:\/\/governor.kansas.gov\/governor-laura-kelly-celebrates-expansion-of-simmons-pet-food-during-prosperity-on-the-plains-tour\/\" class=\"cover_link\" title=\"Expansi\u00f3n de Simmons Pet Food\"><\/a><div class=\"bg-block\" style=\"background-image: url('https:\/\/www.kansascommerce.gov\/wp-content\/uploads\/2022\/08\/image-20220808-150459-c6178680-1024x768.jpeg');\"><\/div><h4>Expansi\u00f3n de Simmons Pet Food<\/h4><div class=\"wp-content\"><\/div><a href=\"https:\/\/governor.kansas.gov\/governor-laura-kelly-celebrates-expansion-of-simmons-pet-food-during-prosperity-on-the-plains-tour\/\" class=\"btn plain_btn\">M\u00e1s informaci\u00f3n<\/a><\/div>    \n\n                <div class=\"card-block simple col-12 col-md-6 col-lg-4\"><a href=\"https:\/\/governor.kansas.gov\/governor-laura-kelly-continues-prosperity-on-the-plains-tour-with-wichita-business-leader-roundtable\/\" class=\"cover_link\" title=\" Mesa redonda de l\u00edderes empresariales de Wichita \"><\/a><div class=\"bg-block\" style=\"background-image: url('https:\/\/www.kansascommerce.gov\/wp-content\/uploads\/2022\/08\/wichita-1024x683.jpeg');\"><\/div><h4> Mesa redonda de l\u00edderes empresariales de Wichita <\/h4><div class=\"wp-content\"><\/div><a href=\"https:\/\/governor.kansas.gov\/governor-laura-kelly-continues-prosperity-on-the-plains-tour-with-wichita-business-leader-roundtable\/\" class=\"btn plain_btn\">M\u00e1s informaci\u00f3n<\/a><\/div>    \n\n                <div class=\"card-block simple col-12 col-md-6 col-lg-4\"><a href=\"https:\/\/governor.kansas.gov\/governor-laura-kelly-continues-prosperity-on-the-plains-tour-at-holton-small-business\/\" class=\"cover_link\" title=\"La gobernadora Laura Kelly contin\u00faa su gira &quot;Prosperidad en las llanuras&quot; en la peque\u00f1a empresa de Holton\"><\/a><div class=\"bg-block\" style=\"background-image: url('https:\/\/www.kansascommerce.gov\/wp-content\/uploads\/2022\/08\/holton-1024x683.jpg');\"><\/div><h4>La gobernadora Laura Kelly contin\u00faa su gira \"Prosperidad en las llanuras\" en la peque\u00f1a empresa de Holton<\/h4><div class=\"wp-content\"><\/div><a href=\"https:\/\/governor.kansas.gov\/governor-laura-kelly-continues-prosperity-on-the-plains-tour-at-holton-small-business\/\" class=\"btn plain_btn\">M\u00e1s informaci\u00f3n<\/a><\/div>    \n\n                <div class=\"card-block simple col-12 col-md-6 col-lg-4\"><a href=\"https:\/\/governor.kansas.gov\/governor-laura-kelly-kicks-off-statewide-prosperity-on-the-plains-economy-tour\/\" class=\"cover_link\" title=\"La Gobernadora Laura Kelly inicia la gira econ\u00f3mica estatal &quot;Prosperidad en las llanuras\"><\/a><div class=\"bg-block\" style=\"background-image: url('https:\/\/www.kansascommerce.gov\/wp-content\/uploads\/2022\/08\/kick-off-1024x683.jpg');\"><\/div><h4>La Gobernadora Laura Kelly inicia la gira econ\u00f3mica estatal \"Prosperidad en las llanuras<\/h4><div class=\"wp-content\"><\/div><a href=\"https:\/\/governor.kansas.gov\/governor-laura-kelly-kicks-off-statewide-prosperity-on-the-plains-economy-tour\/\" class=\"btn plain_btn\">M\u00e1s informaci\u00f3n<\/a><\/div>    \n\n    <\/div>\n    <\/div>\n\n\n<p><\/p>\n\n\n\n<p id=\"kansasworks\"><\/p>\n\n\n\n<p><\/p>","protected":false},"excerpt":{"rendered":"","protected":false},"author":28,"featured_media":42928,"parent":0,"menu_order":350,"comment_status":"closed","ping_status":"closed","template":"","meta":{"_acf_changed":false,"_eb_attr":"","_monsterinsights_skip_tracking":false,"_monsterinsights_sitenote_active":false,"_monsterinsights_sitenote_note":"","_monsterinsights_sitenote_category":0,"footnotes":""},"class_list":["post-42925","page","type-page","status-publish","has-post-thumbnail","hentry"],"acf":[],"yoast_head":"<!-- This site is optimized with the Yoast SEO Premium plugin v19.5 (Yoast SEO v27.1.1) - https:\/\/yoast.com\/product\/yoast-seo-premium-wordpress\/ -->\n<title>Prosperity on the Plains - Kansas Department of Commerce<\/title>\n<meta name=\"description\" content=\"The Prosperity on the Plains tour will build on the momentum of this announcement to help Kansas continue to break economic records. Governor Kelly will speak with business owners about challenges they may be facing and see what more the Kelly Administration can do to increase the competitiveness of Kansas businesses big and small.\u00a0\u00a0\" \/>\n<meta name=\"robots\" content=\"index, follow, max-snippet:-1, max-image-preview:large, max-video-preview:-1\" \/>\n<link rel=\"canonical\" href=\"https:\/\/www.kansascommerce.gov\/es\/prosperity\/\" \/>\n<meta property=\"og:locale\" content=\"es_ES\" \/>\n<meta property=\"og:type\" content=\"article\" \/>\n<meta property=\"og:title\" content=\"Prosperity on the Plains\" \/>\n<meta property=\"og:description\" content=\"The Prosperity on the Plains tour will build on the momentum of this announcement to help Kansas continue to break economic records. Governor Kelly will speak with business owners about challenges they may be facing and see what more the Kelly Administration can do to increase the competitiveness of Kansas businesses big and small.\u00a0\u00a0\" \/>\n<meta property=\"og:url\" content=\"https:\/\/www.kansascommerce.gov\/es\/prosperity\/\" \/>\n<meta property=\"og:site_name\" content=\"Kansas Department of Commerce\" \/>\n<meta property=\"article:publisher\" content=\"https:\/\/www.facebook.com\/KansasCommerce\/\" \/>\n<meta property=\"article:modified_time\" content=\"2022-08-18T19:41:21+00:00\" \/>\n<meta property=\"og:image\" content=\"https:\/\/www.kansascommerce.gov\/wp-content\/uploads\/2022\/08\/prosperity-banner-copy.jpg\" \/>\n\t<meta property=\"og:image:width\" content=\"1920\" \/>\n\t<meta property=\"og:image:height\" content=\"1080\" \/>\n\t<meta property=\"og:image:type\" content=\"image\/jpeg\" \/>\n<meta name=\"twitter:card\" content=\"summary_large_image\" \/>\n<meta name=\"twitter:site\" content=\"@KansasCommerce\" \/>\n<meta name=\"twitter:label1\" content=\"Tiempo de lectura\" \/>\n\t<meta name=\"twitter:data1\" content=\"2 minutos\" \/>\n<script type=\"application\/ld+json\" class=\"yoast-schema-graph\">{\"@context\":\"https:\/\/schema.org\",\"@graph\":[{\"@type\":\"WebPage\",\"@id\":\"https:\/\/www.kansascommerce.gov\/prosperity\/\",\"url\":\"https:\/\/www.kansascommerce.gov\/prosperity\/\",\"name\":\"Prosperity on the Plains - Kansas Department of Commerce\",\"isPartOf\":{\"@id\":\"https:\/\/www.kansascommerce.gov\/#website\"},\"primaryImageOfPage\":{\"@id\":\"https:\/\/www.kansascommerce.gov\/prosperity\/#primaryimage\"},\"image\":{\"@id\":\"https:\/\/www.kansascommerce.gov\/prosperity\/#primaryimage\"},\"thumbnailUrl\":\"https:\/\/www.kansascommerce.gov\/wp-content\/uploads\/2022\/08\/prosperity-banner-copy.jpg\",\"datePublished\":\"2022-08-14T01:36:49+00:00\",\"dateModified\":\"2022-08-18T19:41:21+00:00\",\"description\":\"The Prosperity on the Plains tour will build on the momentum of this announcement to help Kansas continue to break economic records. Governor Kelly will speak with business owners about challenges they may be facing and see what more the Kelly Administration can do to increase the competitiveness of Kansas businesses big and small.\u00a0\u00a0\",\"breadcrumb\":{\"@id\":\"https:\/\/www.kansascommerce.gov\/prosperity\/#breadcrumb\"},\"inLanguage\":\"es\",\"potentialAction\":[{\"@type\":\"ReadAction\",\"target\":[\"https:\/\/www.kansascommerce.gov\/prosperity\/\"]}]},{\"@type\":\"ImageObject\",\"inLanguage\":\"es\",\"@id\":\"https:\/\/www.kansascommerce.gov\/prosperity\/#primaryimage\",\"url\":\"https:\/\/www.kansascommerce.gov\/wp-content\/uploads\/2022\/08\/prosperity-banner-copy.jpg\",\"contentUrl\":\"https:\/\/www.kansascommerce.gov\/wp-content\/uploads\/2022\/08\/prosperity-banner-copy.jpg\",\"width\":1920,\"height\":1080,\"caption\":\"Prosperity Banner 1\"},{\"@type\":\"BreadcrumbList\",\"@id\":\"https:\/\/www.kansascommerce.gov\/prosperity\/#breadcrumb\",\"itemListElement\":[{\"@type\":\"ListItem\",\"position\":1,\"name\":\"Home\",\"item\":\"https:\/\/www.kansascommerce.gov\/\"},{\"@type\":\"ListItem\",\"position\":2,\"name\":\"Prosperity on the Plains\"}]},{\"@type\":\"WebSite\",\"@id\":\"https:\/\/www.kansascommerce.gov\/#website\",\"url\":\"https:\/\/www.kansascommerce.gov\/\",\"name\":\"Kansas Department of Commerce\",\"description\":\"Empowering Prosperity\",\"publisher\":{\"@id\":\"https:\/\/www.kansascommerce.gov\/#organization\"},\"potentialAction\":[{\"@type\":\"SearchAction\",\"target\":{\"@type\":\"EntryPoint\",\"urlTemplate\":\"https:\/\/www.kansascommerce.gov\/?s={search_term_string}\"},\"query-input\":{\"@type\":\"PropertyValueSpecification\",\"valueRequired\":true,\"valueName\":\"search_term_string\"}}],\"inLanguage\":\"es\"},{\"@type\":\"Organization\",\"@id\":\"https:\/\/www.kansascommerce.gov\/#organization\",\"name\":\"Kansas Department of Commerce\",\"url\":\"https:\/\/www.kansascommerce.gov\/\",\"logo\":{\"@type\":\"ImageObject\",\"inLanguage\":\"es\",\"@id\":\"https:\/\/www.kansascommerce.gov\/#\/schema\/logo\/image\/\",\"url\":\"https:\/\/www.kansascommerce.gov\/wp-content\/uploads\/2020\/07\/kdc_logo.png\",\"contentUrl\":\"https:\/\/www.kansascommerce.gov\/wp-content\/uploads\/2020\/07\/kdc_logo.png\",\"width\":600,\"height\":347,\"caption\":\"Kansas Department of Commerce\"},\"image\":{\"@id\":\"https:\/\/www.kansascommerce.gov\/#\/schema\/logo\/image\/\"},\"sameAs\":[\"https:\/\/www.facebook.com\/KansasCommerce\/\",\"https:\/\/x.com\/KansasCommerce\",\"https:\/\/www.linkedin.com\/company\/kansas-department-of-commerce\/\"]}]}<\/script>\n<!-- \/ Yoast SEO Premium plugin. -->","yoast_head_json":{"title":"Prosperity on the Plains - Kansas Department of Commerce","description":"La gira Prosperidad en las Llanuras aprovechar\u00e1 el impulso de este anuncio para ayudar a Kansas a seguir batiendo r\u00e9cords econ\u00f3micos. El gobernador Kelly hablar\u00e1 con los empresarios sobre los desaf\u00edos que pueden estar enfrentando y ver qu\u00e9 m\u00e1s puede hacer la Administraci\u00f3n Kelly para aumentar la competitividad de las empresas grandes y peque\u00f1as de Kansas.\u00a0\u00a0","robots":{"index":"index","follow":"follow","max-snippet":"max-snippet:-1","max-image-preview":"max-image-preview:large","max-video-preview":"max-video-preview:-1"},"canonical":"https:\/\/www.kansascommerce.gov\/es\/prosperity\/","og_locale":"es_ES","og_type":"article","og_title":"Prosperity on the Plains","og_description":"The Prosperity on the Plains tour will build on the momentum of this announcement to help Kansas continue to break economic records. Governor Kelly will speak with business owners about challenges they may be facing and see what more the Kelly Administration can do to increase the competitiveness of Kansas businesses big and small.\u00a0\u00a0","og_url":"https:\/\/www.kansascommerce.gov\/es\/prosperity\/","og_site_name":"Kansas Department of Commerce","article_publisher":"https:\/\/www.facebook.com\/KansasCommerce\/","article_modified_time":"2022-08-18T19:41:21+00:00","og_image":[{"width":1920,"height":1080,"url":"https:\/\/www.kansascommerce.gov\/wp-content\/uploads\/2022\/08\/prosperity-banner-copy.jpg","type":"image\/jpeg"}],"twitter_card":"summary_large_image","twitter_site":"@KansasCommerce","twitter_misc":{"Tiempo de lectura":"2 minutos"},"schema":{"@context":"https:\/\/schema.org","@graph":[{"@type":"WebPage","@id":"https:\/\/www.kansascommerce.gov\/prosperity\/","url":"https:\/\/www.kansascommerce.gov\/prosperity\/","name":"Prosperity on the Plains - Kansas Department of Commerce","isPartOf":{"@id":"https:\/\/www.kansascommerce.gov\/#website"},"primaryImageOfPage":{"@id":"https:\/\/www.kansascommerce.gov\/prosperity\/#primaryimage"},"image":{"@id":"https:\/\/www.kansascommerce.gov\/prosperity\/#primaryimage"},"thumbnailUrl":"https:\/\/www.kansascommerce.gov\/wp-content\/uploads\/2022\/08\/prosperity-banner-copy.jpg","datePublished":"2022-08-14T01:36:49+00:00","dateModified":"2022-08-18T19:41:21+00:00","description":"La gira Prosperidad en las Llanuras aprovechar\u00e1 el impulso de este anuncio para ayudar a Kansas a seguir batiendo r\u00e9cords econ\u00f3micos. El gobernador Kelly hablar\u00e1 con los empresarios sobre los desaf\u00edos que pueden estar enfrentando y ver qu\u00e9 m\u00e1s puede hacer la Administraci\u00f3n Kelly para aumentar la competitividad de las empresas grandes y peque\u00f1as de Kansas.\u00a0\u00a0","breadcrumb":{"@id":"https:\/\/www.kansascommerce.gov\/prosperity\/#breadcrumb"},"inLanguage":"es","potentialAction":[{"@type":"ReadAction","target":["https:\/\/www.kansascommerce.gov\/prosperity\/"]}]},{"@type":"ImageObject","inLanguage":"es","@id":"https:\/\/www.kansascommerce.gov\/prosperity\/#primaryimage","url":"https:\/\/www.kansascommerce.gov\/wp-content\/uploads\/2022\/08\/prosperity-banner-copy.jpg","contentUrl":"https:\/\/www.kansascommerce.gov\/wp-content\/uploads\/2022\/08\/prosperity-banner-copy.jpg","width":1920,"height":1080,"caption":"Prosperity Banner 1"},{"@type":"BreadcrumbList","@id":"https:\/\/www.kansascommerce.gov\/prosperity\/#breadcrumb","itemListElement":[{"@type":"ListItem","position":1,"name":"Home","item":"https:\/\/www.kansascommerce.gov\/"},{"@type":"ListItem","position":2,"name":"Prosperity on the Plains"}]},{"@type":"WebSite","@id":"https:\/\/www.kansascommerce.gov\/#website","url":"https:\/\/www.kansascommerce.gov\/","name":"Departamento de Comercio de Kansas","description":"Fomentar la prosperidad","publisher":{"@id":"https:\/\/www.kansascommerce.gov\/#organization"},"potentialAction":[{"@type":"SearchAction","target":{"@type":"EntryPoint","urlTemplate":"https:\/\/www.kansascommerce.gov\/?s={search_term_string}"},"query-input":{"@type":"PropertyValueSpecification","valueRequired":true,"valueName":"search_term_string"}}],"inLanguage":"es"},{"@type":"Organization","@id":"https:\/\/www.kansascommerce.gov\/#organization","name":"Departamento de Comercio de Kansas","url":"https:\/\/www.kansascommerce.gov\/","logo":{"@type":"ImageObject","inLanguage":"es","@id":"https:\/\/www.kansascommerce.gov\/#\/schema\/logo\/image\/","url":"https:\/\/www.kansascommerce.gov\/wp-content\/uploads\/2020\/07\/kdc_logo.png","contentUrl":"https:\/\/www.kansascommerce.gov\/wp-content\/uploads\/2020\/07\/kdc_logo.png","width":600,"height":347,"caption":"Kansas Department of Commerce"},"image":{"@id":"https:\/\/www.kansascommerce.gov\/#\/schema\/logo\/image\/"},"sameAs":["https:\/\/www.facebook.com\/KansasCommerce\/","https:\/\/x.com\/KansasCommerce","https:\/\/www.linkedin.com\/company\/kansas-department-of-commerce\/"]}]}},"publishpress_future_action":{"enabled":false,"date":"2026-04-11 18:18:17","action":"change-status","newStatus":"draft","terms":[],"taxonomy":"","extraData":[]},"publishpress_future_workflow_manual_trigger":{"enabledWorkflows":[]},"_links":{"self":[{"href":"https:\/\/www.kansascommerce.gov\/es\/wp-json\/wp\/v2\/pages\/42925","targetHints":{"allow":["GET"]}}],"collection":[{"href":"https:\/\/www.kansascommerce.gov\/es\/wp-json\/wp\/v2\/pages"}],"about":[{"href":"https:\/\/www.kansascommerce.gov\/es\/wp-json\/wp\/v2\/types\/page"}],"author":[{"embeddable":true,"href":"https:\/\/www.kansascommerce.gov\/es\/wp-json\/wp\/v2\/users\/28"}],"replies":[{"embeddable":true,"href":"https:\/\/www.kansascommerce.gov\/es\/wp-json\/wp\/v2\/comments?post=42925"}],"version-history":[{"count":0,"href":"https:\/\/www.kansascommerce.gov\/es\/wp-json\/wp\/v2\/pages\/42925\/revisions"}],"wp:featuredmedia":[{"embeddable":true,"href":"https:\/\/www.kansascommerce.gov\/es\/wp-json\/wp\/v2\/media\/42928"}],"wp:attachment":[{"href":"https:\/\/www.kansascommerce.gov\/es\/wp-json\/wp\/v2\/media?parent=42925"}],"curies":[{"name":"wp","href":"https:\/\/api.w.org\/{rel}","templated":true}]}}