{"id":50189,"date":"2022-10-24T19:53:27","date_gmt":"2022-10-24T19:53:27","guid":{"rendered":"https:\/\/www.kansascommerce.gov\/?page_id=50189"},"modified":"2024-02-15T17:47:14","modified_gmt":"2024-02-15T22:47:14","slug":"2023-exporter-of-the-year","status":"publish","type":"page","link":"https:\/\/www.kansascommerce.gov\/es\/2023-exporter-of-the-year\/","title":{"rendered":"2023 Exportador del a\u00f1o"},"content":{"rendered":"<div class=\"hero-block hero-block--subpage\" >\n\n        <div class=\"breadcrumb_wrapper\">\n                                                <a href=\"https:\/\/www.kansascommerce.gov\/es\/\">Inicio<\/a> \/\n                                                                <span>2023 Exportador del a\u00f1o<\/span>\n                                    <\/div>\n\n        <div class=\"hero-img\" style=\"                            background-image: url(https:\/\/www.kansascommerce.gov\/wp-content\/uploads\/2022\/05\/EOY-Trophy-Web-Banner.jpg);                                            \"><\/div>\n        <div class=\"container h-100\">\n            <div class=\"row align-items-center justify-content-center h-100\">\n                <div class=\"col-12 content\">\n                    <div>\n\n<h1 class=\"wp-block-heading\" id=\"block-1f347d83-97ee-4dd9-9765-06fc085d4111\">Enhorabuena a Tank Connection por el Premio Gobernador al Exportador del A\u00f1o 2023<\/h1>\n\n\n\n<p><\/p>\n\n\n<div class=\"wp-block-image\">\n<figure class=\"aligncenter size-large\"><img fetchpriority=\"high\" decoding=\"async\" width=\"1024\" height=\"178\" src=\"https:\/\/www.kansascommerce.gov\/wp-content\/uploads\/2024\/01\/TCEO-Logo_Horizontal_Blue-1-1024x178.png\" alt=\"\" class=\"wp-image-59216\" srcset=\"https:\/\/www.kansascommerce.gov\/wp-content\/uploads\/2024\/01\/TCEO-Logo_Horizontal_Blue-1-1024x178.png 1024w, https:\/\/www.kansascommerce.gov\/wp-content\/uploads\/2024\/01\/TCEO-Logo_Horizontal_Blue-1-300x52.png 300w, https:\/\/www.kansascommerce.gov\/wp-content\/uploads\/2024\/01\/TCEO-Logo_Horizontal_Blue-1-768x133.png 768w, https:\/\/www.kansascommerce.gov\/wp-content\/uploads\/2024\/01\/TCEO-Logo_Horizontal_Blue-1-1536x266.png 1536w, https:\/\/www.kansascommerce.gov\/wp-content\/uploads\/2024\/01\/TCEO-Logo_Horizontal_Blue-1-2048x355.png 2048w, https:\/\/www.kansascommerce.gov\/wp-content\/uploads\/2024\/01\/TCEO-Logo_Horizontal_Blue-1-18x3.png 18w\" sizes=\"(max-width: 1024px) 100vw, 1024px\" \/><\/figure>\n<\/div>\n\n\n<p><br>Presentado anualmente por el Estado de Kansas, el Premio al Exportador del A\u00f1o del Gobernador es el m\u00e1s alto honor otorgado a los exportadores de Kansas. El premio 2023 se concedi\u00f3 a Tank Connection durante la ceremonia de entrega de premios del Departamento de Comercio de Kansas.\u00a0<em>A las estrellas: Premios Empresariales de Kansas<\/em>\u00a0banquete en octubre.\u00a0<\/p>\n\n\n\n<p>Situada en Parsons, Tank Connection es una empresa propiedad de sus empleados que cuenta con 350 empleados en todo el mundo. Exporta a 64 pa\u00edses extranjeros de seis continentes. Tank Connection es l\u00edder mundial en sistemas de almacenamiento de l\u00edquidos y productos secos a granel, y ofrece un rendimiento completo para diversas industrias. Adem\u00e1s de los silos de almacenamiento de acero atornillados m\u00e1s altos del mundo, situados en Maryland, que contienen az\u00facar, Tank Connection tambi\u00e9n construy\u00f3 el dep\u00f3sito y la c\u00fapula de agua potable atornillados m\u00e1s grandes del mundo en Ciudad de M\u00e9xico, que suministran unos 13 millones de galones de agua potable a m\u00e1s de 7 millones de personas. Tank Connection tambi\u00e9n estuvo presente en una peque\u00f1a comunidad de Sri Lanka para construir su primer tanque de tratamiento de agua.<\/p>\n\n\n\n<p>\"Como Exportador del A\u00f1o, Tank Connection est\u00e1 mostrando al mundo lo que separa a Kansas del resto\".&nbsp;<strong>declar\u00f3 la Gobernadora Laura Kelly.<\/strong>\"Su impresionante alcance global fue un importante contribuyente al r\u00e9cord de nuestro estado en 2023 de $14-m\u00e1s de mil millones en exportaciones. Enhorabuena a Tank Connection por este destacado reconocimiento\".&nbsp;<\/p>\n\n\n\n<p>Para ganar el premio, Tank Connection se someti\u00f3 a un riguroso proceso de selecci\u00f3n de seis meses que inclu\u00eda competir con otras 16 empresas para convertirse en una de las tres finalistas. Como finalista, Tank Connection organiz\u00f3 una visita de dos horas a las instalaciones de los jueces y posteriormente acudi\u00f3 a Topeka para hacer una presentaci\u00f3n ante todo el comit\u00e9 de jueces.<\/p>\n\n\n\n<p>\"Tank Connection se enorgullece de extender el alcance de los productos dise\u00f1ados y fabricados en Kansas por todo el mundo dentro de las industrias de tanques de almacenamiento y cubiertas de aluminio\". <strong>El Director General de Tank Connection, Dennis Banning, ha declarado<\/strong>. \"Ser nombrado Exportador del A\u00f1o del Gobernador 2023 ha sido un gran honor.  Estamos muy contentos de participar en el \u00e9xito continuo de las empresas con sede en Kansas a trav\u00e9s de nuestra participaci\u00f3n con el Departamento de Comercio de Kansas y KITCC.\"<\/p>\n\n\n\n<p><a>Junto con sus principales ofertas de tanques de acero, Tank Connection tambi\u00e9n se ha convertido en el principal proveedor de&nbsp;<\/a><a href=\"http:\/\/www.tankconnection.com\/products\/aluminum-covers\">cubiertas de c\u00fapula de aluminio<\/a>&nbsp;y&nbsp;<a href=\"http:\/\/www.tankconnection.com\/ask-the-expert\/elevated-water-tanks\">dise\u00f1os de almacenamiento de pedestal compuesto.<\/a> Sus expertos dise\u00f1adores industriales y t\u00e9cnicos de taller con d\u00e9cadas de experiencia en la fabricaci\u00f3n de tanques han proporcionado a Tank Connection calificaciones de calidad l\u00edderes en la industria con testimonios de clientes y rese\u00f1as para respaldar cada producto.<\/p>\n\n\n\n<p>\"El \u00e9xito empresarial exportador de Tank Connection sirve como un recordatorio m\u00e1s de que Kansas es el centro de fabricaci\u00f3n avanzada del mundo\".<strong>El Vicegobernador y Secretario de Comercio, David Toland, declar\u00f3<\/strong>. \"Tank Connection merece este prestigioso honor por sus sustanciales contribuciones a la econom\u00eda r\u00e9cord de Kansas - y ejemplifica la s\u00f3lida reputaci\u00f3n de nuestro estado como un lugar donde prospera la innovaci\u00f3n.\"<\/p>\n\n\n\n<p>Norag International, en el condado de Johnson, y Lubrication Engineers, en el condado de Sedgwick, fueron los otros finalistas para el Premio al Exportador del A\u00f1o del Gobernador 2023.<\/p>\n\n<\/div>\n                <\/div>\n            <\/div>\n        <\/div>\n            <\/div>\n    \n\n\n<div class=\"wp-block-columns is-layout-flex wp-container-core-columns-is-layout-9d6595d7 wp-block-columns-is-layout-flex\">\n<div class=\"wp-block-column is-layout-flow wp-block-column-is-layout-flow\" style=\"flex-basis:25%\"><\/div>\n\n\n\n<div class=\"wp-block-column is-layout-flow wp-block-column-is-layout-flow\"><\/div>\n\n\n\n<div class=\"wp-block-column is-layout-flow wp-block-column-is-layout-flow\" style=\"flex-basis:50%\"><div class=\"wp-block-image\">\n<figure class=\"aligncenter size-full\"><img decoding=\"async\" width=\"2560\" height=\"1707\" src=\"https:\/\/www.kansascommerce.gov\/wp-content\/uploads\/2024\/01\/2023-exporter-of-the-year-award-winner-kansas-commerce-1.jpg\" alt=\"\" class=\"wp-image-59163\" srcset=\"https:\/\/www.kansascommerce.gov\/wp-content\/uploads\/2024\/01\/2023-exporter-of-the-year-award-winner-kansas-commerce-1.jpg 2560w, https:\/\/www.kansascommerce.gov\/wp-content\/uploads\/2024\/01\/2023-exporter-of-the-year-award-winner-kansas-commerce-1-300x200.jpg 300w, https:\/\/www.kansascommerce.gov\/wp-content\/uploads\/2024\/01\/2023-exporter-of-the-year-award-winner-kansas-commerce-1-1024x683.jpg 1024w, https:\/\/www.kansascommerce.gov\/wp-content\/uploads\/2024\/01\/2023-exporter-of-the-year-award-winner-kansas-commerce-1-768x512.jpg 768w, https:\/\/www.kansascommerce.gov\/wp-content\/uploads\/2024\/01\/2023-exporter-of-the-year-award-winner-kansas-commerce-1-1536x1024.jpg 1536w, https:\/\/www.kansascommerce.gov\/wp-content\/uploads\/2024\/01\/2023-exporter-of-the-year-award-winner-kansas-commerce-1-2048x1366.jpg 2048w, https:\/\/www.kansascommerce.gov\/wp-content\/uploads\/2024\/01\/2023-exporter-of-the-year-award-winner-kansas-commerce-1-18x12.jpg 18w\" sizes=\"(max-width: 2560px) 100vw, 2560px\" \/><figcaption class=\"wp-element-caption\"><em>Tank Connection fue galardonado con el premio Exportador del A\u00f1o 2023 del Gobernador en los To The Stars: Kansas Business Awards.<\/em><\/figcaption><\/figure>\n<\/div><\/div>\n\n\n\n<div class=\"wp-block-column is-layout-flow wp-block-column-is-layout-flow\"><\/div>\n\n\n\n<div class=\"wp-block-column is-layout-flow wp-block-column-is-layout-flow\" style=\"flex-basis:25%\"><\/div>\n<\/div>\n\n\n    <div class=\"container\">            <div class=\"card-wrapper-block row  small\">\n                \n                    <div class=\"card-block col-12 col-md-6 col-lg-4 overlay\">\n            <a href=\"https:\/\/www.tankconnection.com\/\" class=\"cover_link\" title=\"Sitio web de Tank Connection\"><\/a>\n            <div class=\"bg-block\" style=\"background-image: url('https:\/\/www.kansascommerce.gov\/wp-content\/uploads\/2024\/01\/liquid_2017_3_fire-protection-1024x683.jpg');\">\n                <div class=\"content\">\n                    <div class=\"hidden\"><div class=\"wp-content\"><\/div><\/div>\n                    <a href=\"https:\/\/www.tankconnection.com\/\" class=\"btn plain_btn white_btn\">Sitio web de Tank Connection<\/a>                <\/div>\n            <\/div>\n\n            \n                                            <\/div>\n    \n\n                    <div class=\"card-block col-12 col-md-6 col-lg-4 overlay\">\n            <a href=\"https:\/\/youtu.be\/Z9B44PyTj_M\" class=\"cover_link\" title=\"V\u00eddeo de conexi\u00f3n de dep\u00f3sitos\"><\/a>\n            <div class=\"bg-block\" style=\"background-image: url('https:\/\/www.kansascommerce.gov\/wp-content\/uploads\/2024\/01\/tank-connection-gov-eoy-2023-1024x521.jpg');\">\n                <div class=\"content\">\n                    <div class=\"hidden\"><div class=\"wp-content\"><\/div><\/div>\n                    <a href=\"https:\/\/youtu.be\/Z9B44PyTj_M\" class=\"btn plain_btn white_btn\">V\u00eddeo de conexi\u00f3n de dep\u00f3sitos<\/a>                <\/div>\n            <\/div>\n\n            \n                                            <\/div>\n    \n\n                    <div class=\"card-block col-12 col-md-6 col-lg-4 overlay\">\n            <a href=\"https:\/\/www.tankconnection.com\/media\" class=\"cover_link\" title=\"Medios de comunicaci\u00f3n\"><\/a>\n            <div class=\"bg-block\" style=\"background-image: url('https:\/\/www.kansascommerce.gov\/wp-content\/uploads\/2024\/02\/guam-2-1024x683.jpg');\">\n                <div class=\"content\">\n                    <div class=\"hidden\"><div class=\"wp-content\"><\/div><\/div>\n                    <a href=\"https:\/\/www.tankconnection.com\/media\" class=\"btn plain_btn white_btn\">Medios de comunicaci\u00f3n<\/a>                <\/div>\n            <\/div>\n\n            \n                                            <\/div>\n    \n\n    <\/div>\n    <\/div>\n\n\n<div class=\"wp-block-columns is-layout-flex wp-container-core-columns-is-layout-9d6595d7 wp-block-columns-is-layout-flex\">\n<div class=\"wp-block-column is-layout-flow wp-block-column-is-layout-flow\" style=\"flex-basis:25%\"><\/div>\n\n\n\n<div class=\"wp-block-column is-layout-flow wp-block-column-is-layout-flow\" style=\"flex-basis:25%\"><\/div>\n<\/div>\n\n\n                <div class=\"banner_wrap relative btn_trigger\" style=\"margin: 20px 20px;\">\n        <a href=\"https:\/\/www.kansascommerce.gov\/es\/international\/export\/exporter-of-the-year\/\" class=\"cover_link\" title=\"LEER M\u00c1S\"><\/a>\n        <div class=\"banner-cta-block  d-md-flex justify-content-between align-items-center\" style=\"background: #000d39; color:#ffffff;\">\n            <style>\n                .banner-cta-block a.btn:not(.plain_btn){color:#000d39; background-color: #ffffff;}            <\/style>\n            <div class=\"content\">\n            \n\n<h4 class=\"wp-block-heading\" id=\"h-learn-more-about-the-exporter-of-the-year-award\">M\u00e1s informaci\u00f3n sobre el premio al Exportador del A\u00f1o del Gobernador.<\/h4>\n\n\n\n<p><\/p>\n\n\n            <\/div>\n            <a\n                class=\"btn\"\n                                href=\"https:\/\/www.kansascommerce.gov\/es\/international\/export\/exporter-of-the-year\/\"\n                                title=\"LEER M\u00c1S\"\n            >\n                                LEER M\u00c1S\n\n                                                                            <i class=\"icon-angle_right\"><\/i>\n                                                <\/a>\n        <\/div>\n    <\/div>","protected":false},"excerpt":{"rendered":"","protected":false},"author":28,"featured_media":50187,"parent":0,"menu_order":158,"comment_status":"closed","ping_status":"closed","template":"","meta":{"_acf_changed":false,"_eb_attr":"","_monsterinsights_skip_tracking":false,"_monsterinsights_sitenote_active":false,"_monsterinsights_sitenote_note":"","_monsterinsights_sitenote_category":0,"footnotes":""},"class_list":["post-50189","page","type-page","status-publish","has-post-thumbnail","hentry"],"acf":[],"yoast_head":"<!-- This site is optimized with the Yoast SEO Premium plugin v19.5 (Yoast SEO v27.1.1) - https:\/\/yoast.com\/product\/yoast-seo-premium-wordpress\/ -->\n<title>2023 Exporter of the Year - Kansas Department of Commerce<\/title>\n<meta name=\"description\" content=\"The Kansas Department of Commerce International Division works with both manufacturing and service companies to increase Kansas exports. The International Division also recruits direct investment from international companies to locate and expand businesses in the state.\" \/>\n<meta name=\"robots\" content=\"index, follow, max-snippet:-1, max-image-preview:large, max-video-preview:-1\" \/>\n<link rel=\"canonical\" href=\"https:\/\/www.kansascommerce.gov\/es\/international\/export-2\/exporter-of-the-year\/2022-exporter-of-the-year\/\" \/>\n<meta property=\"og:locale\" content=\"es_ES\" \/>\n<meta property=\"og:type\" content=\"article\" \/>\n<meta property=\"og:title\" content=\"2023 Exporter of the Year\" \/>\n<meta property=\"og:description\" content=\"The Kansas Department of Commerce International Division works with both manufacturing and service companies to increase Kansas exports. The International Division also recruits direct investment from international companies to locate and expand businesses in the state.\" \/>\n<meta property=\"og:url\" content=\"https:\/\/www.kansascommerce.gov\/es\/international\/export-2\/exporter-of-the-year\/2022-exporter-of-the-year\/\" \/>\n<meta property=\"og:site_name\" content=\"Kansas Department of Commerce\" \/>\n<meta property=\"article:publisher\" content=\"https:\/\/www.facebook.com\/KansasCommerce\/\" \/>\n<meta property=\"article:modified_time\" content=\"2024-02-15T22:47:14+00:00\" \/>\n<meta property=\"og:image\" content=\"https:\/\/www.kansascommerce.gov\/wp-content\/uploads\/2022\/10\/Textron-2022-EOY.jpg\" \/>\n\t<meta property=\"og:image:width\" content=\"1024\" \/>\n\t<meta property=\"og:image:height\" content=\"683\" \/>\n\t<meta property=\"og:image:type\" content=\"image\/jpeg\" \/>\n<meta name=\"twitter:card\" content=\"summary_large_image\" \/>\n<meta name=\"twitter:site\" content=\"@KansasCommerce\" \/>\n<meta name=\"twitter:label1\" content=\"Tiempo de lectura\" \/>\n\t<meta name=\"twitter:data1\" content=\"3 minutos\" \/>\n<script type=\"application\/ld+json\" class=\"yoast-schema-graph\">{\"@context\":\"https:\/\/schema.org\",\"@graph\":[{\"@type\":\"WebPage\",\"@id\":\"https:\/\/www.kansascommerce.gov\/international\/export-2\/exporter-of-the-year\/2022-exporter-of-the-year\/\",\"url\":\"https:\/\/www.kansascommerce.gov\/international\/export-2\/exporter-of-the-year\/2022-exporter-of-the-year\/\",\"name\":\"2023 Exporter of the Year - Kansas Department of Commerce\",\"isPartOf\":{\"@id\":\"https:\/\/www.kansascommerce.gov\/#website\"},\"primaryImageOfPage\":{\"@id\":\"https:\/\/www.kansascommerce.gov\/international\/export-2\/exporter-of-the-year\/2022-exporter-of-the-year\/#primaryimage\"},\"image\":{\"@id\":\"https:\/\/www.kansascommerce.gov\/international\/export-2\/exporter-of-the-year\/2022-exporter-of-the-year\/#primaryimage\"},\"thumbnailUrl\":\"https:\/\/www.kansascommerce.gov\/wp-content\/uploads\/2022\/10\/Textron-2022-EOY.jpg\",\"datePublished\":\"2022-10-24T19:53:27+00:00\",\"dateModified\":\"2024-02-15T22:47:14+00:00\",\"description\":\"The Kansas Department of Commerce International Division works with both manufacturing and service companies to increase Kansas exports. The International Division also recruits direct investment from international companies to locate and expand businesses in the state.\",\"breadcrumb\":{\"@id\":\"https:\/\/www.kansascommerce.gov\/international\/export-2\/exporter-of-the-year\/2022-exporter-of-the-year\/#breadcrumb\"},\"inLanguage\":\"es\",\"potentialAction\":[{\"@type\":\"ReadAction\",\"target\":[\"https:\/\/www.kansascommerce.gov\/international\/export-2\/exporter-of-the-year\/2022-exporter-of-the-year\/\"]}]},{\"@type\":\"ImageObject\",\"inLanguage\":\"es\",\"@id\":\"https:\/\/www.kansascommerce.gov\/international\/export-2\/exporter-of-the-year\/2022-exporter-of-the-year\/#primaryimage\",\"url\":\"https:\/\/www.kansascommerce.gov\/wp-content\/uploads\/2022\/10\/Textron-2022-EOY.jpg\",\"contentUrl\":\"https:\/\/www.kansascommerce.gov\/wp-content\/uploads\/2022\/10\/Textron-2022-EOY.jpg\",\"width\":1024,\"height\":683},{\"@type\":\"BreadcrumbList\",\"@id\":\"https:\/\/www.kansascommerce.gov\/international\/export-2\/exporter-of-the-year\/2022-exporter-of-the-year\/#breadcrumb\",\"itemListElement\":[{\"@type\":\"ListItem\",\"position\":1,\"name\":\"Home\",\"item\":\"https:\/\/www.kansascommerce.gov\/\"},{\"@type\":\"ListItem\",\"position\":2,\"name\":\"2022 Exporter of the Year\"}]},{\"@type\":\"WebSite\",\"@id\":\"https:\/\/www.kansascommerce.gov\/#website\",\"url\":\"https:\/\/www.kansascommerce.gov\/\",\"name\":\"Kansas Department of Commerce\",\"description\":\"Empowering Prosperity\",\"publisher\":{\"@id\":\"https:\/\/www.kansascommerce.gov\/#organization\"},\"potentialAction\":[{\"@type\":\"SearchAction\",\"target\":{\"@type\":\"EntryPoint\",\"urlTemplate\":\"https:\/\/www.kansascommerce.gov\/?s={search_term_string}\"},\"query-input\":{\"@type\":\"PropertyValueSpecification\",\"valueRequired\":true,\"valueName\":\"search_term_string\"}}],\"inLanguage\":\"es\"},{\"@type\":\"Organization\",\"@id\":\"https:\/\/www.kansascommerce.gov\/#organization\",\"name\":\"Kansas Department of Commerce\",\"url\":\"https:\/\/www.kansascommerce.gov\/\",\"logo\":{\"@type\":\"ImageObject\",\"inLanguage\":\"es\",\"@id\":\"https:\/\/www.kansascommerce.gov\/#\/schema\/logo\/image\/\",\"url\":\"https:\/\/www.kansascommerce.gov\/wp-content\/uploads\/2020\/07\/kdc_logo.png\",\"contentUrl\":\"https:\/\/www.kansascommerce.gov\/wp-content\/uploads\/2020\/07\/kdc_logo.png\",\"width\":600,\"height\":347,\"caption\":\"Kansas Department of Commerce\"},\"image\":{\"@id\":\"https:\/\/www.kansascommerce.gov\/#\/schema\/logo\/image\/\"},\"sameAs\":[\"https:\/\/www.facebook.com\/KansasCommerce\/\",\"https:\/\/x.com\/KansasCommerce\",\"https:\/\/www.linkedin.com\/company\/kansas-department-of-commerce\/\"]}]}<\/script>\n<!-- \/ Yoast SEO Premium plugin. -->","yoast_head_json":{"title":"2023 Exporter of the Year - Kansas Department of Commerce","description":"The Kansas Department of Commerce International Division works with both manufacturing and service companies to increase Kansas exports. The International Division also recruits direct investment from international companies to locate and expand businesses in the state.","robots":{"index":"index","follow":"follow","max-snippet":"max-snippet:-1","max-image-preview":"max-image-preview:large","max-video-preview":"max-video-preview:-1"},"canonical":"https:\/\/www.kansascommerce.gov\/es\/international\/export-2\/exporter-of-the-year\/2022-exporter-of-the-year\/","og_locale":"es_ES","og_type":"article","og_title":"2023 Exporter of the Year","og_description":"The Kansas Department of Commerce International Division works with both manufacturing and service companies to increase Kansas exports. The International Division also recruits direct investment from international companies to locate and expand businesses in the state.","og_url":"https:\/\/www.kansascommerce.gov\/es\/international\/export-2\/exporter-of-the-year\/2022-exporter-of-the-year\/","og_site_name":"Kansas Department of Commerce","article_publisher":"https:\/\/www.facebook.com\/KansasCommerce\/","article_modified_time":"2024-02-15T22:47:14+00:00","og_image":[{"width":1024,"height":683,"url":"https:\/\/www.kansascommerce.gov\/wp-content\/uploads\/2022\/10\/Textron-2022-EOY.jpg","type":"image\/jpeg"}],"twitter_card":"summary_large_image","twitter_site":"@KansasCommerce","twitter_misc":{"Tiempo de lectura":"3 minutos"},"schema":{"@context":"https:\/\/schema.org","@graph":[{"@type":"WebPage","@id":"https:\/\/www.kansascommerce.gov\/international\/export-2\/exporter-of-the-year\/2022-exporter-of-the-year\/","url":"https:\/\/www.kansascommerce.gov\/international\/export-2\/exporter-of-the-year\/2022-exporter-of-the-year\/","name":"2023 Exporter of the Year - Kansas Department of Commerce","isPartOf":{"@id":"https:\/\/www.kansascommerce.gov\/#website"},"primaryImageOfPage":{"@id":"https:\/\/www.kansascommerce.gov\/international\/export-2\/exporter-of-the-year\/2022-exporter-of-the-year\/#primaryimage"},"image":{"@id":"https:\/\/www.kansascommerce.gov\/international\/export-2\/exporter-of-the-year\/2022-exporter-of-the-year\/#primaryimage"},"thumbnailUrl":"https:\/\/www.kansascommerce.gov\/wp-content\/uploads\/2022\/10\/Textron-2022-EOY.jpg","datePublished":"2022-10-24T19:53:27+00:00","dateModified":"2024-02-15T22:47:14+00:00","description":"The Kansas Department of Commerce International Division works with both manufacturing and service companies to increase Kansas exports. The International Division also recruits direct investment from international companies to locate and expand businesses in the state.","breadcrumb":{"@id":"https:\/\/www.kansascommerce.gov\/international\/export-2\/exporter-of-the-year\/2022-exporter-of-the-year\/#breadcrumb"},"inLanguage":"es","potentialAction":[{"@type":"ReadAction","target":["https:\/\/www.kansascommerce.gov\/international\/export-2\/exporter-of-the-year\/2022-exporter-of-the-year\/"]}]},{"@type":"ImageObject","inLanguage":"es","@id":"https:\/\/www.kansascommerce.gov\/international\/export-2\/exporter-of-the-year\/2022-exporter-of-the-year\/#primaryimage","url":"https:\/\/www.kansascommerce.gov\/wp-content\/uploads\/2022\/10\/Textron-2022-EOY.jpg","contentUrl":"https:\/\/www.kansascommerce.gov\/wp-content\/uploads\/2022\/10\/Textron-2022-EOY.jpg","width":1024,"height":683},{"@type":"BreadcrumbList","@id":"https:\/\/www.kansascommerce.gov\/international\/export-2\/exporter-of-the-year\/2022-exporter-of-the-year\/#breadcrumb","itemListElement":[{"@type":"ListItem","position":1,"name":"Home","item":"https:\/\/www.kansascommerce.gov\/"},{"@type":"ListItem","position":2,"name":"2022 Exporter of the Year"}]},{"@type":"WebSite","@id":"https:\/\/www.kansascommerce.gov\/#website","url":"https:\/\/www.kansascommerce.gov\/","name":"Departamento de Comercio de Kansas","description":"Fomentar la prosperidad","publisher":{"@id":"https:\/\/www.kansascommerce.gov\/#organization"},"potentialAction":[{"@type":"SearchAction","target":{"@type":"EntryPoint","urlTemplate":"https:\/\/www.kansascommerce.gov\/?s={search_term_string}"},"query-input":{"@type":"PropertyValueSpecification","valueRequired":true,"valueName":"search_term_string"}}],"inLanguage":"es"},{"@type":"Organization","@id":"https:\/\/www.kansascommerce.gov\/#organization","name":"Departamento de Comercio de Kansas","url":"https:\/\/www.kansascommerce.gov\/","logo":{"@type":"ImageObject","inLanguage":"es","@id":"https:\/\/www.kansascommerce.gov\/#\/schema\/logo\/image\/","url":"https:\/\/www.kansascommerce.gov\/wp-content\/uploads\/2020\/07\/kdc_logo.png","contentUrl":"https:\/\/www.kansascommerce.gov\/wp-content\/uploads\/2020\/07\/kdc_logo.png","width":600,"height":347,"caption":"Kansas Department of Commerce"},"image":{"@id":"https:\/\/www.kansascommerce.gov\/#\/schema\/logo\/image\/"},"sameAs":["https:\/\/www.facebook.com\/KansasCommerce\/","https:\/\/x.com\/KansasCommerce","https:\/\/www.linkedin.com\/company\/kansas-department-of-commerce\/"]}]}},"publishpress_future_action":{"enabled":false,"date":"2026-04-22 07:44:46","action":"change-status","newStatus":"draft","terms":[],"taxonomy":"","extraData":[]},"publishpress_future_workflow_manual_trigger":{"enabledWorkflows":[]},"_links":{"self":[{"href":"https:\/\/www.kansascommerce.gov\/es\/wp-json\/wp\/v2\/pages\/50189","targetHints":{"allow":["GET"]}}],"collection":[{"href":"https:\/\/www.kansascommerce.gov\/es\/wp-json\/wp\/v2\/pages"}],"about":[{"href":"https:\/\/www.kansascommerce.gov\/es\/wp-json\/wp\/v2\/types\/page"}],"author":[{"embeddable":true,"href":"https:\/\/www.kansascommerce.gov\/es\/wp-json\/wp\/v2\/users\/28"}],"replies":[{"embeddable":true,"href":"https:\/\/www.kansascommerce.gov\/es\/wp-json\/wp\/v2\/comments?post=50189"}],"version-history":[{"count":0,"href":"https:\/\/www.kansascommerce.gov\/es\/wp-json\/wp\/v2\/pages\/50189\/revisions"}],"wp:featuredmedia":[{"embeddable":true,"href":"https:\/\/www.kansascommerce.gov\/es\/wp-json\/wp\/v2\/media\/50187"}],"wp:attachment":[{"href":"https:\/\/www.kansascommerce.gov\/es\/wp-json\/wp\/v2\/media?parent=50189"}],"curies":[{"name":"wp","href":"https:\/\/api.w.org\/{rel}","templated":true}]}}