{"id":51,"date":"2020-07-01T16:59:48","date_gmt":"2020-07-01T16:59:48","guid":{"rendered":"https:\/\/kdc1000.wpengine.com\/?page_id=51"},"modified":"2023-10-12T08:37:07","modified_gmt":"2023-10-12T13:37:07","slug":"infrastructure-assistance","status":"publish","type":"page","link":"https:\/\/www.kansascommerce.gov\/es\/qpd\/infrastructure-assistance\/","title":{"rendered":"Ayuda a las infraestructuras"},"content":{"rendered":"<div class=\"hero-block hero-block--subpage\" >\n\n        <div class=\"breadcrumb_wrapper\">\n                                                <a href=\"https:\/\/www.kansascommerce.gov\/es\/\">Inicio<\/a> \/\n                                                                <a href=\"https:\/\/www.kansascommerce.gov\/es\/qpd\/\">Divisi\u00f3n de Lugares de Calidad<\/a> \/\n                                                                <span>Ayuda a las infraestructuras<\/span>\n                                    <\/div>\n\n        <div class=\"hero-img\" style=\"                            background-image: url(https:\/\/www.kansascommerce.gov\/wp-content\/uploads\/2020\/08\/35-HERO-e1597103084956.jpg);                                            \"><\/div>\n        <div class=\"container h-100\">\n            <div class=\"row align-items-center justify-content-center h-100\">\n                <div class=\"col-12 content\">\n                    <div>\n\n<h1 class=\"wp-block-heading\" id=\"h-infrastructure-assistance\">Ayuda a las infraestructuras<\/h1>\n\n<\/div>\n                <\/div>\n            <\/div>\n        <\/div>\n            <\/div>\n    \n\n    <div class=\"container\">            <div class=\"wrapper-block\" style=\"                                                                                                                                    \">\n        \n\n<h4 class=\"wp-block-heading\" id=\"h-building-a-prosperous-successful-community-starts-with-a-strong-base\">La construcci\u00f3n de una comunidad pr\u00f3spera y de \u00e9xito empieza por una base s\u00f3lida.<\/h4>\n\n\n\n<p>Kansas tiene una infraestructura s\u00f3lida con mucho espacio para que las empresas lo llamen hogar, junto con personas incre\u00edbles para impulsar esas empresas hacia el \u00e9xito. Cuando se trata de ayudar a nuestras comunidades con proyectos de construcci\u00f3n y renovaci\u00f3n de infraestructuras, sabemos que este tipo de inversiones pueden tener un valor incalculable para el crecimiento futuro.&nbsp;<\/p>\n\n\n        <div class=\"clearfix\"><\/div>\n    <\/div>\n    <\/div>\n\n                <div class=\"card-wrapper-block row\">\n                \n                    <div class=\"card-block col-12 col-md-6 col-lg-4 overlay\">\n            <a href=\"https:\/\/www.kansascommerce.gov\/es\/officeofbroadbanddevelopment\/\" class=\"cover_link\" title=\"Acceso de banda ancha\"><\/a>\n            <div class=\"bg-block\" style=\"background-image: url('https:\/\/www.kansascommerce.gov\/wp-content\/uploads\/2020\/08\/35.1a.jpg');\">\n                <div class=\"content\">\n                    <div class=\"hidden\"><div class=\"wp-content\"><p>En nuestro mundo moderno, el acceso a Internet de alta velocidad no es un lujo, sino una necesidad. Proporcionar acceso de banda ancha de alta calidad a comunidades de todo Kansas es una prioridad absoluta. <\/p>\n<\/div><\/div>\n                    <a href=\"https:\/\/www.kansascommerce.gov\/es\/officeofbroadbanddevelopment\/\" class=\"btn plain_btn white_btn\">Acceso de banda ancha<\/a>                <\/div>\n            <\/div>\n\n            \n                                            <\/div>\n    \n\n                    <div class=\"card-block col-12 col-md-6 col-lg-4 overlay\">\n            <a href=\"https:\/\/www.kansascommerce.gov\/es\/cdbg\/\" class=\"cover_link\" title=\"Programa CDBG\"><\/a>\n            <div class=\"bg-block\" style=\"background-image: url('https:\/\/www.kansascommerce.gov\/wp-content\/uploads\/2023\/04\/CDBG-6-1024x804.jpg');\">\n                <div class=\"content\">\n                    <div class=\"hidden\"><div class=\"wp-content\"><p>M\u00e1s informaci\u00f3n sobre el Programa de Subvenciones Globales de Desarrollo Comunitario. <\/p>\n<\/div><\/div>\n                    <a href=\"https:\/\/www.kansascommerce.gov\/es\/cdbg\/\" class=\"btn plain_btn white_btn\">Programa CDBG<\/a>                <\/div>\n            <\/div>\n\n            \n                                            <\/div>\n    \n\n                    <div class=\"card-block col-12 col-md-6 col-lg-4 overlay\">\n            <a href=\"https:\/\/www.kansascommerce.gov\/es\/community-development\/downtown-development\/\" class=\"cover_link\" title=\"Desarrollo del centro de la ciudad\"><\/a>\n            <div class=\"bg-block\" style=\"background-image: url('https:\/\/www.kansascommerce.gov\/wp-content\/uploads\/2020\/08\/31.3c.jpg');\">\n                <div class=\"content\">\n                    <div class=\"hidden\"><div class=\"wp-content\"><p>El Departamento de Comercio colabora con las comunidades para reforzar y mantener la vitalidad de los distritos c\u00e9ntricos. <\/p>\n<\/div><\/div>\n                    <a href=\"https:\/\/www.kansascommerce.gov\/es\/community-development\/downtown-development\/\" class=\"btn plain_btn white_btn\">Desarrollo del centro de la ciudad<\/a>                <\/div>\n            <\/div>\n\n            \n                                            <\/div>\n    \n\n    <\/div>\n    \n\n                <div class=\"banner_wrap relative btn_trigger\" style=\"margin: 20px 20px;\">\n        <a href=\"https:\/\/www.kansascommerce.gov\/es\/staff-directory\/community-development\/\" class=\"cover_link\" title=\"Cont\u00e1ctenos\"><\/a>\n        <div class=\"banner-cta-block  d-md-flex justify-content-between align-items-center\" style=\"background: #f1ad02; \">\n            <style>\n                                .banner-cta-block a.btn.plain_btn{color: !important;}\n                .banner-cta-block a.btn.plain_btn:hover {color: white !important;}\n                            <\/style>\n            <div class=\"content\">\n            \n\n<h4 class=\"wp-block-heading\" id=\"h-take-action\">\u00a1ACT\u00daA!<\/h4>\n\n\n\n<p>\u00bfQuiere saber m\u00e1s sobre c\u00f3mo el Departamento de Comercio puede ayudar a reforzar las infraestructuras de su comunidad?<\/p>\n\n\n\n<p><\/p>\n\n\n            <\/div>\n            <a\n                class=\"btn                                 plain_btn                                                 white_btn\"\n                                href=\"https:\/\/www.kansascommerce.gov\/es\/staff-directory\/community-development\/\"\n                                title=\"Cont\u00e1ctenos\"\n            >\n                                Cont\u00e1ctenos\n\n                                            <\/a>\n        <\/div>\n    <\/div>","protected":false},"excerpt":{"rendered":"","protected":false},"author":20,"featured_media":0,"parent":13,"menu_order":333,"comment_status":"closed","ping_status":"closed","template":"","meta":{"_acf_changed":false,"_eb_attr":"","_monsterinsights_skip_tracking":false,"_monsterinsights_sitenote_active":false,"_monsterinsights_sitenote_note":"","_monsterinsights_sitenote_category":0,"footnotes":""},"class_list":["post-51","page","type-page","status-publish","hentry"],"acf":[],"yoast_head":"<!-- This site is optimized with the Yoast SEO Premium plugin v19.5 (Yoast SEO v27.1.1) - https:\/\/yoast.com\/product\/yoast-seo-premium-wordpress\/ -->\n<title>Infrastructure Assistance \u2013 A Solid Foundation<\/title>\n<meta name=\"description\" content=\"A community is only as strong as the infrastructure that supports it. At the Department of Commerce, we partner with communities to build and maintain strong infrastructure across Kansas.\" \/>\n<meta name=\"robots\" content=\"index, follow, max-snippet:-1, max-image-preview:large, max-video-preview:-1\" \/>\n<link rel=\"canonical\" href=\"https:\/\/www.kansascommerce.gov\/es\/qpd\/infrastructure-assistance\/\" \/>\n<meta property=\"og:locale\" content=\"es_ES\" \/>\n<meta property=\"og:type\" content=\"article\" \/>\n<meta property=\"og:title\" content=\"Infrastructure Assistance\" \/>\n<meta property=\"og:description\" content=\"A community is only as strong as the infrastructure that supports it. At the Department of Commerce, we partner with communities to build and maintain strong infrastructure across Kansas.\" \/>\n<meta property=\"og:url\" content=\"https:\/\/www.kansascommerce.gov\/es\/qpd\/infrastructure-assistance\/\" \/>\n<meta property=\"og:site_name\" content=\"Kansas Department of Commerce\" \/>\n<meta property=\"article:publisher\" content=\"https:\/\/www.facebook.com\/KansasCommerce\/\" \/>\n<meta property=\"article:modified_time\" content=\"2023-10-12T13:37:07+00:00\" \/>\n<meta property=\"og:image\" content=\"https:\/\/www.kansascommerce.gov\/wp-content\/uploads\/2020\/11\/KSRuralProsperityLogo_Blue_PMS.jpg\" \/>\n<meta name=\"twitter:card\" content=\"summary_large_image\" \/>\n<meta name=\"twitter:site\" content=\"@KansasCommerce\" \/>\n<script type=\"application\/ld+json\" class=\"yoast-schema-graph\">{\"@context\":\"https:\/\/schema.org\",\"@graph\":[{\"@type\":\"WebPage\",\"@id\":\"https:\/\/www.kansascommerce.gov\/qpd\/infrastructure-assistance\/\",\"url\":\"https:\/\/www.kansascommerce.gov\/qpd\/infrastructure-assistance\/\",\"name\":\"Infrastructure Assistance \u2013 A Solid Foundation\",\"isPartOf\":{\"@id\":\"https:\/\/www.kansascommerce.gov\/#website\"},\"datePublished\":\"2020-07-01T16:59:48+00:00\",\"dateModified\":\"2023-10-12T13:37:07+00:00\",\"description\":\"A community is only as strong as the infrastructure that supports it. At the Department of Commerce, we partner with communities to build and maintain strong infrastructure across Kansas.\",\"breadcrumb\":{\"@id\":\"https:\/\/www.kansascommerce.gov\/qpd\/infrastructure-assistance\/#breadcrumb\"},\"inLanguage\":\"es\",\"potentialAction\":[{\"@type\":\"ReadAction\",\"target\":[\"https:\/\/www.kansascommerce.gov\/qpd\/infrastructure-assistance\/\"]}]},{\"@type\":\"BreadcrumbList\",\"@id\":\"https:\/\/www.kansascommerce.gov\/qpd\/infrastructure-assistance\/#breadcrumb\",\"itemListElement\":[{\"@type\":\"ListItem\",\"position\":1,\"name\":\"Home\",\"item\":\"https:\/\/www.kansascommerce.gov\/\"},{\"@type\":\"ListItem\",\"position\":2,\"name\":\"Quality Places Division\",\"item\":\"https:\/\/www.kansascommerce.gov\/qpd\/\"},{\"@type\":\"ListItem\",\"position\":3,\"name\":\"Infrastructure Assistance\"}]},{\"@type\":\"WebSite\",\"@id\":\"https:\/\/www.kansascommerce.gov\/#website\",\"url\":\"https:\/\/www.kansascommerce.gov\/\",\"name\":\"Kansas Department of Commerce\",\"description\":\"Empowering Prosperity\",\"publisher\":{\"@id\":\"https:\/\/www.kansascommerce.gov\/#organization\"},\"potentialAction\":[{\"@type\":\"SearchAction\",\"target\":{\"@type\":\"EntryPoint\",\"urlTemplate\":\"https:\/\/www.kansascommerce.gov\/?s={search_term_string}\"},\"query-input\":{\"@type\":\"PropertyValueSpecification\",\"valueRequired\":true,\"valueName\":\"search_term_string\"}}],\"inLanguage\":\"es\"},{\"@type\":\"Organization\",\"@id\":\"https:\/\/www.kansascommerce.gov\/#organization\",\"name\":\"Kansas Department of Commerce\",\"url\":\"https:\/\/www.kansascommerce.gov\/\",\"logo\":{\"@type\":\"ImageObject\",\"inLanguage\":\"es\",\"@id\":\"https:\/\/www.kansascommerce.gov\/#\/schema\/logo\/image\/\",\"url\":\"https:\/\/www.kansascommerce.gov\/wp-content\/uploads\/2020\/07\/kdc_logo.png\",\"contentUrl\":\"https:\/\/www.kansascommerce.gov\/wp-content\/uploads\/2020\/07\/kdc_logo.png\",\"width\":600,\"height\":347,\"caption\":\"Kansas Department of Commerce\"},\"image\":{\"@id\":\"https:\/\/www.kansascommerce.gov\/#\/schema\/logo\/image\/\"},\"sameAs\":[\"https:\/\/www.facebook.com\/KansasCommerce\/\",\"https:\/\/x.com\/KansasCommerce\",\"https:\/\/www.linkedin.com\/company\/kansas-department-of-commerce\/\"]}]}<\/script>\n<!-- \/ Yoast SEO Premium plugin. -->","yoast_head_json":{"title":"Infrastructure Assistance \u2013 A Solid Foundation","description":"A community is only as strong as the infrastructure that supports it. At the Department of Commerce, we partner with communities to build and maintain strong infrastructure across Kansas.","robots":{"index":"index","follow":"follow","max-snippet":"max-snippet:-1","max-image-preview":"max-image-preview:large","max-video-preview":"max-video-preview:-1"},"canonical":"https:\/\/www.kansascommerce.gov\/es\/qpd\/infrastructure-assistance\/","og_locale":"es_ES","og_type":"article","og_title":"Infrastructure Assistance","og_description":"A community is only as strong as the infrastructure that supports it. At the Department of Commerce, we partner with communities to build and maintain strong infrastructure across Kansas.","og_url":"https:\/\/www.kansascommerce.gov\/es\/qpd\/infrastructure-assistance\/","og_site_name":"Kansas Department of Commerce","article_publisher":"https:\/\/www.facebook.com\/KansasCommerce\/","article_modified_time":"2023-10-12T13:37:07+00:00","og_image":[{"url":"https:\/\/www.kansascommerce.gov\/wp-content\/uploads\/2020\/11\/KSRuralProsperityLogo_Blue_PMS.jpg","type":"","width":"","height":""}],"twitter_card":"summary_large_image","twitter_site":"@KansasCommerce","schema":{"@context":"https:\/\/schema.org","@graph":[{"@type":"WebPage","@id":"https:\/\/www.kansascommerce.gov\/qpd\/infrastructure-assistance\/","url":"https:\/\/www.kansascommerce.gov\/qpd\/infrastructure-assistance\/","name":"Infrastructure Assistance \u2013 A Solid Foundation","isPartOf":{"@id":"https:\/\/www.kansascommerce.gov\/#website"},"datePublished":"2020-07-01T16:59:48+00:00","dateModified":"2023-10-12T13:37:07+00:00","description":"A community is only as strong as the infrastructure that supports it. At the Department of Commerce, we partner with communities to build and maintain strong infrastructure across Kansas.","breadcrumb":{"@id":"https:\/\/www.kansascommerce.gov\/qpd\/infrastructure-assistance\/#breadcrumb"},"inLanguage":"es","potentialAction":[{"@type":"ReadAction","target":["https:\/\/www.kansascommerce.gov\/qpd\/infrastructure-assistance\/"]}]},{"@type":"BreadcrumbList","@id":"https:\/\/www.kansascommerce.gov\/qpd\/infrastructure-assistance\/#breadcrumb","itemListElement":[{"@type":"ListItem","position":1,"name":"Home","item":"https:\/\/www.kansascommerce.gov\/"},{"@type":"ListItem","position":2,"name":"Quality Places Division","item":"https:\/\/www.kansascommerce.gov\/qpd\/"},{"@type":"ListItem","position":3,"name":"Infrastructure Assistance"}]},{"@type":"WebSite","@id":"https:\/\/www.kansascommerce.gov\/#website","url":"https:\/\/www.kansascommerce.gov\/","name":"Departamento de Comercio de Kansas","description":"Fomentar la prosperidad","publisher":{"@id":"https:\/\/www.kansascommerce.gov\/#organization"},"potentialAction":[{"@type":"SearchAction","target":{"@type":"EntryPoint","urlTemplate":"https:\/\/www.kansascommerce.gov\/?s={search_term_string}"},"query-input":{"@type":"PropertyValueSpecification","valueRequired":true,"valueName":"search_term_string"}}],"inLanguage":"es"},{"@type":"Organization","@id":"https:\/\/www.kansascommerce.gov\/#organization","name":"Departamento de Comercio de Kansas","url":"https:\/\/www.kansascommerce.gov\/","logo":{"@type":"ImageObject","inLanguage":"es","@id":"https:\/\/www.kansascommerce.gov\/#\/schema\/logo\/image\/","url":"https:\/\/www.kansascommerce.gov\/wp-content\/uploads\/2020\/07\/kdc_logo.png","contentUrl":"https:\/\/www.kansascommerce.gov\/wp-content\/uploads\/2020\/07\/kdc_logo.png","width":600,"height":347,"caption":"Kansas Department of Commerce"},"image":{"@id":"https:\/\/www.kansascommerce.gov\/#\/schema\/logo\/image\/"},"sameAs":["https:\/\/www.facebook.com\/KansasCommerce\/","https:\/\/x.com\/KansasCommerce","https:\/\/www.linkedin.com\/company\/kansas-department-of-commerce\/"]}]}},"publishpress_future_action":{"enabled":false,"date":"2026-05-02 14:54:08","action":"change-status","newStatus":"draft","terms":[],"taxonomy":"","extraData":[]},"publishpress_future_workflow_manual_trigger":{"enabledWorkflows":[]},"_links":{"self":[{"href":"https:\/\/www.kansascommerce.gov\/es\/wp-json\/wp\/v2\/pages\/51","targetHints":{"allow":["GET"]}}],"collection":[{"href":"https:\/\/www.kansascommerce.gov\/es\/wp-json\/wp\/v2\/pages"}],"about":[{"href":"https:\/\/www.kansascommerce.gov\/es\/wp-json\/wp\/v2\/types\/page"}],"author":[{"embeddable":true,"href":"https:\/\/www.kansascommerce.gov\/es\/wp-json\/wp\/v2\/users\/20"}],"replies":[{"embeddable":true,"href":"https:\/\/www.kansascommerce.gov\/es\/wp-json\/wp\/v2\/comments?post=51"}],"version-history":[{"count":0,"href":"https:\/\/www.kansascommerce.gov\/es\/wp-json\/wp\/v2\/pages\/51\/revisions"}],"up":[{"embeddable":true,"href":"https:\/\/www.kansascommerce.gov\/es\/wp-json\/wp\/v2\/pages\/13"}],"wp:attachment":[{"href":"https:\/\/www.kansascommerce.gov\/es\/wp-json\/wp\/v2\/media?parent=51"}],"curies":[{"name":"wp","href":"https:\/\/api.w.org\/{rel}","templated":true}]}}