{"id":54428,"date":"2023-07-25T16:26:03","date_gmt":"2023-07-25T21:26:03","guid":{"rendered":"https:\/\/www.kansascommerce.gov\/?page_id=54428"},"modified":"2023-07-31T08:33:25","modified_gmt":"2023-07-31T13:33:25","slug":"kaitc-kansas-commerce-transparency-database","status":"publish","type":"page","link":"https:\/\/www.kansascommerce.gov\/es\/programs-services\/transparency-database-old\/kaitc-kansas-commerce-transparency-database\/","title":{"rendered":"KAITC | Base de datos de transparencia comercial de Kansas"},"content":{"rendered":"<div class=\"hero-block hero-block--subpage\" >\n\n        <div class=\"breadcrumb_wrapper\">\n                                                <a href=\"https:\/\/www.kansascommerce.gov\/es\/\">Inicio<\/a> \/\n                                                                <a href=\"https:\/\/www.kansascommerce.gov\/es\/programs-services\/transparency-database-old\/\">Base de datos sobre transparencia<\/a> \/\n                                                                <span>KAITC | Base de datos de transparencia comercial de Kansas<\/span>\n                                    <\/div>\n\n        <div class=\"hero-img\" style=\"                            background-image: url(https:\/\/www.kansascommerce.gov\/wp-content\/uploads\/2023\/07\/Kansas-dept-of-commerce-transparency-database-banner-copy.jpg);                                            \"><\/div>\n        <div class=\"container h-100\">\n            <div class=\"row align-items-center justify-content-center h-100\">\n                <div class=\"col-12 content\">\n                    <div>\n\n<p><\/p>\n\n<\/div>\n                <\/div>\n            <\/div>\n        <\/div>\n            <\/div>\n    \n\n                <div class=\"split-block split-transparent dark\">\n        <div class=\"row flex-row-reverse\">\n\n            <div class=\"col-12 col-md-7 col-xl-5 text-box\">\n                <div class=\"h-100 d-flex align-items-center\">\n                    <div class=\"content\">\n                        <div class=\"divider\" style=\"background: #f1ad02;\"><\/div>\n                        \n\n<h2 class=\"wp-block-heading\">Programa de cr\u00e9dito fiscal para inversores \u00e1ngeles de Kansas<\/h2>\n\n\n\n<p>El Programa KAITC est\u00e1 administrado por el Departamento de Comercio de Kansas (KDC) y dise\u00f1ado para poner en contacto a inversores \u00e1ngeles acreditados con empresas cualificadas de Kansas que buscan inversi\u00f3n en sus primeras etapas. El programa \"Kansas Angels\" ayuda a facilitar el acceso al capital a las nuevas empresas de Kansas.\"<\/p>\n\n\n\n<div class=\"wp-block-buttons is-layout-flex wp-block-buttons-is-layout-flex\">\n<div class=\"wp-block-button\"><a class=\"wp-block-button__link wp-element-button\" href=\"\/es\/angels\/\">P\u00e1gina del programa KAITC<\/a><\/div>\n\n\n\n<div class=\"wp-block-button\"><a class=\"wp-block-button__link wp-element-button\" href=\"https:\/\/www.kansascommerce.gov\/es\/kansas-commerce-transparency-database\/\">Base de datos de transparencia Inicio<\/a><\/div>\n<\/div>\n\n\n\n<p><\/p>\n\n\n                    <\/div>\n                <\/div>\n            <\/div>\n                                                                    <div class=\"col-12 col-md-5 col-xl-7 img-box\"\n                 style=\"background-image: url('https:\/\/www.kansascommerce.gov\/wp-content\/uploads\/2023\/07\/portrait-of-young-business-woman-in-red-shirt-at-m-2022-01-18-23-51-54-utc1-1024x683.jpg'); background-position: center center;\"><\/div>\n\n        <\/div>\n    <\/div>\n    \n\n    <div class=\"container\">            <div class=\"wrapper-block\" style=\"                                                                                                                                    \">\n        \n                <div class=\"accordion-block\">\n        <h3>Datos e informaci\u00f3n adicionales<\/h3>\n        <div class=\"accordion\" id=\"accordionExample\">\n        \n<div class=\"card simple\" >\n    <div class=\"card-header relative\" id=\"heading-1534783171\">\n        <div class=\"d-flex justify-content-between\">\n            <h5 class=\"mb-0\">Informaci\u00f3n general<\/h5><button class=\"btn-link\" type=\"button\" data-toggle=\"collapse\" data-target=\"#collapse-1534783171\" aria-expanded=\"false\" aria-controls=\"collapse-1534783171\"><\/button>\n        <\/div>\n\n        <a href=\"javascript:;\" class=\"cover_link\" data-toggle=\"collapse\" data-target=\"#collapse-1534783171\" aria-expanded=\"false\" aria-controls=\"collapse-1534783171\" aria-label=\"Toggle\"><\/a>\n    <\/div>\n\n    <div id=\"collapse-1534783171\" class=\"collapse\" aria-labelledby=\"heading-1534783171\" data-parent=\"#accordionExample\">\n        <div class=\"card-body\">\n            \n\n<p>Las inversiones realizadas en una empresa cualificada de Kansas antes de la aprobaci\u00f3n por escrito de la concesi\u00f3n de cr\u00e9ditos fiscales por parte de KDC no podr\u00e1n optar a cr\u00e9ditos fiscales.<\/p>\n\n\n\n<p>Una sociedad de responsabilidad limitada o cualquier otra entidad inversora autorizada debe presentar documentaci\u00f3n que demuestre que se ha constituido y funciona con el fin de <strong><u>\u00fanico prop\u00f3sito<\/u><\/strong> de realizar inversiones en otras entidades seg\u00fan K.S.A. 74-8132(g)&nbsp;<\/p>\n\n\n\n<p>No se permitir\u00e1 la inversi\u00f3n a trav\u00e9s de m\u00faltiples entidades permitidas (por ejemplo, LLC-1 a LLC-2 a negocio cualificado de Kansas o fideicomiso a LLC a negocio cualificado de Kansas).&nbsp;<\/p>\n\n\n\n<p>Todos los propietarios del capital o Benefactores de la entidad inversora autorizada deben ser inversores individuales acreditados.&nbsp;<\/p>\n\n\n\n<p>La empresa cualificada de Kansas debe mantener su sede y operaciones cualificadas en Kansas durante un periodo m\u00ednimo de cinco (5) a\u00f1os, a menos que se trate de una empresa de biociencia, en cuyo caso, diez (10) a\u00f1os, tal y como exige KSA 74-8136(g), y debe firmarse un acuerdo entre la empresa cualificada de Kansas y KDC antes de la emisi\u00f3n de los cr\u00e9ditos fiscales.&nbsp;<\/p>\n\n\n\n<p>Solicitud y registro Tasas autorizadas por K.S.A 74-8133(f) y no reembolsables<\/p>\n\n\n\n<p>Las solicitudes de revisi\u00f3n y de expedici\u00f3n de certificados de cr\u00e9dito fiscal no se tramitar\u00e1n hasta que KDC reciba las tasas correspondientes.&nbsp;<\/p>\n\n\n        <\/div>\n    <\/div>\n<\/div>\n\n<div class=\"card simple\" >\n    <div class=\"card-header relative\" id=\"heading-77308953\">\n        <div class=\"d-flex justify-content-between\">\n            <h5 class=\"mb-0\">Objetivo I<\/h5><button class=\"btn-link\" type=\"button\" data-toggle=\"collapse\" data-target=\"#collapse-77308953\" aria-expanded=\"false\" aria-controls=\"collapse-77308953\"><\/button>\n        <\/div>\n\n        <a href=\"javascript:;\" class=\"cover_link\" data-toggle=\"collapse\" data-target=\"#collapse-77308953\" aria-expanded=\"false\" aria-controls=\"collapse-77308953\" aria-label=\"Toggle\"><\/a>\n    <\/div>\n\n    <div id=\"collapse-77308953\" class=\"collapse\" aria-labelledby=\"heading-77308953\" data-parent=\"#accordionExample\">\n        <div class=\"card-body\">\n            \n\n<p>#<\/p>\n\n\n        <\/div>\n    <\/div>\n<\/div>\n\n        <\/div>\n    <\/div>\n    <script>\n        jQuery(function($){\n            if ( window.location.hash ) {\n                 var hash = window.location.hash,\n                     $hash = $('.accordion-block .card'+hash);\n                $('.card-header button', $hash).click();\n                setTimeout(function() {\n                    $('html, body').animate({\n                        scrollTop: $hash.offset().top - 160\n                    }, 100);\n                }, 500);\n             }\n        })\n    <\/script>\n    \n\n        <div class=\"clearfix\"><\/div>\n    <\/div>\n    <\/div>\n\n\n<div class=\"wp-block-columns has-background is-layout-flex wp-container-core-columns-is-layout-9d6595d7 wp-block-columns-is-layout-flex\" style=\"background-color:#f4f4f4\">\n<div class=\"wp-block-column is-layout-flow wp-block-column-is-layout-flow\" style=\"flex-basis:5%\"><\/div>\n\n\n\n<div class=\"wp-block-column is-layout-flow wp-block-column-is-layout-flow\" style=\"flex-basis:90%\">\n<table id=\"tablepress-34\" class=\"tablepress tablepress-id-34\">\n<thead>\n<tr class=\"row-1\">\n\t<th class=\"column-1\">Programa<\/th><th class=\"column-2\">Destinatario<\/th><th class=\"column-3\">A\u00f1o fiscal<\/th><th class=\"column-4\">Direcci\u00f3n<\/th><th class=\"column-5\">Ciudad<\/th><th class=\"column-6\">C\u00f3digo postal<\/th><th class=\"column-7\">Condado<\/th><th class=\"column-8\">Importe total ofrecido<\/th><th class=\"column-9\">Importe total reclamado hasta la fecha<\/th><th class=\"column-10\">Importe restante<\/th><th class=\"column-11\">Inversi\u00f3n total de capital<\/th><th class=\"column-12\">Nuevos empleos netos<\/th><th class=\"column-13\">Cualificaci\u00f3n - Empleos fijos<\/th><th class=\"column-14\">Empleos hasta la fecha<\/th><th class=\"column-15\">Criterio 1<\/th><th class=\"column-16\">Situaci\u00f3n: Abierto\/Cerrado<\/th><th class=\"column-17\">A\u00f1os que el beneficiario ha recibido prestaciones del programa<\/th>\n<\/tr>\n<\/thead>\n<tbody class=\"row-striping row-hover\">\n<tr class=\"row-2\">\n\t<td class=\"column-1\">KAITC<\/td><td class=\"column-2\">Muestra<\/td><td class=\"column-3\">2022<\/td><td class=\"column-4\">#<\/td><td class=\"column-5\">#<\/td><td class=\"column-6\">#<\/td><td class=\"column-7\">#<\/td><td class=\"column-8\">$15,950.00 <\/td><td class=\"column-9\">$15,950.00 <\/td><td class=\"column-10\">$11,550.00 <\/td><td class=\"column-11\">n\/a<\/td><td class=\"column-12\">50<\/td><td class=\"column-13\">n\/a<\/td><td class=\"column-14\">29<\/td><td class=\"column-15\">Conseguido<\/td><td class=\"column-16\">Cerrado<\/td><td class=\"column-17\">1 a\u00f1o<\/td>\n<\/tr>\n<tr class=\"row-3\">\n\t<td class=\"column-1\">KAITC<\/td><td class=\"column-2\">Muestra<\/td><td class=\"column-3\">2022<\/td><td class=\"column-4\">#<\/td><td class=\"column-5\">#<\/td><td class=\"column-6\">#<\/td><td class=\"column-7\">#<\/td><td class=\"column-8\">$15,950.00 <\/td><td class=\"column-9\">$15,950.00 <\/td><td class=\"column-10\">$11,550.00 <\/td><td class=\"column-11\">n\/a<\/td><td class=\"column-12\">50<\/td><td class=\"column-13\">n\/a<\/td><td class=\"column-14\">29<\/td><td class=\"column-15\">Conseguido<\/td><td class=\"column-16\">Cerrado<\/td><td class=\"column-17\">1 a\u00f1o<\/td>\n<\/tr>\n<tr class=\"row-4\">\n\t<td class=\"column-1\">KAITC<\/td><td class=\"column-2\">Muestra<\/td><td class=\"column-3\">2022<\/td><td class=\"column-4\">#<\/td><td class=\"column-5\">#<\/td><td class=\"column-6\">#<\/td><td class=\"column-7\">#<\/td><td class=\"column-8\">$15,950.00 <\/td><td class=\"column-9\">$15,950.00 <\/td><td class=\"column-10\">$11,550.00 <\/td><td class=\"column-11\">n\/a<\/td><td class=\"column-12\">50<\/td><td class=\"column-13\">n\/a<\/td><td class=\"column-14\">29<\/td><td class=\"column-15\">Conseguido<\/td><td class=\"column-16\">Cerrado<\/td><td class=\"column-17\">1 a\u00f1o<\/td>\n<\/tr>\n<\/tbody>\n<\/table>\n<\/div>\n\n\n\n<div class=\"wp-block-column is-layout-flow wp-block-column-is-layout-flow\" style=\"flex-basis:5%\"><\/div>\n<\/div>\n\n\n                <div class=\"card-wrapper-block row\">\n                \n                <div class=\"card-block simple col-12 col-md-6 col-lg-4\"><a href=\"https:\/\/www.kansascommerce.gov\/es\/kansas-commerce-transparency-database\/\" class=\"cover_link\" title=\"Base de datos de transparencia comercial de Kansas\"><\/a><div class=\"bg-block\" style=\"background-image: url('https:\/\/www.kansascommerce.gov\/wp-content\/uploads\/2023\/07\/Transparency-Database-Preview-Image_1-copy-1024x512.jpg');\"><\/div><h4>Base de datos de transparencia comercial de Kansas<\/h4><div class=\"wp-content\"><\/div><a href=\"https:\/\/www.kansascommerce.gov\/es\/kansas-commerce-transparency-database\/\" class=\"btn plain_btn\">Inicio<\/a><\/div>    \n\n                <div class=\"card-block simple col-12 col-md-6 col-lg-4\"><a href=\"\/es\/contact\/\" class=\"cover_link\" title=\"Cont\u00e1ctenos\"><\/a><div class=\"bg-block\" style=\"background-image: url('https:\/\/www.kansascommerce.gov\/wp-content\/uploads\/2023\/07\/kdc_regular-copy.jpg');\"><\/div><h4>Cont\u00e1ctenos<\/h4><div class=\"wp-content\"><\/div><a href=\"\/es\/contact\/\" class=\"btn plain_btn\">Queremos conocer su opini\u00f3n<\/a><\/div>    \n\n                <div class=\"card-block simple col-12 col-md-6 col-lg-4\"><a href=\"\/es\/www.kansascommerce.gov\/news\/\" class=\"cover_link\" title=\"de empresas\"><\/a><div class=\"bg-block\" style=\"background-image: url('https:\/\/www.kansascommerce.gov\/wp-content\/uploads\/2023\/05\/NEWS-BANNER-4-1024x404.jpg');\"><\/div><h4>de empresas<\/h4><div class=\"wp-content\"><\/div><a href=\"\/es\/www.kansascommerce.gov\/news\/\" class=\"btn plain_btn\">KDC Noticias u0026 Comunicados de prensa<\/a><\/div>    \n\n    <\/div>\n    \n\n\n<div style=\"height:50px\" aria-hidden=\"true\" class=\"wp-block-spacer\"><\/div>","protected":false},"excerpt":{"rendered":"","protected":false},"author":28,"featured_media":54363,"parent":66,"menu_order":406,"comment_status":"closed","ping_status":"closed","template":"","meta":{"_acf_changed":false,"_eb_attr":"","_monsterinsights_skip_tracking":false,"_monsterinsights_sitenote_active":false,"_monsterinsights_sitenote_note":"","_monsterinsights_sitenote_category":0,"footnotes":""},"class_list":["post-54428","page","type-page","status-publish","has-post-thumbnail","hentry"],"acf":[],"yoast_head":"<!-- This site is optimized with the Yoast SEO Premium plugin v19.5 (Yoast SEO v27.1.1) - https:\/\/yoast.com\/product\/yoast-seo-premium-wordpress\/ -->\n<title>KAITC | Kansas Commerce Transparency Database - Kansas Department of Commerce<\/title>\n<meta name=\"description\" content=\"The state of Kansas Transparency Database is a searchable database that provides visibility into how the state manages its economic development incentive programs.\" \/>\n<meta name=\"robots\" content=\"index, follow, max-snippet:-1, max-image-preview:large, max-video-preview:-1\" \/>\n<link rel=\"canonical\" href=\"https:\/\/www.kansascommerce.gov\/es\/programs-services\/transparency-database-old\/kaitc-kansas-commerce-transparency-database\/\" \/>\n<meta property=\"og:locale\" content=\"es_ES\" \/>\n<meta property=\"og:type\" content=\"article\" \/>\n<meta property=\"og:title\" content=\"KAITC | Kansas Commerce Transparency Database\" \/>\n<meta property=\"og:description\" content=\"The state of Kansas Transparency Database is a searchable database that provides visibility into how the state manages its economic development incentive programs.\" \/>\n<meta property=\"og:url\" content=\"https:\/\/www.kansascommerce.gov\/es\/programs-services\/transparency-database-old\/kaitc-kansas-commerce-transparency-database\/\" \/>\n<meta property=\"og:site_name\" content=\"Kansas Department of Commerce\" \/>\n<meta property=\"article:publisher\" content=\"https:\/\/www.facebook.com\/KansasCommerce\/\" \/>\n<meta property=\"article:modified_time\" content=\"2023-07-31T13:33:25+00:00\" \/>\n<meta property=\"og:image\" content=\"https:\/\/www.kansascommerce.gov\/wp-content\/uploads\/2023\/07\/Transparency-Database-Preview-Image_1-copy.jpg\" \/>\n\t<meta property=\"og:image:width\" content=\"2400\" \/>\n\t<meta property=\"og:image:height\" content=\"1200\" \/>\n\t<meta property=\"og:image:type\" content=\"image\/jpeg\" \/>\n<meta name=\"twitter:card\" content=\"summary_large_image\" \/>\n<meta name=\"twitter:site\" content=\"@KansasCommerce\" \/>\n<meta name=\"twitter:label1\" content=\"Tiempo de lectura\" \/>\n\t<meta name=\"twitter:data1\" content=\"2 minutos\" \/>\n<script type=\"application\/ld+json\" class=\"yoast-schema-graph\">{\"@context\":\"https:\/\/schema.org\",\"@graph\":[{\"@type\":\"WebPage\",\"@id\":\"https:\/\/www.kansascommerce.gov\/programs-services\/transparency-database-old\/kaitc-kansas-commerce-transparency-database\/\",\"url\":\"https:\/\/www.kansascommerce.gov\/programs-services\/transparency-database-old\/kaitc-kansas-commerce-transparency-database\/\",\"name\":\"KAITC | Kansas Commerce Transparency Database - Kansas Department of Commerce\",\"isPartOf\":{\"@id\":\"https:\/\/www.kansascommerce.gov\/#website\"},\"primaryImageOfPage\":{\"@id\":\"https:\/\/www.kansascommerce.gov\/programs-services\/transparency-database-old\/kaitc-kansas-commerce-transparency-database\/#primaryimage\"},\"image\":{\"@id\":\"https:\/\/www.kansascommerce.gov\/programs-services\/transparency-database-old\/kaitc-kansas-commerce-transparency-database\/#primaryimage\"},\"thumbnailUrl\":\"https:\/\/www.kansascommerce.gov\/wp-content\/uploads\/2023\/07\/Transparency-Database-Preview-Image_1-copy.jpg\",\"datePublished\":\"2023-07-25T21:26:03+00:00\",\"dateModified\":\"2023-07-31T13:33:25+00:00\",\"description\":\"The state of Kansas Transparency Database is a searchable database that provides visibility into how the state manages its economic development incentive programs.\",\"breadcrumb\":{\"@id\":\"https:\/\/www.kansascommerce.gov\/programs-services\/transparency-database-old\/kaitc-kansas-commerce-transparency-database\/#breadcrumb\"},\"inLanguage\":\"es\",\"potentialAction\":[{\"@type\":\"ReadAction\",\"target\":[\"https:\/\/www.kansascommerce.gov\/programs-services\/transparency-database-old\/kaitc-kansas-commerce-transparency-database\/\"]}]},{\"@type\":\"ImageObject\",\"inLanguage\":\"es\",\"@id\":\"https:\/\/www.kansascommerce.gov\/programs-services\/transparency-database-old\/kaitc-kansas-commerce-transparency-database\/#primaryimage\",\"url\":\"https:\/\/www.kansascommerce.gov\/wp-content\/uploads\/2023\/07\/Transparency-Database-Preview-Image_1-copy.jpg\",\"contentUrl\":\"https:\/\/www.kansascommerce.gov\/wp-content\/uploads\/2023\/07\/Transparency-Database-Preview-Image_1-copy.jpg\",\"width\":2400,\"height\":1200,\"caption\":\"Transparency-Database-Preview-Image_1-copy.jpg\"},{\"@type\":\"BreadcrumbList\",\"@id\":\"https:\/\/www.kansascommerce.gov\/programs-services\/transparency-database-old\/kaitc-kansas-commerce-transparency-database\/#breadcrumb\",\"itemListElement\":[{\"@type\":\"ListItem\",\"position\":1,\"name\":\"Home\",\"item\":\"https:\/\/www.kansascommerce.gov\/\"},{\"@type\":\"ListItem\",\"position\":2,\"name\":\"Programs &#038; Services\",\"item\":\"https:\/\/www.kansascommerce.gov\/programs-services\/\"},{\"@type\":\"ListItem\",\"position\":3,\"name\":\"Transparency Database\",\"item\":\"https:\/\/www.kansascommerce.gov\/programs-services\/transparency-database\/\"},{\"@type\":\"ListItem\",\"position\":4,\"name\":\"KAITC | Kansas Commerce Transparency Database\"}]},{\"@type\":\"WebSite\",\"@id\":\"https:\/\/www.kansascommerce.gov\/#website\",\"url\":\"https:\/\/www.kansascommerce.gov\/\",\"name\":\"Kansas Department of Commerce\",\"description\":\"Empowering Prosperity\",\"publisher\":{\"@id\":\"https:\/\/www.kansascommerce.gov\/#organization\"},\"potentialAction\":[{\"@type\":\"SearchAction\",\"target\":{\"@type\":\"EntryPoint\",\"urlTemplate\":\"https:\/\/www.kansascommerce.gov\/?s={search_term_string}\"},\"query-input\":{\"@type\":\"PropertyValueSpecification\",\"valueRequired\":true,\"valueName\":\"search_term_string\"}}],\"inLanguage\":\"es\"},{\"@type\":\"Organization\",\"@id\":\"https:\/\/www.kansascommerce.gov\/#organization\",\"name\":\"Kansas Department of Commerce\",\"url\":\"https:\/\/www.kansascommerce.gov\/\",\"logo\":{\"@type\":\"ImageObject\",\"inLanguage\":\"es\",\"@id\":\"https:\/\/www.kansascommerce.gov\/#\/schema\/logo\/image\/\",\"url\":\"https:\/\/www.kansascommerce.gov\/wp-content\/uploads\/2020\/07\/kdc_logo.png\",\"contentUrl\":\"https:\/\/www.kansascommerce.gov\/wp-content\/uploads\/2020\/07\/kdc_logo.png\",\"width\":600,\"height\":347,\"caption\":\"Kansas Department of Commerce\"},\"image\":{\"@id\":\"https:\/\/www.kansascommerce.gov\/#\/schema\/logo\/image\/\"},\"sameAs\":[\"https:\/\/www.facebook.com\/KansasCommerce\/\",\"https:\/\/x.com\/KansasCommerce\",\"https:\/\/www.linkedin.com\/company\/kansas-department-of-commerce\/\"]}]}<\/script>\n<!-- \/ Yoast SEO Premium plugin. -->","yoast_head_json":{"title":"KAITC | Kansas Commerce Transparency Database - Kansas Department of Commerce","description":"The state of Kansas Transparency Database is a searchable database that provides visibility into how the state manages its economic development incentive programs.","robots":{"index":"index","follow":"follow","max-snippet":"max-snippet:-1","max-image-preview":"max-image-preview:large","max-video-preview":"max-video-preview:-1"},"canonical":"https:\/\/www.kansascommerce.gov\/es\/programs-services\/transparency-database-old\/kaitc-kansas-commerce-transparency-database\/","og_locale":"es_ES","og_type":"article","og_title":"KAITC | Kansas Commerce Transparency Database","og_description":"The state of Kansas Transparency Database is a searchable database that provides visibility into how the state manages its economic development incentive programs.","og_url":"https:\/\/www.kansascommerce.gov\/es\/programs-services\/transparency-database-old\/kaitc-kansas-commerce-transparency-database\/","og_site_name":"Kansas Department of Commerce","article_publisher":"https:\/\/www.facebook.com\/KansasCommerce\/","article_modified_time":"2023-07-31T13:33:25+00:00","og_image":[{"width":2400,"height":1200,"url":"https:\/\/www.kansascommerce.gov\/wp-content\/uploads\/2023\/07\/Transparency-Database-Preview-Image_1-copy.jpg","type":"image\/jpeg"}],"twitter_card":"summary_large_image","twitter_site":"@KansasCommerce","twitter_misc":{"Tiempo de lectura":"2 minutos"},"schema":{"@context":"https:\/\/schema.org","@graph":[{"@type":"WebPage","@id":"https:\/\/www.kansascommerce.gov\/programs-services\/transparency-database-old\/kaitc-kansas-commerce-transparency-database\/","url":"https:\/\/www.kansascommerce.gov\/programs-services\/transparency-database-old\/kaitc-kansas-commerce-transparency-database\/","name":"KAITC | Kansas Commerce Transparency Database - Kansas Department of Commerce","isPartOf":{"@id":"https:\/\/www.kansascommerce.gov\/#website"},"primaryImageOfPage":{"@id":"https:\/\/www.kansascommerce.gov\/programs-services\/transparency-database-old\/kaitc-kansas-commerce-transparency-database\/#primaryimage"},"image":{"@id":"https:\/\/www.kansascommerce.gov\/programs-services\/transparency-database-old\/kaitc-kansas-commerce-transparency-database\/#primaryimage"},"thumbnailUrl":"https:\/\/www.kansascommerce.gov\/wp-content\/uploads\/2023\/07\/Transparency-Database-Preview-Image_1-copy.jpg","datePublished":"2023-07-25T21:26:03+00:00","dateModified":"2023-07-31T13:33:25+00:00","description":"The state of Kansas Transparency Database is a searchable database that provides visibility into how the state manages its economic development incentive programs.","breadcrumb":{"@id":"https:\/\/www.kansascommerce.gov\/programs-services\/transparency-database-old\/kaitc-kansas-commerce-transparency-database\/#breadcrumb"},"inLanguage":"es","potentialAction":[{"@type":"ReadAction","target":["https:\/\/www.kansascommerce.gov\/programs-services\/transparency-database-old\/kaitc-kansas-commerce-transparency-database\/"]}]},{"@type":"ImageObject","inLanguage":"es","@id":"https:\/\/www.kansascommerce.gov\/programs-services\/transparency-database-old\/kaitc-kansas-commerce-transparency-database\/#primaryimage","url":"https:\/\/www.kansascommerce.gov\/wp-content\/uploads\/2023\/07\/Transparency-Database-Preview-Image_1-copy.jpg","contentUrl":"https:\/\/www.kansascommerce.gov\/wp-content\/uploads\/2023\/07\/Transparency-Database-Preview-Image_1-copy.jpg","width":2400,"height":1200,"caption":"Transparency-Database-Preview-Image_1-copy.jpg"},{"@type":"BreadcrumbList","@id":"https:\/\/www.kansascommerce.gov\/programs-services\/transparency-database-old\/kaitc-kansas-commerce-transparency-database\/#breadcrumb","itemListElement":[{"@type":"ListItem","position":1,"name":"Home","item":"https:\/\/www.kansascommerce.gov\/"},{"@type":"ListItem","position":2,"name":"Programs &#038; Services","item":"https:\/\/www.kansascommerce.gov\/programs-services\/"},{"@type":"ListItem","position":3,"name":"Transparency Database","item":"https:\/\/www.kansascommerce.gov\/programs-services\/transparency-database\/"},{"@type":"ListItem","position":4,"name":"KAITC | Kansas Commerce Transparency Database"}]},{"@type":"WebSite","@id":"https:\/\/www.kansascommerce.gov\/#website","url":"https:\/\/www.kansascommerce.gov\/","name":"Departamento de Comercio de Kansas","description":"Fomentar la prosperidad","publisher":{"@id":"https:\/\/www.kansascommerce.gov\/#organization"},"potentialAction":[{"@type":"SearchAction","target":{"@type":"EntryPoint","urlTemplate":"https:\/\/www.kansascommerce.gov\/?s={search_term_string}"},"query-input":{"@type":"PropertyValueSpecification","valueRequired":true,"valueName":"search_term_string"}}],"inLanguage":"es"},{"@type":"Organization","@id":"https:\/\/www.kansascommerce.gov\/#organization","name":"Departamento de Comercio de Kansas","url":"https:\/\/www.kansascommerce.gov\/","logo":{"@type":"ImageObject","inLanguage":"es","@id":"https:\/\/www.kansascommerce.gov\/#\/schema\/logo\/image\/","url":"https:\/\/www.kansascommerce.gov\/wp-content\/uploads\/2020\/07\/kdc_logo.png","contentUrl":"https:\/\/www.kansascommerce.gov\/wp-content\/uploads\/2020\/07\/kdc_logo.png","width":600,"height":347,"caption":"Kansas Department of Commerce"},"image":{"@id":"https:\/\/www.kansascommerce.gov\/#\/schema\/logo\/image\/"},"sameAs":["https:\/\/www.facebook.com\/KansasCommerce\/","https:\/\/x.com\/KansasCommerce","https:\/\/www.linkedin.com\/company\/kansas-department-of-commerce\/"]}]}},"publishpress_future_action":{"enabled":false,"date":"2026-05-07 03:12:16","action":"change-status","newStatus":"draft","terms":[],"taxonomy":"","extraData":[]},"publishpress_future_workflow_manual_trigger":{"enabledWorkflows":[]},"_links":{"self":[{"href":"https:\/\/www.kansascommerce.gov\/es\/wp-json\/wp\/v2\/pages\/54428","targetHints":{"allow":["GET"]}}],"collection":[{"href":"https:\/\/www.kansascommerce.gov\/es\/wp-json\/wp\/v2\/pages"}],"about":[{"href":"https:\/\/www.kansascommerce.gov\/es\/wp-json\/wp\/v2\/types\/page"}],"author":[{"embeddable":true,"href":"https:\/\/www.kansascommerce.gov\/es\/wp-json\/wp\/v2\/users\/28"}],"replies":[{"embeddable":true,"href":"https:\/\/www.kansascommerce.gov\/es\/wp-json\/wp\/v2\/comments?post=54428"}],"version-history":[{"count":0,"href":"https:\/\/www.kansascommerce.gov\/es\/wp-json\/wp\/v2\/pages\/54428\/revisions"}],"up":[{"embeddable":true,"href":"https:\/\/www.kansascommerce.gov\/es\/wp-json\/wp\/v2\/pages\/66"}],"wp:featuredmedia":[{"embeddable":true,"href":"https:\/\/www.kansascommerce.gov\/es\/wp-json\/wp\/v2\/media\/54363"}],"wp:attachment":[{"href":"https:\/\/www.kansascommerce.gov\/es\/wp-json\/wp\/v2\/media?parent=54428"}],"curies":[{"name":"wp","href":"https:\/\/api.w.org\/{rel}","templated":true}]}}