{"id":78,"date":"2020-07-01T17:08:18","date_gmt":"2020-07-01T17:08:18","guid":{"rendered":"https:\/\/kdc1000.wpengine.com\/?page_id=78"},"modified":"2024-08-23T13:38:16","modified_gmt":"2024-08-23T18:38:16","slug":"meet-the-team","status":"publish","type":"page","link":"https:\/\/www.kansascommerce.gov\/es\/meet-the-team\/","title":{"rendered":"Conozca al equipo"},"content":{"rendered":"<div class=\"hero-block hero-block--simple\" >\n\n        <div class=\"breadcrumb_wrapper\">\n                                                <a href=\"https:\/\/www.kansascommerce.gov\/es\/\">Inicio<\/a> \/\n                                                                <span>Conozca al equipo<\/span>\n                                    <\/div>\n\n        <div class=\"container h-100\">\n            <div class=\"row align-items-center h-100\">\n                <div class=\"col-12 content\">\n                    <div>\n\n<h1 class=\"wp-block-heading\" id=\"h-meet-the-team\">Conozca al equipo<\/h1>\n\n\n\n<p><\/p>\n\n<\/div>\n                <\/div>\n            <\/div>\n        <\/div>\n    <\/div>\n    \n\n    <div class=\"container\">            <div class=\"wrapper-block\" style=\"                                                                                                                                    \">\n        \n\n<div class=\"wp-block-columns is-layout-flex wp-container-core-columns-is-layout-9d6595d7 wp-block-columns-is-layout-flex\">\n<div class=\"wp-block-column is-layout-flow wp-block-column-is-layout-flow\" style=\"flex-basis:35%\">\n<figure class=\"wp-block-image size-large\"><img decoding=\"async\" src=\"https:\/\/www.kansascommerce.gov\/wp-content\/uploads\/2020\/08\/MicrosoftTeams-image-1-1-819x1024.jpg\" alt=\"Lieutenant Governor\/Secretary of Commerce David Toland\" class=\"wp-image-51167\"\/><\/figure>\n<\/div>\n\n\n\n<div class=\"wp-block-column is-vertically-aligned-center is-layout-flow wp-block-column-is-layout-flow\">\n<p>As\u00ed como creemos que es importante para nosotros saber qui\u00e9n es usted y c\u00f3mo enfoca su negocio, tambi\u00e9n creemos que es importante para usted saber qui\u00e9nes somos y c\u00f3mo enfocamos el nuestro. Aqu\u00ed conocer\u00e1 a los profesionales que trabajan para traer nuevos negocios a nuestro estado, hacer crecer los negocios existentes en Kansas y fomentar comunidades fuertes y vibrantes en Kansas.<\/p>\n\n\n\n<figure class=\"wp-block-image size-large\"><img decoding=\"async\" width=\"300\" height=\"64\" src=\"https:\/\/www.kansascommerce.gov\/wp-content\/uploads\/2020\/08\/Secretary-David-Toland-Electronic-Signature-300x64-1.png\" alt=\"\" class=\"wp-image-21841\"\/><\/figure>\n\n\n\n<h4 class=\"wp-block-heading\" id=\"h-david-toland\">David Toland<\/h4>\n\n\n\n<h5 class=\"wp-block-heading light\" id=\"h-lieutenant-governor-of-kansas\">Vicegobernador de Kansas<\/h5>\n\n\n\n<h5 class=\"wp-block-heading light\" id=\"h-secretary-of-commerce\">Secretario de Comercio<\/h5>\n\n\n\n<ul class=\"wp-block-social-links is-layout-flex wp-block-social-links-is-layout-flex\"><li class=\"wp-social-link wp-social-link-facebook  wp-block-social-link\"><a href=\"https:\/\/www.facebook.com\/LtGovDavidToland\" class=\"wp-block-social-link-anchor\"><svg width=\"24\" height=\"24\" viewbox=\"0 0 24 24\" version=\"1.1\" xmlns=\"http:\/\/www.w3.org\/2000\/svg\" aria-hidden=\"true\" focusable=\"false\"><path d=\"M12 2C6.5 2 2 6.5 2 12c0 5 3.7 9.1 8.4 9.9v-7H7.9V12h2.5V9.8c0-2.5 1.5-3.9 3.8-3.9 1.1 0 2.2.2 2.2.2v2.5h-1.3c-1.2 0-1.6.8-1.6 1.6V12h2.8l-.4 2.9h-2.3v7C18.3 21.1 22 17 22 12c0-5.5-4.5-10-10-10z\"><\/path><\/svg><span class=\"wp-block-social-link-label screen-reader-text\">Facebook<\/span><\/a><\/li>\n\n<li class=\"wp-social-link wp-social-link-twitter  wp-block-social-link\"><a href=\"https:\/\/twitter.com\/LtGovToland\" class=\"wp-block-social-link-anchor\"><svg width=\"24\" height=\"24\" viewbox=\"0 0 24 24\" version=\"1.1\" xmlns=\"http:\/\/www.w3.org\/2000\/svg\" aria-hidden=\"true\" focusable=\"false\"><path d=\"M22.23,5.924c-0.736,0.326-1.527,0.547-2.357,0.646c0.847-0.508,1.498-1.312,1.804-2.27 c-0.793,0.47-1.671,0.812-2.606,0.996C18.324,4.498,17.257,4,16.077,4c-2.266,0-4.103,1.837-4.103,4.103 c0,0.322,0.036,0.635,0.106,0.935C8.67,8.867,5.647,7.234,3.623,4.751C3.27,5.357,3.067,6.062,3.067,6.814 c0,1.424,0.724,2.679,1.825,3.415c-0.673-0.021-1.305-0.206-1.859-0.513c0,0.017,0,0.034,0,0.052c0,1.988,1.414,3.647,3.292,4.023 c-0.344,0.094-0.707,0.144-1.081,0.144c-0.264,0-0.521-0.026-0.772-0.074c0.522,1.63,2.038,2.816,3.833,2.85 c-1.404,1.1-3.174,1.756-5.096,1.756c-0.331,0-0.658-0.019-0.979-0.057c1.816,1.164,3.973,1.843,6.29,1.843 c7.547,0,11.675-6.252,11.675-11.675c0-0.178-0.004-0.355-0.012-0.531C20.985,7.47,21.68,6.747,22.23,5.924z\"><\/path><\/svg><span class=\"wp-block-social-link-label screen-reader-text\">Twitter<\/span><\/a><\/li>\n\n<li class=\"wp-social-link wp-social-link-linkedin  wp-block-social-link\"><a href=\"https:\/\/www.linkedin.com\/in\/david-toland-5560b39\/\" class=\"wp-block-social-link-anchor\"><svg width=\"24\" height=\"24\" viewbox=\"0 0 24 24\" version=\"1.1\" xmlns=\"http:\/\/www.w3.org\/2000\/svg\" aria-hidden=\"true\" focusable=\"false\"><path d=\"M19.7,3H4.3C3.582,3,3,3.582,3,4.3v15.4C3,20.418,3.582,21,4.3,21h15.4c0.718,0,1.3-0.582,1.3-1.3V4.3 C21,3.582,20.418,3,19.7,3z M8.339,18.338H5.667v-8.59h2.672V18.338z M7.004,8.574c-0.857,0-1.549-0.694-1.549-1.548 c0-0.855,0.691-1.548,1.549-1.548c0.854,0,1.547,0.694,1.547,1.548C8.551,7.881,7.858,8.574,7.004,8.574z M18.339,18.338h-2.669 v-4.177c0-0.996-0.017-2.278-1.387-2.278c-1.389,0-1.601,1.086-1.601,2.206v4.249h-2.667v-8.59h2.559v1.174h0.037 c0.356-0.675,1.227-1.387,2.526-1.387c2.703,0,3.203,1.779,3.203,4.092V18.338z\"><\/path><\/svg><span class=\"wp-block-social-link-label screen-reader-text\">LinkedIn<\/span><\/a><\/li><\/ul>\n<\/div>\n<\/div>\n\n\n        <div class=\"clearfix\"><\/div>\n    <\/div>\n    <\/div>\n\n    <div class=\"container\">            <div class=\"card-wrapper-block row\">\n                \n<a class=\"row-block simple d-flex justify-content-between col-12\"  href=\"https:\/\/www.kansascommerce.gov\/es\/staff-directory\/executive-leadership\/\">\n    <h5>Liderazgo ejecutivo<\/h5>\n    <i class=\"icon-angle_right\" aria-label=\"Ver Liderazgo Ejecutivo\"><\/i><\/a>\n\n<a class=\"row-block simple d-flex justify-content-between col-12\"  href=\"https:\/\/www.kansascommerce.gov\/es\/staff-directory\/leadership\/\">\n    <h5>Equipo directivo<\/h5>\n    <i class=\"icon-angle_right\" aria-label=\"Ver el equipo directivo\"><\/i><\/a>\n\n<a class=\"row-block simple d-flex justify-content-between col-12\"  href=\"https:\/\/www.kansascommerce.gov\/es\/staff-directory\/recruitment\/\">\n    <h5>Contrataci\u00f3n de empresas<\/h5>\n    <i class=\"icon-angle_right\" aria-label=\"Ver Contrataci\u00f3n de Empresas\"><\/i><\/a>\n\n<a class=\"row-block simple d-flex justify-content-between col-12\"  href=\"https:\/\/www.kansascommerce.gov\/es\/staff-directory\/community-development\/\">\n    <h5>Desarrollo comunitario<\/h5>\n    <i class=\"icon-angle_right\" aria-label=\"Ver Desarrollo comunitario\"><\/i><\/a>\n\n<a class=\"row-block simple d-flex justify-content-between col-12\"  href=\"https:\/\/www.kansascommerce.gov\/es\/staff-directory\/rpm\/\">\n    <h5>Desarrollo empresarial en el Estado<\/h5>\n    <i class=\"icon-angle_right\" aria-label=\"Ver Desarrollo Empresarial en el Estado\"><\/i><\/a>\n\n<a class=\"row-block simple d-flex justify-content-between col-12\"  href=\"https:\/\/www.kansascommerce.gov\/es\/staff-directory\/innovation\/\">\n    <h5>Innovaci\u00f3n<\/h5>\n    <i class=\"icon-angle_right\" aria-label=\"Ver Innovaci\u00f3n\"><\/i><\/a>\n\n<a class=\"row-block simple d-flex justify-content-between col-12\"  href=\"https:\/\/www.kansascommerce.gov\/es\/staff-directory\/international\/\">\n    <h5>Internacional<\/h5>\n    <i class=\"icon-angle_right\" aria-label=\"Ver Internacional\"><\/i><\/a>\n\n<a class=\"row-block simple d-flex justify-content-between col-12\"  href=\"https:\/\/www.kansascommerce.gov\/es\/staff-directory\/office-of-rural-prosperity\/\">\n    <h5>Oficina de Prosperidad Rural<\/h5>\n    <i class=\"icon-angle_right\" aria-label=\"Ver la Oficina de Prosperidad Rural\"><\/i><\/a>\n\n<a class=\"row-block simple d-flex justify-content-between col-12\"  href=\"https:\/\/www.kansascommerce.gov\/es\/staff-directory\/tourism\/\">\n    <h5>Turismo<\/h5>\n    <i class=\"icon-angle_right\" aria-label=\"Ver Turismo\"><\/i><\/a>\n\n<a class=\"row-block simple d-flex justify-content-between col-12\"  href=\"https:\/\/www.kansascommerce.gov\/es\/staff-directory\/commerce-legal\/\">\n    <h5>Legal<\/h5>\n    <i class=\"icon-angle_right\" aria-label=\"Ver Aviso Legal\"><\/i><\/a>\n\n<a class=\"row-block simple d-flex justify-content-between col-12\"  href=\"https:\/\/www.kansascommerce.gov\/es\/staff-directory\/commerce-operations\/\">\n    <h5>Operaciones<\/h5>\n    <i class=\"icon-angle_right\" aria-label=\"Ver Operaciones\"><\/i><\/a>\n\n<a class=\"row-block simple d-flex justify-content-between col-12\"  href=\"https:\/\/www.kansascommerce.gov\/es\/staff-directory\/marcomms\/\">\n    <h5>Marketing y Comunicaci\u00f3n<\/h5>\n    <i class=\"icon-angle_right\" aria-label=\"Ver Marketing y Comunicaci\u00f3n\"><\/i><\/a>\n\n<a class=\"row-block simple d-flex justify-content-between col-12\"  href=\"https:\/\/www.kansascommerce.gov\/es\/staff-directory\/staff-directory\/\">\n    <h5>Directorio del personal<\/h5>\n    <i class=\"icon-angle_right\" aria-label=\"Ver el directorio de personal\"><\/i><\/a>\n\n    <\/div>\n    <\/div>\n\n\n<p><\/p>","protected":false},"excerpt":{"rendered":"","protected":false},"author":20,"featured_media":0,"parent":0,"menu_order":439,"comment_status":"closed","ping_status":"closed","template":"","meta":{"_acf_changed":false,"_eb_attr":"","_monsterinsights_skip_tracking":false,"_monsterinsights_sitenote_active":false,"_monsterinsights_sitenote_note":"","_monsterinsights_sitenote_category":0,"footnotes":""},"class_list":["post-78","page","type-page","status-publish","hentry"],"acf":[],"yoast_head":"<!-- This site is optimized with the Yoast SEO Premium plugin v19.5 (Yoast SEO v27.1.1) - https:\/\/yoast.com\/product\/yoast-seo-premium-wordpress\/ -->\n<title>Meet the Team - Kansas Department of Commerce<\/title>\n<meta name=\"description\" content=\"Just as we believe it&#039;s important for us to know who you are and how youapproach your business, we also believe it&#039;s important for you to know who weare and how we approach ours. Meet the team at the Kansas Department of Commerce.\" \/>\n<meta name=\"robots\" content=\"index, follow, max-snippet:-1, max-image-preview:large, max-video-preview:-1\" \/>\n<link rel=\"canonical\" href=\"https:\/\/www.kansascommerce.gov\/es\/about__trashed\/meet-the-team\/\" \/>\n<meta property=\"og:locale\" content=\"es_ES\" \/>\n<meta property=\"og:type\" content=\"article\" \/>\n<meta property=\"og:title\" content=\"Meet the Team\" \/>\n<meta property=\"og:description\" content=\"Just as we believe it&#039;s important for us to know who you are and how youapproach your business, we also believe it&#039;s important for you to know who weare and how we approach ours. Meet the team at the Kansas Department of Commerce.\" \/>\n<meta property=\"og:url\" content=\"https:\/\/www.kansascommerce.gov\/es\/about__trashed\/meet-the-team\/\" \/>\n<meta property=\"og:site_name\" content=\"Kansas Department of Commerce\" \/>\n<meta property=\"article:publisher\" content=\"https:\/\/www.facebook.com\/KansasCommerce\/\" \/>\n<meta property=\"article:modified_time\" content=\"2024-08-23T18:38:16+00:00\" \/>\n<meta property=\"og:image\" content=\"https:\/\/www.kansascommerce.gov\/wp-content\/uploads\/2021\/07\/LG-Toland-Headshot_meet_Sq.jpg\" \/>\n\t<meta property=\"og:image:width\" content=\"597\" \/>\n\t<meta property=\"og:image:height\" content=\"597\" \/>\n\t<meta property=\"og:image:type\" content=\"image\/jpeg\" \/>\n<meta name=\"twitter:card\" content=\"summary_large_image\" \/>\n<meta name=\"twitter:site\" content=\"@KansasCommerce\" \/>\n<meta name=\"twitter:label1\" content=\"Tiempo de lectura\" \/>\n\t<meta name=\"twitter:data1\" content=\"1 minuto\" \/>\n<script type=\"application\/ld+json\" class=\"yoast-schema-graph\">{\"@context\":\"https:\/\/schema.org\",\"@graph\":[{\"@type\":\"WebPage\",\"@id\":\"https:\/\/www.kansascommerce.gov\/about__trashed\/meet-the-team\/\",\"url\":\"https:\/\/www.kansascommerce.gov\/about__trashed\/meet-the-team\/\",\"name\":\"Meet the Team - Kansas Department of Commerce\",\"isPartOf\":{\"@id\":\"https:\/\/www.kansascommerce.gov\/#website\"},\"primaryImageOfPage\":{\"@id\":\"https:\/\/www.kansascommerce.gov\/about__trashed\/meet-the-team\/#primaryimage\"},\"image\":{\"@id\":\"https:\/\/www.kansascommerce.gov\/about__trashed\/meet-the-team\/#primaryimage\"},\"thumbnailUrl\":\"https:\/\/www.kansascommerce.gov\/wp-content\/uploads\/2020\/08\/MicrosoftTeams-image-1-1-819x1024.jpg\",\"datePublished\":\"2020-07-01T17:08:18+00:00\",\"dateModified\":\"2024-08-23T18:38:16+00:00\",\"description\":\"Just as we believe it's important for us to know who you are and how youapproach your business, we also believe it's important for you to know who weare and how we approach ours. Meet the team at the Kansas Department of Commerce.\",\"breadcrumb\":{\"@id\":\"https:\/\/www.kansascommerce.gov\/about__trashed\/meet-the-team\/#breadcrumb\"},\"inLanguage\":\"es\",\"potentialAction\":[{\"@type\":\"ReadAction\",\"target\":[\"https:\/\/www.kansascommerce.gov\/about__trashed\/meet-the-team\/\"]}]},{\"@type\":\"ImageObject\",\"inLanguage\":\"es\",\"@id\":\"https:\/\/www.kansascommerce.gov\/about__trashed\/meet-the-team\/#primaryimage\",\"url\":\"https:\/\/www.kansascommerce.gov\/wp-content\/uploads\/2020\/08\/MicrosoftTeams-image-1-1-819x1024.jpg\",\"contentUrl\":\"https:\/\/www.kansascommerce.gov\/wp-content\/uploads\/2020\/08\/MicrosoftTeams-image-1-1-819x1024.jpg\"},{\"@type\":\"BreadcrumbList\",\"@id\":\"https:\/\/www.kansascommerce.gov\/about__trashed\/meet-the-team\/#breadcrumb\",\"itemListElement\":[{\"@type\":\"ListItem\",\"position\":1,\"name\":\"Home\",\"item\":\"https:\/\/www.kansascommerce.gov\/\"},{\"@type\":\"ListItem\",\"position\":2,\"name\":\"Meet the Team\"}]},{\"@type\":\"WebSite\",\"@id\":\"https:\/\/www.kansascommerce.gov\/#website\",\"url\":\"https:\/\/www.kansascommerce.gov\/\",\"name\":\"Kansas Department of Commerce\",\"description\":\"Empowering Prosperity\",\"publisher\":{\"@id\":\"https:\/\/www.kansascommerce.gov\/#organization\"},\"potentialAction\":[{\"@type\":\"SearchAction\",\"target\":{\"@type\":\"EntryPoint\",\"urlTemplate\":\"https:\/\/www.kansascommerce.gov\/?s={search_term_string}\"},\"query-input\":{\"@type\":\"PropertyValueSpecification\",\"valueRequired\":true,\"valueName\":\"search_term_string\"}}],\"inLanguage\":\"es\"},{\"@type\":\"Organization\",\"@id\":\"https:\/\/www.kansascommerce.gov\/#organization\",\"name\":\"Kansas Department of Commerce\",\"url\":\"https:\/\/www.kansascommerce.gov\/\",\"logo\":{\"@type\":\"ImageObject\",\"inLanguage\":\"es\",\"@id\":\"https:\/\/www.kansascommerce.gov\/#\/schema\/logo\/image\/\",\"url\":\"https:\/\/www.kansascommerce.gov\/wp-content\/uploads\/2020\/07\/kdc_logo.png\",\"contentUrl\":\"https:\/\/www.kansascommerce.gov\/wp-content\/uploads\/2020\/07\/kdc_logo.png\",\"width\":600,\"height\":347,\"caption\":\"Kansas Department of Commerce\"},\"image\":{\"@id\":\"https:\/\/www.kansascommerce.gov\/#\/schema\/logo\/image\/\"},\"sameAs\":[\"https:\/\/www.facebook.com\/KansasCommerce\/\",\"https:\/\/x.com\/KansasCommerce\",\"https:\/\/www.linkedin.com\/company\/kansas-department-of-commerce\/\"]}]}<\/script>\n<!-- \/ Yoast SEO Premium plugin. -->","yoast_head_json":{"title":"Meet the Team - Kansas Department of Commerce","description":"Just as we believe it's important for us to know who you are and how youapproach your business, we also believe it's important for you to know who weare and how we approach ours. Meet the team at the Kansas Department of Commerce.","robots":{"index":"index","follow":"follow","max-snippet":"max-snippet:-1","max-image-preview":"max-image-preview:large","max-video-preview":"max-video-preview:-1"},"canonical":"https:\/\/www.kansascommerce.gov\/es\/about__trashed\/meet-the-team\/","og_locale":"es_ES","og_type":"article","og_title":"Meet the Team","og_description":"Just as we believe it's important for us to know who you are and how youapproach your business, we also believe it's important for you to know who weare and how we approach ours. Meet the team at the Kansas Department of Commerce.","og_url":"https:\/\/www.kansascommerce.gov\/es\/about__trashed\/meet-the-team\/","og_site_name":"Kansas Department of Commerce","article_publisher":"https:\/\/www.facebook.com\/KansasCommerce\/","article_modified_time":"2024-08-23T18:38:16+00:00","og_image":[{"width":597,"height":597,"url":"https:\/\/www.kansascommerce.gov\/wp-content\/uploads\/2021\/07\/LG-Toland-Headshot_meet_Sq.jpg","type":"image\/jpeg"}],"twitter_card":"summary_large_image","twitter_site":"@KansasCommerce","twitter_misc":{"Tiempo de lectura":"1 minuto"},"schema":{"@context":"https:\/\/schema.org","@graph":[{"@type":"WebPage","@id":"https:\/\/www.kansascommerce.gov\/about__trashed\/meet-the-team\/","url":"https:\/\/www.kansascommerce.gov\/about__trashed\/meet-the-team\/","name":"Meet the Team - Kansas Department of Commerce","isPartOf":{"@id":"https:\/\/www.kansascommerce.gov\/#website"},"primaryImageOfPage":{"@id":"https:\/\/www.kansascommerce.gov\/about__trashed\/meet-the-team\/#primaryimage"},"image":{"@id":"https:\/\/www.kansascommerce.gov\/about__trashed\/meet-the-team\/#primaryimage"},"thumbnailUrl":"https:\/\/www.kansascommerce.gov\/wp-content\/uploads\/2020\/08\/MicrosoftTeams-image-1-1-819x1024.jpg","datePublished":"2020-07-01T17:08:18+00:00","dateModified":"2024-08-23T18:38:16+00:00","description":"Just as we believe it's important for us to know who you are and how youapproach your business, we also believe it's important for you to know who weare and how we approach ours. Meet the team at the Kansas Department of Commerce.","breadcrumb":{"@id":"https:\/\/www.kansascommerce.gov\/about__trashed\/meet-the-team\/#breadcrumb"},"inLanguage":"es","potentialAction":[{"@type":"ReadAction","target":["https:\/\/www.kansascommerce.gov\/about__trashed\/meet-the-team\/"]}]},{"@type":"ImageObject","inLanguage":"es","@id":"https:\/\/www.kansascommerce.gov\/about__trashed\/meet-the-team\/#primaryimage","url":"https:\/\/www.kansascommerce.gov\/wp-content\/uploads\/2020\/08\/MicrosoftTeams-image-1-1-819x1024.jpg","contentUrl":"https:\/\/www.kansascommerce.gov\/wp-content\/uploads\/2020\/08\/MicrosoftTeams-image-1-1-819x1024.jpg"},{"@type":"BreadcrumbList","@id":"https:\/\/www.kansascommerce.gov\/about__trashed\/meet-the-team\/#breadcrumb","itemListElement":[{"@type":"ListItem","position":1,"name":"Home","item":"https:\/\/www.kansascommerce.gov\/"},{"@type":"ListItem","position":2,"name":"Meet the Team"}]},{"@type":"WebSite","@id":"https:\/\/www.kansascommerce.gov\/#website","url":"https:\/\/www.kansascommerce.gov\/","name":"Departamento de Comercio de Kansas","description":"Fomentar la prosperidad","publisher":{"@id":"https:\/\/www.kansascommerce.gov\/#organization"},"potentialAction":[{"@type":"SearchAction","target":{"@type":"EntryPoint","urlTemplate":"https:\/\/www.kansascommerce.gov\/?s={search_term_string}"},"query-input":{"@type":"PropertyValueSpecification","valueRequired":true,"valueName":"search_term_string"}}],"inLanguage":"es"},{"@type":"Organization","@id":"https:\/\/www.kansascommerce.gov\/#organization","name":"Departamento de Comercio de Kansas","url":"https:\/\/www.kansascommerce.gov\/","logo":{"@type":"ImageObject","inLanguage":"es","@id":"https:\/\/www.kansascommerce.gov\/#\/schema\/logo\/image\/","url":"https:\/\/www.kansascommerce.gov\/wp-content\/uploads\/2020\/07\/kdc_logo.png","contentUrl":"https:\/\/www.kansascommerce.gov\/wp-content\/uploads\/2020\/07\/kdc_logo.png","width":600,"height":347,"caption":"Kansas Department of Commerce"},"image":{"@id":"https:\/\/www.kansascommerce.gov\/#\/schema\/logo\/image\/"},"sameAs":["https:\/\/www.facebook.com\/KansasCommerce\/","https:\/\/x.com\/KansasCommerce","https:\/\/www.linkedin.com\/company\/kansas-department-of-commerce\/"]}]}},"publishpress_future_action":{"enabled":false,"date":"2026-04-22 09:05:00","action":"change-status","newStatus":"draft","terms":[],"taxonomy":"","extraData":[]},"publishpress_future_workflow_manual_trigger":{"enabledWorkflows":[]},"_links":{"self":[{"href":"https:\/\/www.kansascommerce.gov\/es\/wp-json\/wp\/v2\/pages\/78","targetHints":{"allow":["GET"]}}],"collection":[{"href":"https:\/\/www.kansascommerce.gov\/es\/wp-json\/wp\/v2\/pages"}],"about":[{"href":"https:\/\/www.kansascommerce.gov\/es\/wp-json\/wp\/v2\/types\/page"}],"author":[{"embeddable":true,"href":"https:\/\/www.kansascommerce.gov\/es\/wp-json\/wp\/v2\/users\/20"}],"replies":[{"embeddable":true,"href":"https:\/\/www.kansascommerce.gov\/es\/wp-json\/wp\/v2\/comments?post=78"}],"version-history":[{"count":0,"href":"https:\/\/www.kansascommerce.gov\/es\/wp-json\/wp\/v2\/pages\/78\/revisions"}],"wp:attachment":[{"href":"https:\/\/www.kansascommerce.gov\/es\/wp-json\/wp\/v2\/media?parent=78"}],"curies":[{"name":"wp","href":"https:\/\/api.w.org\/{rel}","templated":true}]}}