{"id":98,"date":"2020-07-01T17:13:26","date_gmt":"2020-07-01T17:13:26","guid":{"rendered":"https:\/\/kdc1000.wpengine.com\/?page_id=98"},"modified":"2024-08-23T16:31:03","modified_gmt":"2024-08-23T21:31:03","slug":"contact-workforce","status":"publish","type":"page","link":"https:\/\/www.kansascommerce.gov\/es\/contact\/contact-workforce\/","title":{"rendered":"Centros de empleo"},"content":{"rendered":"<div class=\"hero-block hero-block--subpage\" >\n\n        <div class=\"breadcrumb_wrapper\">\n                                                <a href=\"https:\/\/www.kansascommerce.gov\/es\/\">Inicio<\/a> \/\n                                                                <a href=\"https:\/\/www.kansascommerce.gov\/es\/contact\/\">Cont\u00e1ctenos<\/a> \/\n                                                                <span>Centros de empleo<\/span>\n                                    <\/div>\n\n        <div class=\"hero-img\" style=\"                            background-image: url(https:\/\/www.kansascommerce.gov\/wp-content\/uploads\/2020\/08\/139-HERO.jpg);                                            \"><\/div>\n        <div class=\"container h-100\">\n            <div class=\"row align-items-center justify-content-center h-100\">\n                <div class=\"col-12 content\">\n                    <div>\n\n<h1 class=\"wp-block-heading\" id=\"h-kansasworks-workforce-centers\"><strong>NEGOCIOS<\/strong>Centros de empleo WORKS<\/h1>\n\n\n\n<h4 class=\"wp-block-heading light\" id=\"h-kansasworks-operates-local-workforce-centers-in-many-communities-across-kansas-contact-one-near-you-today-to-receive-employment-services-such-as-help-with-resume-creation-and-job-searches-skills-training-and-more\"><strong>NEGOCIOS<\/strong>WORKS gestiona centros de mano de obra locales en numerosas comunidades de Kansas. Ac\u00e9rcate hoy mismo a un centro cercano para acceder a servicios de empleo, como ayuda con el curr\u00edculum vitae, apoyo en la b\u00fasqueda de empleo, formaci\u00f3n en habilidades y mucho m\u00e1s.<\/h4>\n\n<\/div>\n                <\/div>\n            <\/div>\n        <\/div>\n            <\/div>\n    \n\n                <div class=\"split-block split-transparent\">\n        <div class=\"row flex-row-reverse\">\n\n            <div class=\"col-12 col-md-7 col-xl-5 text-box\">\n                <div class=\"h-100 d-flex align-items-center\">\n                    <div class=\"content\">\n                        <div class=\"divider\" style=\"background: #f1ad02;\"><\/div>\n                        \n\n<h3 class=\"wp-block-heading\" id=\"h-for-job-seekers\">Para solicitantes de empleo:<\/h3>\n\n\n\n<p>Los solicitantes de empleo pueden acudir a su <strong>NEGOCIOS<\/strong>WORKS Workforce Center, donde hay personal dedicado y servicios disponibles para ayudarles. El personal puede ayudarle a explorar ofertas de empleo, recibir consejos para la b\u00fasqueda de empleo, crear un curr\u00edculum vitae, participar en talleres, solicitar empleo y obtener ayuda con las entrevistas y la evaluaci\u00f3n de las ofertas de empleo.<\/p>\n\n\n\n<div class=\"wp-block-buttons is-layout-flex wp-block-buttons-is-layout-flex\">\n<div class=\"wp-block-button\"><a class=\"wp-block-button__link wp-element-button\" href=\"https:\/\/www.kansasworks.com\/contact\" target=\"_blank\" rel=\"https:\/\/www.kansasworks.com\/ada\/r\/contact noopener noreferrer\">Centro de mano de obra KANSASWORKS<\/a><\/div>\n<\/div>\n\n\n\n<p><\/p>\n\n\n                    <\/div>\n                <\/div>\n            <\/div>\n                                                                    <div class=\"col-12 col-md-5 col-xl-7 img-box\"\n                 style=\"background-image: url('https:\/\/www.kansascommerce.gov\/wp-content\/uploads\/2020\/08\/111915workforcecenter_mh1.jpg'); \"><\/div>\n\n        <\/div>\n    <\/div>\n    \n\n\n<div style=\"height:50px\" aria-hidden=\"true\" class=\"wp-block-spacer\"><\/div>\n\n\n                <div class=\"split-block split-transparent\">\n        <div class=\"row flex-row\">\n\n            <div class=\"col-12 col-md-7 col-xl-5 text-box\">\n                <div class=\"h-100 d-flex align-items-center\">\n                    <div class=\"content\">\n                        <div class=\"divider\" style=\"background: #00947b;\"><\/div>\n                        \n\n<h3 class=\"wp-block-heading\" id=\"h-for-employers\">Para los empresarios:<\/h3>\n\n\n\n<p><strong>NEGOCIOS<\/strong>WORKS tambi\u00e9n ofrece servicios de mano de obra para ayudar a los empleadores a atraer y retener a los empleados. El personal de los centros de mano de obra de KANSASWORKS de todo el estado puede ayudarle a reclutar, seleccionar y remitir a los mejores candidatos para sus puestos. Adem\u00e1s, el personal puede ayudar con ferias de empleo y mostrar las oportunidades disponibles en su empresa.<\/p>\n\n\n\n<div class=\"wp-block-buttons is-layout-flex wp-block-buttons-is-layout-flex\">\n<div class=\"wp-block-button\"><a class=\"wp-block-button__link wp-element-button\" href=\"https:\/\/www.kansasworks.com\/employer\" target=\"_blank\" rel=\"# noopener noreferrer\">Seguir leyendo<\/a><\/div>\n<\/div>\n\n\n\n<p><\/p>\n\n\n                    <\/div>\n                <\/div>\n            <\/div>\n                                                                    <div class=\"col-12 col-md-5 col-xl-7 img-box\"\n                 style=\"background-image: url('https:\/\/www.kansascommerce.gov\/wp-content\/uploads\/2020\/08\/139.2.jpg'); \"><\/div>\n\n        <\/div>\n    <\/div>\n    \n\n    <div class=\"container\">            <div class=\"banner_wrap relative btn_trigger\">\n        <a href=\"https:\/\/www.kansascommerce.gov\/es\/program\/workforce-services\/kansasworks-mobile-workforce-center\/\" class=\"cover_link\" title=\"Haga clic aqu\u00ed\"><\/a>\n        <div class=\"banner-cta-block  d-md-flex justify-content-between align-items-center\" style=\"background: #e95459; \">\n            <style>\n                                .banner-cta-block a.btn.plain_btn{color: !important;}\n                .banner-cta-block a.btn.plain_btn:hover {color: white !important;}\n                            <\/style>\n            <div class=\"content\">\n            \n\n<h4 class=\"wp-block-heading has-text-align-left\" id=\"h-book-the-kansasworks-mobile-workforce-center\">M\u00e1s informaci\u00f3n <strong>NEGOCIOS<\/strong>Centro m\u00f3vil de mano de obra WORKS<\/h4>\n\n\n\n<p><\/p>\n\n\n            <\/div>\n            <a\n                class=\"btn                                 plain_btn                                                 white_btn\"\n                                href=\"https:\/\/www.kansascommerce.gov\/es\/program\/workforce-services\/kansasworks-mobile-workforce-center\/\"\n                                title=\"Haga clic aqu\u00ed\"\n            >\n                                 \n\n                                            <\/a>\n        <\/div>\n    <\/div>\n    <\/div>\n\n\n<h3 class=\"wp-block-heading has-text-align-center\" id=\"h-contact-a-kansasworks-location-near-you\">P\u00f3ngase en contacto con <strong>NEGOCIOS<\/strong>WORKS cerca de usted<\/h3>\n\n\n    <div class=\"container\">            <div class=\"wrapper-block\" style=\"                                                                                                                                    \">\n        \n<div class=\"map_wrapper\" id=\"map_wrapper_25134\">\n<div class=\"map_box\" style=\"max-width:2200px\">\n<div class=\"map_aspect_ratio\" style=\"padding-top:56%\" data-padding-top=\"56%\" data-padding-top-mobile=\"0%\">\n<div class=\"map_container\">\n<div class=\"map_render map_loading\" id=\"map_25134\"><\/div>\n<\/div>\n<\/div>\n<\/div>\n<\/div>\n\n\n\n<p>Chanute<br><a href=\"https:\/\/www.kansasworks.com\/office_contacts\/8900\">KANSASWORKS Chanute<\/a><br>620-432-0358<\/p>\n\n\n\n<p>Colby<br><a href=\"https:\/\/www.kansasworks.com\/office_contacts\/4701\">KANSASWORKS Colby<\/a><br>785-462-2024<\/p>\n\n\n\n<p>Dodge City<br><a href=\"https:\/\/www.kansasworks.com\/office_contacts\/6301\">KANSASWORKS Dodge City<\/a><br>620-227-2149<\/p>\n\n\n\n<p>El Dorado<br><a href=\"https:\/\/www.kansasworks.com\/office_contacts\/7500\">Centro de mano de obra de Butler<\/a><br>316-321-2350<\/p>\n\n\n\n<p>Emporia<br><a href=\"https:\/\/www.kansasworks.com\/office_contacts\/3500\">KANSASWORKS Emporia<\/a><br>620-342-3355<\/p>\n\n\n\n<p>Fort Scott<br><a href=\"https:\/\/www.kansasworks.com\/office_contacts\/9200\">Centro de mano de obra de Fort Scott <\/a><br>620-951-3565<\/p>\n\n\n\n<p>Ciudad Jard\u00edn<br><a href=\"https:\/\/www.kansasworks.com\/office_contacts\/6600\">KANSASWORKS Garden City<\/a><br>620-276-2339<\/p>\n\n\n\n<p>Goodland<br><a href=\"https:\/\/www.kansasworks.com\/office_contacts\/9188\">KANSASWORKS Goodland<\/a><br>785-890-2422<\/p>\n\n\n\n<p>Great Bend<br><a href=\"https:\/\/www.kansasworks.com\/office_contacts\/6500\">KANSASWORKS Great Bend<\/a><br>620-793-5445<\/p>\n\n\n\n<p>Hays<br><a href=\"https:\/\/www.kansasworks.com\/office_contacts\/4500\">KANSASWORKS Hays<\/a><br>785-625-5654<\/p>\n\n\n\n<p>Hutchinson<br><a href=\"https:\/\/www.kansasworks.com\/office_contacts\/6101\">KANSASWORKS Hutchinson<\/a><br>620-665-3559<\/p>\n\n\n\n<p>Independencia<br><a href=\"https:\/\/www.kansasworks.com\/office_contacts\/8700\">KANSASWORKS Independencia<\/a><br>620-332-5904<\/p>\n\n\n\n<p>Iola<br><a href=\"https:\/\/www.kansasworks.com\/office_contacts\/9197\">KANSASWORKS Thrive Condado de Allen<\/a><br>913-937-9462<\/p>\n\n\n\n<p>Junction City<br><a href=\"https:\/\/www.kansasworks.com\/office_contacts\/3720\">Centro de mano de obra de Junction City<\/a><br>785-762-8870<\/p>\n\n\n\n<p>Kansas City<br><a href=\"https:\/\/www.kansasworks.com\/office_contacts\/1101\">Centro de mano de obra del condado de Wyandotte<\/a><br>913-279-2600<\/p>\n\n\n\n<p>Lawrence<br><a href=\"https:\/\/www.kansasworks.com\/office_contacts\/1500\">Centro de mano de obra de Lawrence<\/a><br>785-840-9675<\/p>\n\n\n\n<p>Leavenworth<br><a href=\"https:\/\/www.kansasworks.com\/office_contacts\/1700\">Centro de mano de obra del condado de Leavenworth<\/a><br>913-651-1800<\/p>\n\n\n\n<p>Leavenworth<br><a href=\"https:\/\/www.kansasworks.com\/office_contacts\/9160\">Leavenworth (Asistencia veterinaria)<\/a><br>913-946-1537<\/p>\n\n\n\n<p>Lenexa<br><a href=\"https:\/\/www.kansasworks.com\/office_contacts\/1400\">Centro de mano de obra del condado de Johnson<\/a><br>913-577-5900<\/p>\n\n\n\n<p>Liberal<br><a href=\"https:\/\/www.kansasworks.com\/office_contacts\/6400\">KANSASWORKS Liberal<\/a><br>620-417-1958<\/p>\n\n\n\n<p>Manhattan<br><a href=\"https:\/\/www.kansasworks.com\/office_contacts\/3701\">Centro de mano de obra de Manhattan<\/a><br>785-539-5691<\/p>\n\n\n\n<p>Manhattan<br><a href=\"https:\/\/www.kansasworks.com\/office_contacts\/9179\">Centro de veterinarios de Manhattan<\/a><br>785-350-4920<\/p>\n\n\n\n<p>Newton<br><a href=\"https:\/\/www.kansasworks.com\/office_contacts\/7300\">KANSASWORKS Newton<\/a><br>316-283-7000<\/p>\n\n\n\n<p>Pittsburg<br><a href=\"https:\/\/www.kansasworks.com\/office_contacts\/8101\">KANSASWORKS Pittsburg<\/a><br>620-231-4250<\/p>\n\n\n\n<p>Salina<br><a href=\"https:\/\/www.kansasworks.com\/office_contacts\/4101\">KANSASWORKS Salina<\/a><br>785-827-0385<\/p>\n\n\n\n<p>Topeka<br><a href=\"https:\/\/www.kansasworks.com\/office_contacts\/3101\">Centro de mano de obra de Topeka<\/a><br>785-235-5627<\/p>\n\n\n\n<p>Wellington<br><a href=\"https:\/\/www.kansasworks.com\/office_contacts\/9183\">Centro de mano de obra del condado de Sumner<\/a><br>620-326-2659<\/p>\n\n\n\n<p>Wichita<br><a href=\"https:\/\/www.kansasworks.com\/office_contacts\/7101\">Centro de mano de obra de Wichita<\/a><br>316-771-6800<\/p>\n\n\n        <div class=\"clearfix\"><\/div>\n    <\/div>\n    <\/div>\n\n\n<p><\/p>","protected":false},"excerpt":{"rendered":"<p>P\u00f3ngase en contacto con su centro KANSASWORKS m\u00e1s cercano<\/p>","protected":false},"author":20,"featured_media":0,"parent":25,"menu_order":473,"comment_status":"closed","ping_status":"closed","template":"","meta":{"_acf_changed":false,"_eb_attr":"","_monsterinsights_skip_tracking":false,"_monsterinsights_sitenote_active":false,"_monsterinsights_sitenote_note":"","_monsterinsights_sitenote_category":0,"footnotes":""},"class_list":["post-98","page","type-page","status-publish","hentry"],"acf":[],"yoast_head":"<!-- This site is optimized with the Yoast SEO Premium plugin v19.5 (Yoast SEO v27.1.1) - https:\/\/yoast.com\/product\/yoast-seo-premium-wordpress\/ -->\n<title>Workforce Centers - Kansas Department of Commerce<\/title>\n<meta name=\"description\" content=\"KANSASWORKS operates local Workforce Centers in many communities across Kansas. Contact one near you today to receive employment services such as help with resume creation and job searches, skills training and more.\" \/>\n<meta name=\"robots\" content=\"index, follow, max-snippet:-1, max-image-preview:large, max-video-preview:-1\" \/>\n<link rel=\"canonical\" href=\"https:\/\/www.kansascommerce.gov\/es\/contact\/contact-workforce\/\" \/>\n<meta property=\"og:locale\" content=\"es_ES\" \/>\n<meta property=\"og:type\" content=\"article\" \/>\n<meta property=\"og:title\" content=\"Workforce Centers\" \/>\n<meta property=\"og:description\" content=\"KANSASWORKS operates local Workforce Centers in many communities across Kansas. Contact one near you today to receive employment services such as help with resume creation and job searches, skills training and more.\" \/>\n<meta property=\"og:url\" content=\"https:\/\/www.kansascommerce.gov\/es\/contact\/contact-workforce\/\" \/>\n<meta property=\"og:site_name\" content=\"Kansas Department of Commerce\" \/>\n<meta property=\"article:publisher\" content=\"https:\/\/www.facebook.com\/KansasCommerce\/\" \/>\n<meta property=\"article:modified_time\" content=\"2024-08-23T21:31:03+00:00\" \/>\n<meta property=\"og:image\" content=\"https:\/\/www.kansascommerce.gov\/wp-content\/uploads\/2020\/09\/KDC_OG-MEta.jpg\" \/>\n\t<meta property=\"og:image:width\" content=\"1200\" \/>\n\t<meta property=\"og:image:height\" content=\"630\" \/>\n\t<meta property=\"og:image:type\" content=\"image\/jpeg\" \/>\n<meta name=\"twitter:card\" content=\"summary_large_image\" \/>\n<meta name=\"twitter:site\" content=\"@KansasCommerce\" \/>\n<meta name=\"twitter:label1\" content=\"Tiempo de lectura\" \/>\n\t<meta name=\"twitter:data1\" content=\"2 minutos\" \/>\n<script type=\"application\/ld+json\" class=\"yoast-schema-graph\">{\"@context\":\"https:\/\/schema.org\",\"@graph\":[{\"@type\":\"WebPage\",\"@id\":\"https:\/\/www.kansascommerce.gov\/contact\/contact-workforce\/\",\"url\":\"https:\/\/www.kansascommerce.gov\/contact\/contact-workforce\/\",\"name\":\"Workforce Centers - Kansas Department of Commerce\",\"isPartOf\":{\"@id\":\"https:\/\/www.kansascommerce.gov\/#website\"},\"datePublished\":\"2020-07-01T17:13:26+00:00\",\"dateModified\":\"2024-08-23T21:31:03+00:00\",\"description\":\"KANSASWORKS operates local Workforce Centers in many communities across Kansas. Contact one near you today to receive employment services such as help with resume creation and job searches, skills training and more.\",\"breadcrumb\":{\"@id\":\"https:\/\/www.kansascommerce.gov\/contact\/contact-workforce\/#breadcrumb\"},\"inLanguage\":\"es\",\"potentialAction\":[{\"@type\":\"ReadAction\",\"target\":[\"https:\/\/www.kansascommerce.gov\/contact\/contact-workforce\/\"]}]},{\"@type\":\"BreadcrumbList\",\"@id\":\"https:\/\/www.kansascommerce.gov\/contact\/contact-workforce\/#breadcrumb\",\"itemListElement\":[{\"@type\":\"ListItem\",\"position\":1,\"name\":\"Home\",\"item\":\"https:\/\/www.kansascommerce.gov\/\"},{\"@type\":\"ListItem\",\"position\":2,\"name\":\"Contact Us\",\"item\":\"https:\/\/www.kansascommerce.gov\/contact\/\"},{\"@type\":\"ListItem\",\"position\":3,\"name\":\"Workforce Centers\"}]},{\"@type\":\"WebSite\",\"@id\":\"https:\/\/www.kansascommerce.gov\/#website\",\"url\":\"https:\/\/www.kansascommerce.gov\/\",\"name\":\"Kansas Department of Commerce\",\"description\":\"Empowering Prosperity\",\"publisher\":{\"@id\":\"https:\/\/www.kansascommerce.gov\/#organization\"},\"potentialAction\":[{\"@type\":\"SearchAction\",\"target\":{\"@type\":\"EntryPoint\",\"urlTemplate\":\"https:\/\/www.kansascommerce.gov\/?s={search_term_string}\"},\"query-input\":{\"@type\":\"PropertyValueSpecification\",\"valueRequired\":true,\"valueName\":\"search_term_string\"}}],\"inLanguage\":\"es\"},{\"@type\":\"Organization\",\"@id\":\"https:\/\/www.kansascommerce.gov\/#organization\",\"name\":\"Kansas Department of Commerce\",\"url\":\"https:\/\/www.kansascommerce.gov\/\",\"logo\":{\"@type\":\"ImageObject\",\"inLanguage\":\"es\",\"@id\":\"https:\/\/www.kansascommerce.gov\/#\/schema\/logo\/image\/\",\"url\":\"https:\/\/www.kansascommerce.gov\/wp-content\/uploads\/2020\/07\/kdc_logo.png\",\"contentUrl\":\"https:\/\/www.kansascommerce.gov\/wp-content\/uploads\/2020\/07\/kdc_logo.png\",\"width\":600,\"height\":347,\"caption\":\"Kansas Department of Commerce\"},\"image\":{\"@id\":\"https:\/\/www.kansascommerce.gov\/#\/schema\/logo\/image\/\"},\"sameAs\":[\"https:\/\/www.facebook.com\/KansasCommerce\/\",\"https:\/\/x.com\/KansasCommerce\",\"https:\/\/www.linkedin.com\/company\/kansas-department-of-commerce\/\"]}]}<\/script>\n<!-- \/ Yoast SEO Premium plugin. -->","yoast_head_json":{"title":"Workforce Centers - Kansas Department of Commerce","description":"KANSASWORKS operates local Workforce Centers in many communities across Kansas. Contact one near you today to receive employment services such as help with resume creation and job searches, skills training and more.","robots":{"index":"index","follow":"follow","max-snippet":"max-snippet:-1","max-image-preview":"max-image-preview:large","max-video-preview":"max-video-preview:-1"},"canonical":"https:\/\/www.kansascommerce.gov\/es\/contact\/contact-workforce\/","og_locale":"es_ES","og_type":"article","og_title":"Workforce Centers","og_description":"KANSASWORKS operates local Workforce Centers in many communities across Kansas. Contact one near you today to receive employment services such as help with resume creation and job searches, skills training and more.","og_url":"https:\/\/www.kansascommerce.gov\/es\/contact\/contact-workforce\/","og_site_name":"Kansas Department of Commerce","article_publisher":"https:\/\/www.facebook.com\/KansasCommerce\/","article_modified_time":"2024-08-23T21:31:03+00:00","og_image":[{"width":1200,"height":630,"url":"https:\/\/www.kansascommerce.gov\/wp-content\/uploads\/2020\/09\/KDC_OG-MEta.jpg","type":"image\/jpeg"}],"twitter_card":"summary_large_image","twitter_site":"@KansasCommerce","twitter_misc":{"Tiempo de lectura":"2 minutos"},"schema":{"@context":"https:\/\/schema.org","@graph":[{"@type":"WebPage","@id":"https:\/\/www.kansascommerce.gov\/contact\/contact-workforce\/","url":"https:\/\/www.kansascommerce.gov\/contact\/contact-workforce\/","name":"Workforce Centers - Kansas Department of Commerce","isPartOf":{"@id":"https:\/\/www.kansascommerce.gov\/#website"},"datePublished":"2020-07-01T17:13:26+00:00","dateModified":"2024-08-23T21:31:03+00:00","description":"KANSASWORKS operates local Workforce Centers in many communities across Kansas. Contact one near you today to receive employment services such as help with resume creation and job searches, skills training and more.","breadcrumb":{"@id":"https:\/\/www.kansascommerce.gov\/contact\/contact-workforce\/#breadcrumb"},"inLanguage":"es","potentialAction":[{"@type":"ReadAction","target":["https:\/\/www.kansascommerce.gov\/contact\/contact-workforce\/"]}]},{"@type":"BreadcrumbList","@id":"https:\/\/www.kansascommerce.gov\/contact\/contact-workforce\/#breadcrumb","itemListElement":[{"@type":"ListItem","position":1,"name":"Home","item":"https:\/\/www.kansascommerce.gov\/"},{"@type":"ListItem","position":2,"name":"Contact Us","item":"https:\/\/www.kansascommerce.gov\/contact\/"},{"@type":"ListItem","position":3,"name":"Workforce Centers"}]},{"@type":"WebSite","@id":"https:\/\/www.kansascommerce.gov\/#website","url":"https:\/\/www.kansascommerce.gov\/","name":"Departamento de Comercio de Kansas","description":"Fomentar la prosperidad","publisher":{"@id":"https:\/\/www.kansascommerce.gov\/#organization"},"potentialAction":[{"@type":"SearchAction","target":{"@type":"EntryPoint","urlTemplate":"https:\/\/www.kansascommerce.gov\/?s={search_term_string}"},"query-input":{"@type":"PropertyValueSpecification","valueRequired":true,"valueName":"search_term_string"}}],"inLanguage":"es"},{"@type":"Organization","@id":"https:\/\/www.kansascommerce.gov\/#organization","name":"Departamento de Comercio de Kansas","url":"https:\/\/www.kansascommerce.gov\/","logo":{"@type":"ImageObject","inLanguage":"es","@id":"https:\/\/www.kansascommerce.gov\/#\/schema\/logo\/image\/","url":"https:\/\/www.kansascommerce.gov\/wp-content\/uploads\/2020\/07\/kdc_logo.png","contentUrl":"https:\/\/www.kansascommerce.gov\/wp-content\/uploads\/2020\/07\/kdc_logo.png","width":600,"height":347,"caption":"Kansas Department of Commerce"},"image":{"@id":"https:\/\/www.kansascommerce.gov\/#\/schema\/logo\/image\/"},"sameAs":["https:\/\/www.facebook.com\/KansasCommerce\/","https:\/\/x.com\/KansasCommerce","https:\/\/www.linkedin.com\/company\/kansas-department-of-commerce\/"]}]}},"publishpress_future_action":{"enabled":false,"date":"2026-05-04 06:52:47","action":"change-status","newStatus":"draft","terms":[],"taxonomy":"","extraData":[]},"publishpress_future_workflow_manual_trigger":{"enabledWorkflows":[]},"_links":{"self":[{"href":"https:\/\/www.kansascommerce.gov\/es\/wp-json\/wp\/v2\/pages\/98","targetHints":{"allow":["GET"]}}],"collection":[{"href":"https:\/\/www.kansascommerce.gov\/es\/wp-json\/wp\/v2\/pages"}],"about":[{"href":"https:\/\/www.kansascommerce.gov\/es\/wp-json\/wp\/v2\/types\/page"}],"author":[{"embeddable":true,"href":"https:\/\/www.kansascommerce.gov\/es\/wp-json\/wp\/v2\/users\/20"}],"replies":[{"embeddable":true,"href":"https:\/\/www.kansascommerce.gov\/es\/wp-json\/wp\/v2\/comments?post=98"}],"version-history":[{"count":0,"href":"https:\/\/www.kansascommerce.gov\/es\/wp-json\/wp\/v2\/pages\/98\/revisions"}],"up":[{"embeddable":true,"href":"https:\/\/www.kansascommerce.gov\/es\/wp-json\/wp\/v2\/pages\/25"}],"wp:attachment":[{"href":"https:\/\/www.kansascommerce.gov\/es\/wp-json\/wp\/v2\/media?parent=98"}],"curies":[{"name":"wp","href":"https:\/\/api.w.org\/{rel}","templated":true}]}}